{"id":4019,"date":"2022-11-11T18:17:09","date_gmt":"2022-11-11T18:17:09","guid":{"rendered":"https:\/\/winixeurope.eu\/product\/filter-r\/"},"modified":"2024-10-28T13:15:21","modified_gmt":"2024-10-28T13:15:21","slug":"winix-purificateur-dair-filtre-r","status":"publish","type":"product","link":"https:\/\/winixeurope.eu\/fr\/filtres\/winix-purificateur-dair-filtre-r\/","title":{"rendered":"Purificateur d\u2019air<br>WINIX Filtre R"},"content":{"rendered":"","protected":false},"excerpt":{"rendered":"<div class=\"vcex-wc-template-part vcex-wc-template-part--single-product__short-description vcex-module woocommerce\">\n<div class=\"woocommerce-product-details__short-description\">\n<p>Purificateur d\u2019air WINIX filtre R est un ensemble de filtres complet pour air purifier WINIX ZERO-N. Les filtres \u00e0 charbon rempla\u00e7ables de cet ensemble de filtres r\u00e9duisent les fortes odeurs int\u00e9rieures telles que les odeurs de cuisine, d\u2019animaux domestiques, de fum\u00e9e de cigarette et d\u2019autres compos\u00e9s organiques volatils. Le filtre HEPA de haute qualit\u00e9 filtre 99,999 % de toutes les particules de poussi\u00e8re et impuret\u00e9s (aussi petites que 0,1 microns), y compris les poussi\u00e8res fines, le pollen, les allergies, les spores de moisissures et les squames. WINIX Filtre R convient uniquement au air purifier WINIX ZERO-N.<\/p>\n<p><strong>Purificateur d\u2019air WINIX ZERO-N<\/strong> est un air purifier puissant qui purifie la qualit\u00e9 de votre air int\u00e9rieur \u00e0 99,999 %. WINIX ZERO-N convient \u00e0 toutes les pi\u00e8ces jusqu\u2019\u00e0 50 m\u00b2. Avec un puissant CADR (Clean Air Delivery Rate) de 250 m\u00b3 par heure, ce purificateur d\u2019air HEPA vous aide \u00e0 purifier votre salon, votre chambre ou votre bureau du pollen, des acariens, des particules (PM2,5), des poils d\u2019animaux et des spores de moisissures. , les odeurs domestiques (COV) et la fum\u00e9e de cigarette!<\/p>\n<\/div>\n<\/div>\n","protected":false},"featured_media":16291,"template":"","meta":{"inline_featured_image":false},"product_brand":[],"product_cat":[73],"product_tag":[],"class_list":{"0":"post-4019","1":"product","2":"type-product","3":"status-publish","4":"has-post-thumbnail","6":"product_cat-filtres","7":"pa_oppverlakte-max-10m2-fr","8":"pa_oppverlakte-max-50m2-fr","9":"entry","10":"has-media","12":"first","13":"instock","14":"taxable","15":"shipping-taxable","16":"purchasable","17":"product-type-simple"},"jetpack_sharing_enabled":true,"_links":{"self":[{"href":"https:\/\/winixeurope.eu\/fr\/wp-json\/wp\/v2\/product\/4019","targetHints":{"allow":["GET"]}}],"collection":[{"href":"https:\/\/winixeurope.eu\/fr\/wp-json\/wp\/v2\/product"}],"about":[{"href":"https:\/\/winixeurope.eu\/fr\/wp-json\/wp\/v2\/types\/product"}],"wp:featuredmedia":[{"embeddable":true,"href":"https:\/\/winixeurope.eu\/fr\/wp-json\/wp\/v2\/media\/16291"}],"wp:attachment":[{"href":"https:\/\/winixeurope.eu\/fr\/wp-json\/wp\/v2\/media?parent=4019"}],"wp:term":[{"taxonomy":"product_brand","embeddable":true,"href":"https:\/\/winixeurope.eu\/fr\/wp-json\/wp\/v2\/product_brand?post=4019"},{"taxonomy":"product_cat","embeddable":true,"href":"https:\/\/winixeurope.eu\/fr\/wp-json\/wp\/v2\/product_cat?post=4019"},{"taxonomy":"product_tag","embeddable":true,"href":"https:\/\/winixeurope.eu\/fr\/wp-json\/wp\/v2\/product_tag?post=4019"}],"curies":[{"name":"wp","href":"https:\/\/api.w.org\/{rel}","templated":true}]}}