{"id":4015,"date":"2022-11-11T18:18:06","date_gmt":"2022-11-11T18:18:06","guid":{"rendered":"https:\/\/winixeurope.eu\/product\/filter-c\/"},"modified":"2024-10-28T13:15:57","modified_gmt":"2024-10-28T13:15:57","slug":"winix-purificateur-dair-filtre-c","status":"publish","type":"product","link":"https:\/\/winixeurope.eu\/fr\/filtres\/winix-purificateur-dair-filtre-c\/","title":{"rendered":"Purificateur d\u2019air<br>WINIX Filtre C"},"content":{"rendered":"","protected":false},"excerpt":{"rendered":"<p><span class=\"HwtZe\" lang=\"fr\">Purificateur d\u2019air WINIX filtre C est un ensemble de filtres complet pour air purifier WACP150. Les filtres \u00e0 charbon rempla\u00e7ables de cet ensemble de filtres r\u00e9duisent les fortes odeurs int\u00e9rieures telles que les odeurs de cuisine, d\u2019animaux domestiques, de fum\u00e9e de cigarette et d\u2019autres compos\u00e9s organiques volatils. Le filtre HEPA de haute qualit\u00e9 filtre 99,999 % de toutes les particules de poussi\u00e8re et impuret\u00e9s (aussi petites que 0,1 microns), y compris les poussi\u00e8res fines, le pollen, les allergies, les spores de moisissures et les squames. WINIX Filtre C convient uniquement au air purifier WINIX WAC150..<br \/>\n<\/span><\/p>\n<p><span class=\"HwtZe\" lang=\"fr\"><span class=\"jCAhz ChMk0b\"><span class=\"ryNqvb\"><strong>Purificateur d\u2019air WINIX WACP150<\/strong> est un air purifier puissant qui purifie la qualit\u00e9 de votre air int\u00e9rieur \u00e0 99,99 %. WINIX P150 convient \u00e0 toutes les pi\u00e8ces jusqu\u2019\u00e0 45 m\u00b2. WINIX WACP150 vous aide \u00e0 purifier votre salon, votre chambre ou votre bureau du pollen, des acariens, des particules (PM2,5), des poils d\u2019animaux et des spores de moisissures. , les odeurs domestiques (COV) et la fum\u00e9e de cigarette!<\/span><\/span><\/span><\/p>\n","protected":false},"featured_media":16286,"template":"","meta":{"inline_featured_image":false},"product_brand":[],"product_cat":[73],"product_tag":[],"class_list":{"0":"post-4015","1":"product","2":"type-product","3":"status-publish","4":"has-post-thumbnail","6":"product_cat-filtres","7":"pa_oppverlakte-max-10m2-fr","8":"pa_oppverlakte-max-50m2-fr","9":"entry","10":"has-media","12":"first","13":"instock","14":"taxable","15":"shipping-taxable","16":"purchasable","17":"product-type-simple"},"jetpack_sharing_enabled":true,"_links":{"self":[{"href":"https:\/\/winixeurope.eu\/fr\/wp-json\/wp\/v2\/product\/4015","targetHints":{"allow":["GET"]}}],"collection":[{"href":"https:\/\/winixeurope.eu\/fr\/wp-json\/wp\/v2\/product"}],"about":[{"href":"https:\/\/winixeurope.eu\/fr\/wp-json\/wp\/v2\/types\/product"}],"wp:featuredmedia":[{"embeddable":true,"href":"https:\/\/winixeurope.eu\/fr\/wp-json\/wp\/v2\/media\/16286"}],"wp:attachment":[{"href":"https:\/\/winixeurope.eu\/fr\/wp-json\/wp\/v2\/media?parent=4015"}],"wp:term":[{"taxonomy":"product_brand","embeddable":true,"href":"https:\/\/winixeurope.eu\/fr\/wp-json\/wp\/v2\/product_brand?post=4015"},{"taxonomy":"product_cat","embeddable":true,"href":"https:\/\/winixeurope.eu\/fr\/wp-json\/wp\/v2\/product_cat?post=4015"},{"taxonomy":"product_tag","embeddable":true,"href":"https:\/\/winixeurope.eu\/fr\/wp-json\/wp\/v2\/product_tag?post=4015"}],"curies":[{"name":"wp","href":"https:\/\/api.w.org\/{rel}","templated":true}]}}