{"id":4012,"date":"2022-11-11T18:15:17","date_gmt":"2022-11-11T18:15:17","guid":{"rendered":"https:\/\/winixeurope.eu\/product\/filter-f\/"},"modified":"2025-05-21T08:48:12","modified_gmt":"2025-05-21T08:48:12","slug":"winix-purificateur-dair-filtre-f","status":"publish","type":"product","link":"https:\/\/winixeurope.eu\/fr\/filtres\/winix-purificateur-dair-filtre-f\/","title":{"rendered":"Purificateur d\u2019air<br>WINIX Filtre F"},"content":{"rendered":"","protected":false},"excerpt":{"rendered":"<div class=\"vcex-wc-template-part vcex-wc-template-part--single-product__short-description vcex-module woocommerce\">\n<div class=\"woocommerce-product-details__short-description\">\n<p><span class=\"HwtZe\" lang=\"fr\"><span class=\"jCAhz ChMk0b\"><span class=\"ryNqvb\">Purificateur d\u2019air WINIX Filter F est un ensemble complet de filtres tout-en-un pour le air purifier WINIX WACU450.<\/span><\/span>\u00a0<span class=\"jCAhz ChMk0b\"><span class=\"ryNqvb\">Cet ensemble de filtres se compose d\u2019une cassette compl\u00e8te avec un pr\u00e9-filtre lavable, un filtre HEPA de haute qualit\u00e9 et un filtre \u00e0 charbon actif lavable.<\/span><\/span>\u00a0<span class=\"jCAhz ChMk0b\"><span class=\"ryNqvb\">Le pr\u00e9-filtre capture les plus grosses particules de poussi\u00e8re, les peluches et les poils d\u2019animaux afin que les autres filtres durent plus longtemps.<\/span><\/span><\/span><\/p>\n<p><span class=\"HwtZe\" lang=\"fr\"><span class=\"jCAhz ChMk0b\"><span class=\"ryNqvb\">Le filtre \u00e0 charbon actif r\u00e9duit les odeurs domestiques et les fortes odeurs int\u00e9rieures telles que les odeurs de cuisine, d\u2019animaux, de fum\u00e9e de cigarette et d\u2019autres compos\u00e9s organiques volatils.<\/span><\/span>\u00a0<span class=\"jCAhz ChMk0b\"><span class=\"ryNqvb\">Le filtre True HEPA nettoie 99,97 % de toutes les particules de poussi\u00e8re et impuret\u00e9s (aussi petites que 0,3 microns) pr\u00e9sentes dans l\u2019air, telles que les particules, le pollen, les allergies, les bact\u00e9ries et les spores de moisissures!<\/span><\/span><br \/>\n<\/span><\/p>\n<p><span class=\"HwtZe\" lang=\"fr\"><span class=\"jCAhz ChMk0b\"><span class=\"ryNqvb\">WINIX\u00a0<\/span><\/span><span class=\"jCAhz ChMk0b\"><span class=\"ryNqvb\">filtre F convient uniquement au purificateur d\u2019air WINIX WAC450.<\/span><\/span><\/span><\/p>\n<\/div>\n<\/div>\n","protected":false},"featured_media":29321,"template":"","meta":{"inline_featured_image":false},"product_brand":[],"product_cat":[73],"product_tag":[],"class_list":{"0":"post-4012","1":"product","2":"type-product","3":"status-publish","4":"has-post-thumbnail","6":"product_cat-filtres","7":"pa_oppverlakte-max-10m2-fr","8":"pa_oppverlakte-max-50m2-fr","9":"entry","10":"has-media","12":"first","13":"instock","14":"sale","15":"taxable","16":"shipping-taxable","17":"purchasable","18":"product-type-simple"},"jetpack_sharing_enabled":true,"_links":{"self":[{"href":"https:\/\/winixeurope.eu\/fr\/wp-json\/wp\/v2\/product\/4012","targetHints":{"allow":["GET"]}}],"collection":[{"href":"https:\/\/winixeurope.eu\/fr\/wp-json\/wp\/v2\/product"}],"about":[{"href":"https:\/\/winixeurope.eu\/fr\/wp-json\/wp\/v2\/types\/product"}],"wp:featuredmedia":[{"embeddable":true,"href":"https:\/\/winixeurope.eu\/fr\/wp-json\/wp\/v2\/media\/29321"}],"wp:attachment":[{"href":"https:\/\/winixeurope.eu\/fr\/wp-json\/wp\/v2\/media?parent=4012"}],"wp:term":[{"taxonomy":"product_brand","embeddable":true,"href":"https:\/\/winixeurope.eu\/fr\/wp-json\/wp\/v2\/product_brand?post=4012"},{"taxonomy":"product_cat","embeddable":true,"href":"https:\/\/winixeurope.eu\/fr\/wp-json\/wp\/v2\/product_cat?post=4012"},{"taxonomy":"product_tag","embeddable":true,"href":"https:\/\/winixeurope.eu\/fr\/wp-json\/wp\/v2\/product_tag?post=4012"}],"curies":[{"name":"wp","href":"https:\/\/api.w.org\/{rel}","templated":true}]}}