{"id":4007,"date":"2022-11-11T18:12:08","date_gmt":"2022-11-11T18:12:08","guid":{"rendered":"https:\/\/winixeurope.eu\/product\/filter-b\/"},"modified":"2025-05-21T08:45:25","modified_gmt":"2025-05-21T08:45:25","slug":"winix-purificateur-dair-filtre-b","status":"publish","type":"product","link":"https:\/\/winixeurope.eu\/fr\/filtres\/winix-purificateur-dair-filtre-b\/","title":{"rendered":"Purificateur d\u2019air<br>WINIX Filtre B"},"content":{"rendered":"","protected":false},"excerpt":{"rendered":"<p><span class=\"HwtZe\" lang=\"fr\"><span class=\"jCAhz ChMk0b\"><span class=\"ryNqvb\">Purificateur d&#8217;air WINIX Filter B est un ensemble complet de filtres tout-en-un pour le air purifier WINIX WACU300.<\/span><\/span> <span class=\"jCAhz ChMk0b\"><span class=\"ryNqvb\">Cet ensemble de filtres se compose d&#8217;une cassette compl\u00e8te avec un pr\u00e9-filtre lavable, un filtre HEPA de haute qualit\u00e9 et un filtre \u00e0 charbon actif lavable.<\/span><\/span> <span class=\"jCAhz ChMk0b\"><span class=\"ryNqvb\">Le pr\u00e9-filtre capture les plus grosses particules de poussi\u00e8re, les peluches et les poils d&#8217;animaux afin que les autres filtres durent plus longtemps. <\/span><\/span><\/span><\/p>\n<p><span class=\"HwtZe\" lang=\"fr\"> <span class=\"jCAhz ChMk0b\"><span class=\"ryNqvb\">Le filtre \u00e0 charbon actif r\u00e9duit les odeurs domestiques et les fortes odeurs int\u00e9rieures telles que les odeurs de cuisine, d&#8217;animaux, de fum\u00e9e de cigarette et d&#8217;autres compos\u00e9s organiques volatils.<\/span><\/span> <span class=\"jCAhz ChMk0b\"><span class=\"ryNqvb\">Le filtre True HEPA nettoie 99,97 % de toutes les particules de poussi\u00e8re et impuret\u00e9s (aussi petites que 0,3 microns) pr\u00e9sentes dans l&#8217;air, telles que les particules, le pollen, les allergies, les bact\u00e9ries et les spores de moisissures!<\/span><\/span><br \/>\n<\/span><\/p>\n<p><span class=\"HwtZe\" lang=\"fr\"><span class=\"jCAhz ChMk0b\"><span class=\"ryNqvb\">WINIX <\/span><\/span><span class=\"jCAhz ChMk0b\"><span class=\"ryNqvb\">filtre B convient uniquement au purificateur d&#8217;air WINIX WACU300.<\/span><\/span><\/span><\/p>\n","protected":false},"featured_media":29341,"template":"","meta":{"inline_featured_image":false},"product_brand":[],"product_cat":[73],"product_tag":[],"class_list":{"0":"post-4007","1":"product","2":"type-product","3":"status-publish","4":"has-post-thumbnail","6":"product_cat-filtres","7":"pa_oppverlakte-max-10m2-fr","8":"pa_oppverlakte-max-50m2-fr","9":"entry","10":"has-media","12":"first","13":"instock","14":"sale","15":"taxable","16":"shipping-taxable","17":"purchasable","18":"product-type-simple"},"jetpack_sharing_enabled":true,"_links":{"self":[{"href":"https:\/\/winixeurope.eu\/fr\/wp-json\/wp\/v2\/product\/4007","targetHints":{"allow":["GET"]}}],"collection":[{"href":"https:\/\/winixeurope.eu\/fr\/wp-json\/wp\/v2\/product"}],"about":[{"href":"https:\/\/winixeurope.eu\/fr\/wp-json\/wp\/v2\/types\/product"}],"wp:featuredmedia":[{"embeddable":true,"href":"https:\/\/winixeurope.eu\/fr\/wp-json\/wp\/v2\/media\/29341"}],"wp:attachment":[{"href":"https:\/\/winixeurope.eu\/fr\/wp-json\/wp\/v2\/media?parent=4007"}],"wp:term":[{"taxonomy":"product_brand","embeddable":true,"href":"https:\/\/winixeurope.eu\/fr\/wp-json\/wp\/v2\/product_brand?post=4007"},{"taxonomy":"product_cat","embeddable":true,"href":"https:\/\/winixeurope.eu\/fr\/wp-json\/wp\/v2\/product_cat?post=4007"},{"taxonomy":"product_tag","embeddable":true,"href":"https:\/\/winixeurope.eu\/fr\/wp-json\/wp\/v2\/product_tag?post=4007"}],"curies":[{"name":"wp","href":"https:\/\/api.w.org\/{rel}","templated":true}]}}