{"id":4005,"date":"2022-11-11T18:19:17","date_gmt":"2022-11-11T18:19:17","guid":{"rendered":"https:\/\/winixeurope.eu\/product\/filter-n\/"},"modified":"2024-10-28T13:14:45","modified_gmt":"2024-10-28T13:14:45","slug":"winix-purificateur-dair-filtre-n","status":"publish","type":"product","link":"https:\/\/winixeurope.eu\/fr\/filtres\/winix-purificateur-dair-filtre-n\/","title":{"rendered":"Purificateur d\u2019air<br>WINIX Filtre N"},"content":{"rendered":"","protected":false},"excerpt":{"rendered":"<p>Purificateur d&#8217;air WINIX Filtre N est un filtre combin\u00e9 3 en 1 pour le WINIX TOWER QS, TOWER Q, NK300 et NK305. Le pr\u00e9-filtre capture les plus grosses particules de poussi\u00e8re, le filtre HEPA purifie 99,97 % des plus petites particules de poussi\u00e8re et impuret\u00e9s pr\u00e9sentes dans l&#8217;air (aussi petites que 0,3 microns), notamment le pollen, les spores de moisissures, les squames et poils d&#8217;animaux, les allerg\u00e8nes. Le filtre \u00e0 charbon de d\u00e9sodorisation enduit utilise une couche protectrice pour r\u00e9duire les odeurs fortes dans l&#8217;environnement telles que les odeurs domestiques provenant de la cuisine, les odeurs d&#8217;animaux et la fum\u00e9e de cigarette|<\/p>\n<p><span class=\"HwtZe\" lang=\"fr\"><span class=\"jCAhz ChMk0b\"><span class=\"ryNqvb\">Purificateur d&#8217;air WINIX Filtre N du convient uniquement aux Air Purifiers WINIX TOWER QS, WINIX TOWER Q, WINIX NK300 et WINIX NK305.<\/span><\/span><\/span><\/p>\n","protected":false},"featured_media":16276,"template":"","meta":{"inline_featured_image":false},"product_brand":[],"product_cat":[73],"product_tag":[],"class_list":{"0":"post-4005","1":"product","2":"type-product","3":"status-publish","4":"has-post-thumbnail","6":"product_cat-filtres","7":"pa_oppverlakte-max-10m2-fr","8":"pa_oppverlakte-max-50m2-fr","9":"entry","10":"has-media","12":"first","13":"instock","14":"taxable","15":"shipping-taxable","16":"purchasable","17":"product-type-simple"},"jetpack_sharing_enabled":true,"_links":{"self":[{"href":"https:\/\/winixeurope.eu\/fr\/wp-json\/wp\/v2\/product\/4005","targetHints":{"allow":["GET"]}}],"collection":[{"href":"https:\/\/winixeurope.eu\/fr\/wp-json\/wp\/v2\/product"}],"about":[{"href":"https:\/\/winixeurope.eu\/fr\/wp-json\/wp\/v2\/types\/product"}],"wp:featuredmedia":[{"embeddable":true,"href":"https:\/\/winixeurope.eu\/fr\/wp-json\/wp\/v2\/media\/16276"}],"wp:attachment":[{"href":"https:\/\/winixeurope.eu\/fr\/wp-json\/wp\/v2\/media?parent=4005"}],"wp:term":[{"taxonomy":"product_brand","embeddable":true,"href":"https:\/\/winixeurope.eu\/fr\/wp-json\/wp\/v2\/product_brand?post=4005"},{"taxonomy":"product_cat","embeddable":true,"href":"https:\/\/winixeurope.eu\/fr\/wp-json\/wp\/v2\/product_cat?post=4005"},{"taxonomy":"product_tag","embeddable":true,"href":"https:\/\/winixeurope.eu\/fr\/wp-json\/wp\/v2\/product_tag?post=4005"}],"curies":[{"name":"wp","href":"https:\/\/api.w.org\/{rel}","templated":true}]}}