{"id":4003,"date":"2022-11-11T18:09:35","date_gmt":"2022-11-11T18:09:35","guid":{"rendered":"https:\/\/winixeurope.eu\/product\/filter-t\/"},"modified":"2025-03-07T11:51:16","modified_gmt":"2025-03-07T11:51:16","slug":"winix-purificateur-dair-filtre-t","status":"publish","type":"product","link":"https:\/\/winixeurope.eu\/fr\/filtres\/winix-purificateur-dair-filtre-t\/","title":{"rendered":"Purificateur d\u2019air<br>WINIX Filtre T"},"content":{"rendered":"","protected":false},"excerpt":{"rendered":"<p>Purificateur d&#8217;air WINIX filter T est un ensemble complet de filtres pour le air purifier <strong><a href=\"https:\/\/winixeurope.eu\/fr\/purificateur-dair\/winix-purificateur-dair-zero-pro\/\">WINIX ZERO Pro<\/a><\/strong>. Le paquet contient un filtre \u00e0 charbon actif et un filtre HEPA. Le filtre \u00e0 charbon actif r\u00e9duit les odeurs domestiques et les fortes odeurs int\u00e9rieures telles que les odeurs de cuisine, d&#8217;animaux, de fum\u00e9e de cigarette et d&#8217;autres compos\u00e9s organiques volatils. Le filtre H13 HEPA nettoie 99,999 % de toutes les particules de poussi\u00e8re et impuret\u00e9s (aussi petites que 0,1 microns), y compris les poussi\u00e8res fines, le pollen, les allergies, les spores de moisissures et les squames.<\/p>\n<p><strong><a href=\"https:\/\/winixeurope.eu\/fr\/purificateur-dair\/winix-purificateur-dair-zero-pro\/\">Purificateur d&#8217;air WINIX ZERO Pro<\/a><\/strong> est un Air Purifier puissant qui purifie la qualit\u00e9 de votre air int\u00e9rieur \u00e0 99,999 %. ZERO Pro convient \u00e0 toutes les pi\u00e8ces jusqu&#8217;\u00e0 120 m\u00b2. Avec un puissant CADR (Clean Air Delivery Rate) de 470 m\u00b3 par heure, ce purificateur d&#8217;air vous aide \u00e0 purifier votre salon, votre chambre ou votre bureau des particules, des allergies, des bact\u00e9ries et des virus. Le filtre T convient \u00e9galement aux WINIX ZERO+, H950 et HR1000.<\/p>\n","protected":false},"featured_media":16306,"template":"","meta":{"inline_featured_image":false},"product_brand":[],"product_cat":[73],"product_tag":[],"class_list":{"0":"post-4003","1":"product","2":"type-product","3":"status-publish","4":"has-post-thumbnail","6":"product_cat-filtres","7":"pa_oppverlakte-max-10m2-fr","8":"pa_oppverlakte-max-50m2-fr","9":"entry","10":"has-media","12":"first","13":"instock","14":"sale","15":"taxable","16":"shipping-taxable","17":"purchasable","18":"product-type-simple"},"jetpack_sharing_enabled":true,"_links":{"self":[{"href":"https:\/\/winixeurope.eu\/fr\/wp-json\/wp\/v2\/product\/4003","targetHints":{"allow":["GET"]}}],"collection":[{"href":"https:\/\/winixeurope.eu\/fr\/wp-json\/wp\/v2\/product"}],"about":[{"href":"https:\/\/winixeurope.eu\/fr\/wp-json\/wp\/v2\/types\/product"}],"wp:featuredmedia":[{"embeddable":true,"href":"https:\/\/winixeurope.eu\/fr\/wp-json\/wp\/v2\/media\/16306"}],"wp:attachment":[{"href":"https:\/\/winixeurope.eu\/fr\/wp-json\/wp\/v2\/media?parent=4003"}],"wp:term":[{"taxonomy":"product_brand","embeddable":true,"href":"https:\/\/winixeurope.eu\/fr\/wp-json\/wp\/v2\/product_brand?post=4003"},{"taxonomy":"product_cat","embeddable":true,"href":"https:\/\/winixeurope.eu\/fr\/wp-json\/wp\/v2\/product_cat?post=4003"},{"taxonomy":"product_tag","embeddable":true,"href":"https:\/\/winixeurope.eu\/fr\/wp-json\/wp\/v2\/product_tag?post=4003"}],"curies":[{"name":"wp","href":"https:\/\/api.w.org\/{rel}","templated":true}]}}