{"id":3999,"date":"2022-11-11T18:08:24","date_gmt":"2022-11-11T18:08:24","guid":{"rendered":"https:\/\/winixeurope.eu\/product\/filter-a\/"},"modified":"2024-10-28T13:11:06","modified_gmt":"2024-10-28T13:11:06","slug":"winix-purificateur-dair-filtre-a","status":"publish","type":"product","link":"https:\/\/winixeurope.eu\/fr\/filtres\/winix-purificateur-dair-filtre-a\/","title":{"rendered":"Purificateur d\u2019air<br>WINIX Filtre A"},"content":{"rendered":"","protected":false},"excerpt":{"rendered":"<p>Purificateur d&#8217;air WINIX filtre A est un ensemble de filtres complet pour air purifier <strong><a href=\"https:\/\/winixeurope.eu\/fr\/purificateur-dair\/winix-zero\/\">WINIX ZERO<\/a><\/strong>, <strong><a href=\"https:\/\/www.amazon.fr\/Winix-Purificateur-5300-2-Technologie-PlasmaWave\/dp\/B0BF63PCTX\/ref=sr_1_4?__mk_fr_FR=%C3%85M%C3%85%C5%BD%C3%95%C3%91&amp;crid=1PF3WZXDNKV0V&amp;dib=eyJ2IjoiMSJ9.kwsfGTZFkYYCDm3rBo33NPFdJmh8oWVjzDcDsUJwyjyooaBOajDQOZHM4uqMDno9uVZs0-hiHkgx6xYy_hEm2KUUVUI0tfoj0LZNA6H6uGE4OCklo30CFhzVD4d6hN2lHMPfqvl-SbBkakq79qb7uBBZkaPcoVGO-dkNsvzSvrlOxn0ERVYZNDeFxZvCOSTe07_WZ4B6ejNX-WJ3K3Do7lEQ2xEIYY0ZpYHzE6nKgQph1MDejxy4tteX4OR57CADSmXobEI15bVgwaMqh8ca8E9p1rEIc2uEWrC_GEKA1gE.EySMw_gRtOctT3RyW8L_v0XurPapxdM6AG63L1fyWos&amp;dib_tag=se&amp;keywords=winix&amp;qid=1728983825&amp;sprefix=winix%2Caps%2C282&amp;sr=8-4\">WINIX 5300-2<\/a><\/strong> et WACP300. Les filtres \u00e0 charbon rempla\u00e7ables de cet ensemble de filtres r\u00e9duisent les fortes odeurs int\u00e9rieures telles que les odeurs de cuisine, d&#8217;animaux domestiques, de fum\u00e9e de cigarette et d&#8217;autres compos\u00e9s organiques volatils. Le filtre HEPA H13 de haute qualit\u00e9 filtre 99,999 % de toutes les particules de poussi\u00e8re et impuret\u00e9s (aussi petites que 0,1 microns), y compris les poussi\u00e8res fines, le pollen, les allergies, les spores de moisissures et les squames. WINIX Filtre A convient uniquement au air purifier WINIX ZERO, WINIX 5300-2 et au purificateur d&#8217;air WINIX P300.<\/p>\n<p><strong><a href=\"https:\/\/winixeurope.eu\/fr\/purificateur-dair\/winix-zero\/\">Purificateur d&#8217;air WINIX ZERO<\/a><\/strong> est un air purifier puissant qui purifie la qualit\u00e9 de votre air int\u00e9rieur \u00e0 99,999 %. WINIX ZERO convient \u00e0 toutes les pi\u00e8ces jusqu&#8217;\u00e0 99 m\u00b2. Avec un puissant CADR (Clean Air Delivery Rate) de 390 m\u00b3 par heure, ce purificateur d&#8217;air HEPA vous aide \u00e0 purifier votre salon, votre chambre ou votre bureau du pollen, des acariens, des particules (PM2,5), des poils d&#8217;animaux et des spores de moisissures. , les odeurs domestiques (COV) et la fum\u00e9e de cigarette!<\/p>\n","protected":false},"featured_media":16311,"template":"","meta":{"inline_featured_image":false},"product_brand":[],"product_cat":[73],"product_tag":[],"class_list":{"0":"post-3999","1":"product","2":"type-product","3":"status-publish","4":"has-post-thumbnail","6":"product_cat-filtres","7":"pa_oppverlakte-max-10m2-fr","8":"pa_oppverlakte-max-50m2-fr","9":"entry","10":"has-media","12":"first","13":"instock","14":"sale","15":"taxable","16":"shipping-taxable","17":"purchasable","18":"product-type-simple"},"jetpack_sharing_enabled":true,"_links":{"self":[{"href":"https:\/\/winixeurope.eu\/fr\/wp-json\/wp\/v2\/product\/3999","targetHints":{"allow":["GET"]}}],"collection":[{"href":"https:\/\/winixeurope.eu\/fr\/wp-json\/wp\/v2\/product"}],"about":[{"href":"https:\/\/winixeurope.eu\/fr\/wp-json\/wp\/v2\/types\/product"}],"wp:featuredmedia":[{"embeddable":true,"href":"https:\/\/winixeurope.eu\/fr\/wp-json\/wp\/v2\/media\/16311"}],"wp:attachment":[{"href":"https:\/\/winixeurope.eu\/fr\/wp-json\/wp\/v2\/media?parent=3999"}],"wp:term":[{"taxonomy":"product_brand","embeddable":true,"href":"https:\/\/winixeurope.eu\/fr\/wp-json\/wp\/v2\/product_brand?post=3999"},{"taxonomy":"product_cat","embeddable":true,"href":"https:\/\/winixeurope.eu\/fr\/wp-json\/wp\/v2\/product_cat?post=3999"},{"taxonomy":"product_tag","embeddable":true,"href":"https:\/\/winixeurope.eu\/fr\/wp-json\/wp\/v2\/product_tag?post=3999"}],"curies":[{"name":"wp","href":"https:\/\/api.w.org\/{rel}","templated":true}]}}