{"id":3996,"date":"2022-12-01T10:31:44","date_gmt":"2022-12-01T10:31:44","guid":{"rendered":"https:\/\/winixeurope.eu\/product\/filter-o\/"},"modified":"2025-06-25T09:23:51","modified_gmt":"2025-06-25T09:23:51","slug":"winix-purificateur-dair-filtre-o","status":"publish","type":"product","link":"https:\/\/winixeurope.eu\/fr\/filtres\/winix-purificateur-dair-filtre-o\/","title":{"rendered":"Purificateur d\u2019air<br>WINIX Filtre O"},"content":{"rendered":"","protected":false},"excerpt":{"rendered":"<p>Purificateur d&#8217;air WINIX filter O est un ensemble complet de filtres tout-en-un pour les purificateurs d&#8217;air ZERO Compact, Purificateur A330 et Purificateur A332. Les filtres \u00e0 charbon r\u00e9duisent les odeurs int\u00e9rieures fortes, telles que les odeurs de cuisine, les odeurs d&#8217;animaux, la fum\u00e9e de cigarette et les compos\u00e9s organiques volatils. Le HEPA de haute qualit\u00e9 filtre 99,97 % des plus petites particules de poussi\u00e8re et impuret\u00e9s pr\u00e9sentes dans l&#8217;air (aussi petites que 0,3 microns), y compris les particules, le pollen, les allergies, les spores de moisissures et les squames. Le filtre WINIX O convient aux <strong><a href=\"https:\/\/winixeurope.eu\/fr\/purificateur-dair\/winix-purificateur-dair-zero-compact\/\">WINIX ZERO Compact<\/a><\/strong>, \u00a0<strong><a href=\"https:\/\/winixeurope.eu\/fr\/purificateur-dair\/purificateur-winix-a330\/\">WINIX A330<\/a><\/strong> et purificateur d&#8217;air chambre <strong><a href=\"https:\/\/winixeurope.eu\/fr\/purificateur-dair\/purificateur-dair-winix-a332\/\">WINIX A332<\/a><\/strong>.<\/p>\n<p><strong><a href=\"https:\/\/winixeurope.eu\/fr\/shop\/\">WINIX ZERO Compact, A330 et A332<\/a> <\/strong>sont des purificateurs d&#8217;air compacts et puissants qui purifient la qualit\u00e9 de l&#8217;air int\u00e9rieur \u00e0 99,97 %. Les A330 et A332 peuvent \u00eatre utilis\u00e9s dans toutes les pi\u00e8ces jusqu&#8217;\u00e0 45 m\u00b2 et le Purificateur ZERO Compact m\u00eame jusqu&#8217;\u00e0 50 m\u00b2. Avec un puissant CADR (Clean Air Delivery Rate) de 228 m\u00b3 ou 250 m\u00b3 par heure, ces purificateurs d&#8217;air vous aident \u00e0 purifier la qualit\u00e9 de votre air int\u00e9rieur contre les allergies, le pollen, la poussi\u00e8re, les particules (PM2,5), les virus, les bact\u00e9ries, les poils d&#8217;animaux, les moisissures. spores, odeurs domestiques (COV) et fum\u00e9e de cigarette ! Ces purificateurs d&#8217;air sont id\u00e9aux pour la chambre \u00e0 coucher, mais bien s\u00fbr aussi pour votre salon.<\/p>\n","protected":false},"featured_media":29326,"template":"","meta":{"inline_featured_image":false},"product_brand":[],"product_cat":[73],"product_tag":[],"class_list":{"0":"post-3996","1":"product","2":"type-product","3":"status-publish","4":"has-post-thumbnail","6":"product_cat-filtres","7":"pa_oppverlakte-max-10m2-fr","8":"pa_oppverlakte-max-50m2-fr","9":"entry","10":"has-media","12":"first","13":"instock","14":"sale","15":"taxable","16":"shipping-taxable","17":"purchasable","18":"product-type-simple"},"jetpack_sharing_enabled":true,"_links":{"self":[{"href":"https:\/\/winixeurope.eu\/fr\/wp-json\/wp\/v2\/product\/3996","targetHints":{"allow":["GET"]}}],"collection":[{"href":"https:\/\/winixeurope.eu\/fr\/wp-json\/wp\/v2\/product"}],"about":[{"href":"https:\/\/winixeurope.eu\/fr\/wp-json\/wp\/v2\/types\/product"}],"wp:featuredmedia":[{"embeddable":true,"href":"https:\/\/winixeurope.eu\/fr\/wp-json\/wp\/v2\/media\/29326"}],"wp:attachment":[{"href":"https:\/\/winixeurope.eu\/fr\/wp-json\/wp\/v2\/media?parent=3996"}],"wp:term":[{"taxonomy":"product_brand","embeddable":true,"href":"https:\/\/winixeurope.eu\/fr\/wp-json\/wp\/v2\/product_brand?post=3996"},{"taxonomy":"product_cat","embeddable":true,"href":"https:\/\/winixeurope.eu\/fr\/wp-json\/wp\/v2\/product_cat?post=3996"},{"taxonomy":"product_tag","embeddable":true,"href":"https:\/\/winixeurope.eu\/fr\/wp-json\/wp\/v2\/product_tag?post=3996"}],"curies":[{"name":"wp","href":"https:\/\/api.w.org\/{rel}","templated":true}]}}