{"id":3988,"date":"2022-11-11T18:25:00","date_gmt":"2022-11-11T18:25:00","guid":{"rendered":"https:\/\/winixeurope.eu\/product\/l500-4-pack-demineralisatie-capsules\/"},"modified":"2024-10-28T13:28:05","modified_gmt":"2024-10-28T13:28:05","slug":"winix-humidificateur-l500-capsules","status":"publish","type":"product","link":"https:\/\/winixeurope.eu\/fr\/humidificateurs\/winix-humidificateur-l500-capsules\/","title":{"rendered":"Humidificateur L500<br>capsules de d\u00e9min\u00e9ralisation"},"content":{"rendered":"","protected":false},"excerpt":{"rendered":"<p><span class=\"HwtZe\" lang=\"fr\"><span class=\"jCAhz ChMk0b\"><span class=\"ryNqvb\">Les capsules de d\u00e9tartrage pour humidificateur pour WINIX L500 sont sp\u00e9cialement con\u00e7ues pour prolonger la dur\u00e9e de vie et les performances de votre humidificateur.<\/span><\/span> <span class=\"jCAhz ChMk0b\"><span class=\"ryNqvb\">Ces capsules \u00e9vitent l&#8217;accumulation de calcaire dans le r\u00e9servoir d&#8217;eau et la sortie brumisateur de votre WINIX L500 <\/span><\/span><br \/>\n<\/span><\/p>\n<p><span class=\"HwtZe\" lang=\"fr\"><span class=\"jCAhz ChMk0b\"><span class=\"ryNqvb\">Ces capsules de d\u00e9tartrage pour ultrasonique WINIX L500 sont faciles \u00e0 utiliser.<\/span><\/span> <span class=\"jCAhz ChMk0b\"><span class=\"ryNqvb\">Il vous suffit de mettre une capsule dans le r\u00e9servoir d&#8217;eau avant d&#8217;allumer le WINIX L500.<\/span><\/span> <span class=\"jCAhz ChMk0b\"><span class=\"ryNqvb\">La capsule se dissout lentement dans l&#8217;eau et neutralise la duret\u00e9 de l&#8217;eau.<\/span><\/span> <span class=\"jCAhz ChMk0b\"><span class=\"ryNqvb\">Chaque capsule contient 37 litres d&#8217;eau, ce qui correspond \u00e0 environ 90 heures d&#8217;humidification.<\/span><\/span> <span class=\"jCAhz ChMk0b\"><span class=\"ryNqvb\">Vous pouvez remplacer la capsule lorsque le r\u00e9servoir d&#8217;eau est vide ou lorsque la capsule est compl\u00e8tement dissoute.<\/span><\/span><\/span><\/p>\n<p><a class=\"wpex-lightbox\" href=\"https:\/\/player.vimeo.com\/video\/594525123\"><button class=\"knop_download_brochure_productpagina\"><i class=\"fa fa-play\" aria-hidden=\"true\"><\/i> Productvideo<\/button><\/a><\/p>\n","protected":false},"featured_media":16261,"template":"","meta":{"inline_featured_image":false},"product_brand":[],"product_cat":[68],"product_tag":[],"class_list":{"0":"post-3988","1":"product","2":"type-product","3":"status-publish","4":"has-post-thumbnail","6":"product_cat-humidificateurs","7":"pa_oppverlakte-max-10m2-fr","8":"pa_oppverlakte-max-50m2-fr","9":"entry","10":"has-media","12":"first","13":"instock","14":"taxable","15":"shipping-taxable","16":"purchasable","17":"product-type-simple"},"jetpack_sharing_enabled":true,"_links":{"self":[{"href":"https:\/\/winixeurope.eu\/fr\/wp-json\/wp\/v2\/product\/3988","targetHints":{"allow":["GET"]}}],"collection":[{"href":"https:\/\/winixeurope.eu\/fr\/wp-json\/wp\/v2\/product"}],"about":[{"href":"https:\/\/winixeurope.eu\/fr\/wp-json\/wp\/v2\/types\/product"}],"wp:featuredmedia":[{"embeddable":true,"href":"https:\/\/winixeurope.eu\/fr\/wp-json\/wp\/v2\/media\/16261"}],"wp:attachment":[{"href":"https:\/\/winixeurope.eu\/fr\/wp-json\/wp\/v2\/media?parent=3988"}],"wp:term":[{"taxonomy":"product_brand","embeddable":true,"href":"https:\/\/winixeurope.eu\/fr\/wp-json\/wp\/v2\/product_brand?post=3988"},{"taxonomy":"product_cat","embeddable":true,"href":"https:\/\/winixeurope.eu\/fr\/wp-json\/wp\/v2\/product_cat?post=3988"},{"taxonomy":"product_tag","embeddable":true,"href":"https:\/\/winixeurope.eu\/fr\/wp-json\/wp\/v2\/product_tag?post=3988"}],"curies":[{"name":"wp","href":"https:\/\/api.w.org\/{rel}","templated":true}]}}