{"id":3985,"date":"2022-11-11T18:28:05","date_gmt":"2022-11-11T18:28:05","guid":{"rendered":"https:\/\/winixeurope.eu\/product\/l500-aromapads-lavendel\/"},"modified":"2024-10-28T13:35:48","modified_gmt":"2024-10-28T13:35:48","slug":"winix-humidificateur-l500-lavande","status":"publish","type":"product","link":"https:\/\/winixeurope.eu\/fr\/humidificateurs\/winix-humidificateur-l500-lavande\/","title":{"rendered":"Humidificateur L500<br>Pastilles aromatiques lavande"},"content":{"rendered":"","protected":false},"excerpt":{"rendered":"<p><span class=\"HwtZe\" lang=\"fr\"><span class=\"jCAhz\"><span class=\"ryNqvb\">Les tampons aromatiques pour humidificateur \u00e0 ultrasons WINIX L500 sont des tampons sp\u00e9ciaux que vous pouvez utiliser pour donner \u00e0 votre qualit\u00e9 de l&#8217;air int\u00e9rieur un parfum merveilleux.<\/span><\/span> <span class=\"jCAhz\"><span class=\"ryNqvb\">Les coussinets aromatiques sont disponibles en deux variantes : lavande et eucalyptus.<\/span><\/span> <span class=\"jCAhz\"><span class=\"ryNqvb\">La lavande a un effet apaisant et relaxant, tandis que l&#8217;eucalyptus a un effet rafra\u00eechissant et purifiant.<\/span><\/span> <span class=\"jCAhz\"><span class=\"ryNqvb\">Vous pouvez combiner ou alterner les coussinets aromatiques \u00e0 votre guise. <\/span><\/span><\/span><\/p>\n<p><span class=\"HwtZe\" lang=\"fr\"><span class=\"jCAhz ChMk0b\"><span class=\"ryNqvb\">Les tampons aromatiques WINIX pour le WINIX L500 sont faciles \u00e0 utiliser.<\/span><\/span> <span class=\"jCAhz ChMk0b\"><span class=\"ryNqvb\">Il ne vous reste plus qu&#8217;\u00e0 placer un pad dans le support appropri\u00e9 et \u00e0 allumer le WINIX L500.<\/span><\/span> <span class=\"jCAhz ChMk0b\"><span class=\"ryNqvb\">Le tampon lib\u00e8re ensuite lentement son parfum dans la brume produite par l\u2019humidificateur.<\/span><\/span> <span class=\"jCAhz ChMk0b\"><span class=\"ryNqvb\">Chaque tampon dure environ 48 heures, apr\u00e8s quoi vous pouvez le remplacer par un nouveau.<\/span><\/span> <span class=\"jCAhz ChMk0b\"><span class=\"ryNqvb\">Vous pouvez \u00e9galement conserver les tampons aromatiques dans les sacs refermables fournis pour pr\u00e9server le parfum.<\/span><\/span><\/span><\/p>\n<p><a class=\"wpex-lightbox\" href=\"https:\/\/player.vimeo.com\/video\/594525123\"><button class=\"knop_download_brochure_productpagina\"><i class=\"fa fa-play\" aria-hidden=\"true\"><\/i> Productvideo<\/button><\/a><\/p>\n","protected":false},"featured_media":16255,"template":"","meta":{"inline_featured_image":false},"product_brand":[],"product_cat":[68],"product_tag":[],"class_list":{"0":"post-3985","1":"product","2":"type-product","3":"status-publish","4":"has-post-thumbnail","6":"product_cat-humidificateurs","7":"pa_oppverlakte-max-10m2-fr","8":"pa_oppverlakte-max-50m2-fr","9":"entry","10":"has-media","12":"first","13":"instock","14":"taxable","15":"shipping-taxable","16":"purchasable","17":"product-type-simple"},"jetpack_sharing_enabled":true,"_links":{"self":[{"href":"https:\/\/winixeurope.eu\/fr\/wp-json\/wp\/v2\/product\/3985","targetHints":{"allow":["GET"]}}],"collection":[{"href":"https:\/\/winixeurope.eu\/fr\/wp-json\/wp\/v2\/product"}],"about":[{"href":"https:\/\/winixeurope.eu\/fr\/wp-json\/wp\/v2\/types\/product"}],"wp:featuredmedia":[{"embeddable":true,"href":"https:\/\/winixeurope.eu\/fr\/wp-json\/wp\/v2\/media\/16255"}],"wp:attachment":[{"href":"https:\/\/winixeurope.eu\/fr\/wp-json\/wp\/v2\/media?parent=3985"}],"wp:term":[{"taxonomy":"product_brand","embeddable":true,"href":"https:\/\/winixeurope.eu\/fr\/wp-json\/wp\/v2\/product_brand?post=3985"},{"taxonomy":"product_cat","embeddable":true,"href":"https:\/\/winixeurope.eu\/fr\/wp-json\/wp\/v2\/product_cat?post=3985"},{"taxonomy":"product_tag","embeddable":true,"href":"https:\/\/winixeurope.eu\/fr\/wp-json\/wp\/v2\/product_tag?post=3985"}],"curies":[{"name":"wp","href":"https:\/\/api.w.org\/{rel}","templated":true}]}}