{"id":3972,"date":"2022-11-07T12:53:06","date_gmt":"2022-11-07T12:53:06","guid":{"rendered":"https:\/\/winixeurope.eu\/product\/winix-l500\/"},"modified":"2024-10-28T13:20:29","modified_gmt":"2024-10-28T13:20:29","slug":"winix-humidificateur-l500","status":"publish","type":"product","link":"https:\/\/winixeurope.eu\/fr\/humidificateurs\/winix-humidificateur-l500\/","title":{"rendered":"Humidificateur<br>WINIX L500"},"content":{"rendered":"","protected":false},"excerpt":{"rendered":"<p>Le contr\u00f4leur de trafic a\u00e9rien WINIX L500 vous aidera \u00e0 contr\u00f4ler le trafic a\u00e9rien dans votre chambre et la chambre des enfants est tr\u00e8s rapide et efficace \u00e0 un certain niveau de guerre.<\/p>\n<p><i class=\"fa fa-check\" aria-hidden=\"true\"><\/i> Le WINIX L500 est un humidificateur ultrasonique \u00e0 brume chaude et fra\u00eeche. Il est parfait pour n\u2019importe quelle zone de la maison gr\u00e2ce \u00e0 sa grande capacit\u00e9 (jusqu\u2019\u00e0 50m2) et son r\u00e9servoir d\u2019eau de 7,5 L.<br \/>\n<i class=\"fa fa-check\" aria-hidden=\"true\"><\/i> Le L500 est programmable, fonctionne silencieusement, et son design moderne est sp\u00e9cialement con\u00e7u pour un nettoyage facile et un remplissage sup\u00e9rieur. Le L500 utilise la technologie avanc\u00e9e UV-C LightCel\u2122 pour \u00e9liminer efficacement les bact\u00e9ries pr\u00e9sentes dans l\u2019eau.<br \/>\n<i class=\"fa fa-check\" aria-hidden=\"true\"><\/i> L\u2019humidificateur WINIX L500 offre un niveau optimal d\u2019humidit\u00e9 en tout temps, hydrate la peau s\u00e8che, am\u00e9liore l\u2019\u00e9pluchage de la peau et maintient vos plantes en parfait \u00e9tat. Id\u00e9al pour la chambre \u00e0 coucher, le salon et les bureaux.<\/p>\n<p><a class=\"wpex-lightbox\" href=\"https:\/\/winixeurope.eu\/wp-content\/uploads\/2023\/02\/humidificateur_winix_l500.mp4\"><button class=\"knop_download_brochure_productpagina\"><i class=\"fa fa-play\" aria-hidden=\"true\"><\/i> Productvideo<\/button><\/a><\/p>\n","protected":false},"featured_media":16225,"template":"","meta":{"inline_featured_image":false},"product_brand":[],"product_cat":[127,68],"product_tag":[],"class_list":{"0":"post-3972","1":"product","2":"type-product","3":"status-publish","4":"has-post-thumbnail","6":"product_cat-offre-de-printemps","7":"product_cat-humidificateurs","8":"pa_oppverlakte-max-10m2-fr","9":"pa_oppverlakte-max-50m2-fr","10":"entry","11":"has-media","13":"first","14":"instock","15":"sale","16":"taxable","17":"shipping-taxable","18":"purchasable","19":"product-type-simple"},"jetpack_sharing_enabled":true,"_links":{"self":[{"href":"https:\/\/winixeurope.eu\/fr\/wp-json\/wp\/v2\/product\/3972","targetHints":{"allow":["GET"]}}],"collection":[{"href":"https:\/\/winixeurope.eu\/fr\/wp-json\/wp\/v2\/product"}],"about":[{"href":"https:\/\/winixeurope.eu\/fr\/wp-json\/wp\/v2\/types\/product"}],"wp:featuredmedia":[{"embeddable":true,"href":"https:\/\/winixeurope.eu\/fr\/wp-json\/wp\/v2\/media\/16225"}],"wp:attachment":[{"href":"https:\/\/winixeurope.eu\/fr\/wp-json\/wp\/v2\/media?parent=3972"}],"wp:term":[{"taxonomy":"product_brand","embeddable":true,"href":"https:\/\/winixeurope.eu\/fr\/wp-json\/wp\/v2\/product_brand?post=3972"},{"taxonomy":"product_cat","embeddable":true,"href":"https:\/\/winixeurope.eu\/fr\/wp-json\/wp\/v2\/product_cat?post=3972"},{"taxonomy":"product_tag","embeddable":true,"href":"https:\/\/winixeurope.eu\/fr\/wp-json\/wp\/v2\/product_tag?post=3972"}],"curies":[{"name":"wp","href":"https:\/\/api.w.org\/{rel}","templated":true}]}}