{"id":3955,"date":"2022-11-07T12:25:25","date_gmt":"2022-11-07T12:25:25","guid":{"rendered":"https:\/\/winixeurope.eu\/product\/winix-zero-pro\/"},"modified":"2025-05-21T08:33:13","modified_gmt":"2025-05-21T08:33:13","slug":"winix-purificateur-dair-zero-pro","status":"publish","type":"product","link":"https:\/\/winixeurope.eu\/fr\/purificateur-dair\/winix-purificateur-dair-zero-pro\/","title":{"rendered":"Purificateur d\u2019air<br>WINIX Zero Pro"},"content":{"rendered":"","protected":false},"excerpt":{"rendered":"<p>Purificateur d&#8217;air ZERO Pro est notre air purifier le plus puissant qui nettoie la qualit\u00e9 de l&#8217;air int\u00e9rieur \u00e0 99,999 %. <span class=\"HwtZe\" lang=\"fr\"><span class=\"jCAhz ChMk0b\"><span class=\"ryNqvb\">Filtre \u00e0 air<\/span><\/span><\/span> WINIX ZERO Pro peut \u00eatre utilis\u00e9 dans toutes les pi\u00e8ces jusqu&#8217;\u00e0 120 m\u00b2. Avec un CADR (Clean Air Delivery Rate) tr\u00e8s puissant de 470 m\u00b3 par heure et une technologie \u00e0 double capteur, le ZERO Pro vous aide \u00e0 purifier la qualit\u00e9 de votre air int\u00e9rieur des allergies, du pollen, de la poussi\u00e8re, des acariens, des particules (PM2,5) et poils d&#8217;animaux, spores de moisissures, odeurs domestiques (COV) et fum\u00e9e de cigarette!<\/p>\n<p>WINIX ZERO Pro utilise un syst\u00e8me de filtration en 4 phases et filtre la qualit\u00e9 de l&#8217;air int\u00e9rieur \u00e0 travers 1) un pr\u00e9-filtre, 2) un filtre \u00e0 charbon actif, 3) un filtre HEPA H13 (99,999 %) et (4) notre technologie PlasmaWave\u00ae. Utilisant une technologie \u00e0 double capteur (capteur de particules de poussi\u00e8re et de gaz), ce super purificateur d&#8217;air nettoie de mani\u00e8re enti\u00e8rement automatique et donc proactive la qualit\u00e9 de l&#8217;air int\u00e9rieur. En cons\u00e9quence, notre WINIX ZERO Pro garantit que vous respirez de l&#8217;air pur tant que vous utilisez le purificateur d&#8217;air. Test\u00e9 et certifi\u00e9 par\u00a0<strong><a href=\"https:\/\/www.ecarf-institute.org\/en\/certified-products-services\/\">ECARF<\/a><\/strong>\u00a0et\u00a0<strong><a href=\"https:\/\/www.allergyuk.org\/our-services\/allergyuk-products\/winix-plasmawave-air-purifier\/\">Allergy UK.<\/a><\/strong><\/p>\n<p><a class=\"wpex-lightbox\" href=\"https:\/\/winixeurope.eu\/wp-content\/uploads\/2023\/02\/purificateur_dair_winix_zero_pro.mp4\"><button class=\"knop_download_brochure_productpagina\"><i class=\"fa fa-play\" aria-hidden=\"true\"><\/i> Productvideo<\/button><\/a><\/p>\n","protected":false},"featured_media":16220,"template":"","meta":{"inline_featured_image":false},"product_brand":[],"product_cat":[50],"product_tag":[],"class_list":{"0":"post-3955","1":"product","2":"type-product","3":"status-publish","4":"has-post-thumbnail","6":"product_cat-purificateur-dair","7":"pa_oppverlakte-max-100m2-fr","8":"pa_oppverlakte-max-10m2-fr","9":"pa_oppverlakte-max-120m2-fr","10":"pa_oppverlakte-max-30m2-fr","11":"pa_oppverlakte-max-50m2-fr","12":"pa_oppverlakte-max-80m2-fr","13":"entry","14":"has-media","16":"first","17":"outofstock","18":"sale","19":"taxable","20":"shipping-taxable","21":"purchasable","22":"product-type-simple"},"jetpack_sharing_enabled":true,"_links":{"self":[{"href":"https:\/\/winixeurope.eu\/fr\/wp-json\/wp\/v2\/product\/3955","targetHints":{"allow":["GET"]}}],"collection":[{"href":"https:\/\/winixeurope.eu\/fr\/wp-json\/wp\/v2\/product"}],"about":[{"href":"https:\/\/winixeurope.eu\/fr\/wp-json\/wp\/v2\/types\/product"}],"wp:featuredmedia":[{"embeddable":true,"href":"https:\/\/winixeurope.eu\/fr\/wp-json\/wp\/v2\/media\/16220"}],"wp:attachment":[{"href":"https:\/\/winixeurope.eu\/fr\/wp-json\/wp\/v2\/media?parent=3955"}],"wp:term":[{"taxonomy":"product_brand","embeddable":true,"href":"https:\/\/winixeurope.eu\/fr\/wp-json\/wp\/v2\/product_brand?post=3955"},{"taxonomy":"product_cat","embeddable":true,"href":"https:\/\/winixeurope.eu\/fr\/wp-json\/wp\/v2\/product_cat?post=3955"},{"taxonomy":"product_tag","embeddable":true,"href":"https:\/\/winixeurope.eu\/fr\/wp-json\/wp\/v2\/product_tag?post=3955"}],"curies":[{"name":"wp","href":"https:\/\/api.w.org\/{rel}","templated":true}]}}