{"id":3947,"date":"2022-11-02T15:37:11","date_gmt":"2022-11-02T15:37:11","guid":{"rendered":"https:\/\/winixeurope.eu\/product\/winix-zero-s\/"},"modified":"2025-05-21T08:23:03","modified_gmt":"2025-05-21T08:23:03","slug":"winix-purificateur-dair-zero-s","status":"publish","type":"product","link":"https:\/\/winixeurope.eu\/fr\/purificateur-dair\/winix-purificateur-dair-zero-s\/","title":{"rendered":"Purificateur d\u2019air<br>WINIX ZERO-S"},"content":{"rendered":"","protected":false},"excerpt":{"rendered":"<p>Purificateur d\u2019air ZERO-S est un puissant air purifier qui nettoie votre int\u00e9rieur \u00e0 99,999%. WINIX ZERO-S peut \u00eatre utilis\u00e9 dans toutes les pi\u00e8ces jusqu\u2019\u00e0 100 m\u00b2. Avec un Taux de Diffusion d&#8217;Air (ou CADR, pour \u00ab\u2009Clean Air Delivery Rate\u2009\u00bb) puissant de 410 m\u00b3 par heure, ce <span class=\"HwtZe\" lang=\"fr\"><span class=\"jCAhz ChMk0b\"><span class=\"ryNqvb\">filtre \u00e0 air<\/span><\/span><\/span> ZERO-S vous aide \u00e0 filtrer votre int\u00e9rieur des allerg\u00e8nes, pollens, poussi\u00e8res, poussi\u00e8res fines (PM2,5), virus, bact\u00e9ries, poils d&#8217;animaux, spores de moisissures, odeurs domestiques (Compos\u00e9s Organiques Volatils) et m\u00eame de la fum\u00e9e de cigarette!<\/p>\n<p>Purificateur d&#8217;air ZERO-S utilise un syst\u00e8me de filtration en 4 phases et filtre la qualit\u00e9 de l&#8217;air int\u00e9rieur \u00e0 travers 1) un pr\u00e9-filtre, 2) un Filtre \u00e0 charbon actif, 3) un filtre HEPA H13 (99,999 %) et notre technologie PlasmaWave\u00ae. Gr\u00e2ce au mode automatique et \u00e0 la technologie de capteurs intelligents, ce <span class=\"HwtZe\" lang=\"fr\"><span class=\"jCAhz ChMk0b\"><span class=\"ryNqvb\">filtre \u00e0 air<\/span><\/span><\/span> int\u00e9rieur de mani\u00e8re proactive. WINIX ZERO-S garantit que vous respirez de l&#8217;air pur tant que vous utilisez le purificateur d&#8217;air. Test\u00e9 et certifi\u00e9 par\u00a0<strong><a href=\"https:\/\/www.ecarf-institute.org\/en\/certified-products-services\/\">ECARF<\/a><\/strong>\u00a0et\u00a0<strong><a href=\"https:\/\/www.allergyuk.org\/our-services\/allergyuk-products\/winix-plasmawave-air-purifier\/\">Allergy UK.<\/a><\/strong><\/p>\n<p><a class=\"wpex-lightbox\" href=\"https:\/\/winixeurope.eu\/wp-content\/uploads\/2023\/02\/purificateur_dair_winix_zero-s.mp4\"><button class=\"knop_download_brochure_productpagina\"><i class=\"fa fa-play\" aria-hidden=\"true\"><\/i> Productvideo<\/button><\/a><\/p>\n","protected":false},"featured_media":16019,"template":"","meta":{"inline_featured_image":false},"product_brand":[],"product_cat":[127,50],"product_tag":[],"class_list":{"0":"post-3947","1":"product","2":"type-product","3":"status-publish","4":"has-post-thumbnail","6":"product_cat-offre-de-printemps","7":"product_cat-purificateur-dair","8":"pa_oppverlakte-max-100m2-fr","9":"pa_oppverlakte-max-10m2-fr","10":"pa_oppverlakte-max-30m2-fr","11":"pa_oppverlakte-max-50m2-fr","12":"pa_oppverlakte-max-80m2-fr","13":"entry","14":"has-media","16":"first","17":"outofstock","18":"sale","19":"taxable","20":"shipping-taxable","21":"purchasable","22":"product-type-simple"},"jetpack_sharing_enabled":true,"_links":{"self":[{"href":"https:\/\/winixeurope.eu\/fr\/wp-json\/wp\/v2\/product\/3947","targetHints":{"allow":["GET"]}}],"collection":[{"href":"https:\/\/winixeurope.eu\/fr\/wp-json\/wp\/v2\/product"}],"about":[{"href":"https:\/\/winixeurope.eu\/fr\/wp-json\/wp\/v2\/types\/product"}],"wp:featuredmedia":[{"embeddable":true,"href":"https:\/\/winixeurope.eu\/fr\/wp-json\/wp\/v2\/media\/16019"}],"wp:attachment":[{"href":"https:\/\/winixeurope.eu\/fr\/wp-json\/wp\/v2\/media?parent=3947"}],"wp:term":[{"taxonomy":"product_brand","embeddable":true,"href":"https:\/\/winixeurope.eu\/fr\/wp-json\/wp\/v2\/product_brand?post=3947"},{"taxonomy":"product_cat","embeddable":true,"href":"https:\/\/winixeurope.eu\/fr\/wp-json\/wp\/v2\/product_cat?post=3947"},{"taxonomy":"product_tag","embeddable":true,"href":"https:\/\/winixeurope.eu\/fr\/wp-json\/wp\/v2\/product_tag?post=3947"}],"curies":[{"name":"wp","href":"https:\/\/api.w.org\/{rel}","templated":true}]}}