{"id":3936,"date":"2022-11-09T13:44:24","date_gmt":"2022-11-09T13:44:24","guid":{"rendered":"https:\/\/winixeurope.eu\/product\/winix-zero\/"},"modified":"2025-06-04T08:53:42","modified_gmt":"2025-06-04T08:53:42","slug":"winix-zero","status":"publish","type":"product","link":"https:\/\/winixeurope.eu\/fr\/purificateur-dair\/winix-zero\/","title":{"rendered":"Purificateur d\u2019air<br>WINIX ZERO"},"content":{"rendered":"","protected":false},"excerpt":{"rendered":"<p>Purificateur d&#8217;air WINIX ZERO est un filtre \u00e0 air puissant qui nettoie la qualit\u00e9 de votre air int\u00e9rieur \u00e0 99,999 %. Purificateur d&#8217;air chambre, WINIX ZERO est, comme le Purificateur WINIX 5300-2, extr\u00eamement adapt\u00e9 \u00e0 une utilisation dans le salon et convient \u00e0 toutes les pi\u00e8ces jusqu&#8217;\u00e0 99 m\u00b2. Avec un puissant CADR (Clean Air Delivery Rate) de 390 m\u00b3 par heure, ce purificateur d&#8217;air HEPA vous aide \u00e0 purifier votre salon, votre chambre ou votre bureau du pollen, des acariens, des poussi\u00e8res fines (PM2,5), des poils d&#8217;animaux, des spores de moisissure, des odeurs domestiques (COV) et de la fum\u00e9e de cigarette.<\/p>\n<p>Purificateur d&#8217;air ZERO utilise un syst\u00e8me de filtration en 4 \u00e9tapes et filtre la qualit\u00e9 de l&#8217;air int\u00e9rieur via 1) un pr\u00e9filtre, 2) un filtre \u00e0 charbon, 3) <strong><a href=\"https:\/\/winixeurope.eu\/fr\/filtres\/winix-purificateur-dair-filtre-a\/\">un filtre HEPA H13 (99,999 %)<\/a><\/strong> et (4) notre Purificateur d&#8217;air technologie PlasmaWave\u00ae. Gr\u00e2ce au mode automatique et \u00e0 la technologie de capteur intelligent, ce filtre \u00e0 air nettoie la qualit\u00e9 de l&#8217;air int\u00e9rieur de mani\u00e8re enti\u00e8rement automatique et donc proactive. Cela signifie que notre WINIX Purificateur ZERO garantit que vous respirez de l\u2019air pur aussi longtemps que vous l\u2019utilisez ! <span class=\"HwtZe\" lang=\"fr\"><span class=\"jCAhz ChMk0b\"><span class=\"ryNqvb\">Chaque purificateur d&#8217;air WINIX est t<\/span><\/span><\/span>est\u00e9 et certifi\u00e9 par <strong><a href=\"https:\/\/www.ecarf-institute.org\/en\/certified-products-services\/\">ECARF<\/a><\/strong> et <strong><a href=\"https:\/\/www.allergyuk.org\/our-services\/allergyuk-products\/winix-plasmawave-air-purifier\/\">Allergy UK.<\/a><\/strong><\/p>\n<p><a class=\"wpex-lightbox\" href=\"https:\/\/winixeurope.eu\/wp-content\/uploads\/2023\/02\/purificateur_dair_winix_zero.mp4\"><button class=\"knop_download_brochure_productpagina\"><i class=\"fa fa-play\" aria-hidden=\"true\"><\/i> Productvideo<\/button><\/a><\/p>\n","protected":false},"featured_media":16014,"template":"","meta":{"inline_featured_image":false},"product_brand":[],"product_cat":[50],"product_tag":[],"class_list":{"0":"post-3936","1":"product","2":"type-product","3":"status-publish","4":"has-post-thumbnail","6":"product_cat-purificateur-dair","7":"pa_oppverlakte-max-100m2-fr","8":"pa_oppverlakte-max-10m2-fr","9":"pa_oppverlakte-max-30m2-fr","10":"pa_oppverlakte-max-50m2-fr","11":"pa_oppverlakte-max-80m2-fr","12":"entry","13":"has-media","15":"first","16":"outofstock","17":"sale","18":"taxable","19":"shipping-taxable","20":"purchasable","21":"product-type-simple"},"jetpack_sharing_enabled":true,"_links":{"self":[{"href":"https:\/\/winixeurope.eu\/fr\/wp-json\/wp\/v2\/product\/3936","targetHints":{"allow":["GET"]}}],"collection":[{"href":"https:\/\/winixeurope.eu\/fr\/wp-json\/wp\/v2\/product"}],"about":[{"href":"https:\/\/winixeurope.eu\/fr\/wp-json\/wp\/v2\/types\/product"}],"wp:featuredmedia":[{"embeddable":true,"href":"https:\/\/winixeurope.eu\/fr\/wp-json\/wp\/v2\/media\/16014"}],"wp:attachment":[{"href":"https:\/\/winixeurope.eu\/fr\/wp-json\/wp\/v2\/media?parent=3936"}],"wp:term":[{"taxonomy":"product_brand","embeddable":true,"href":"https:\/\/winixeurope.eu\/fr\/wp-json\/wp\/v2\/product_brand?post=3936"},{"taxonomy":"product_cat","embeddable":true,"href":"https:\/\/winixeurope.eu\/fr\/wp-json\/wp\/v2\/product_cat?post=3936"},{"taxonomy":"product_tag","embeddable":true,"href":"https:\/\/winixeurope.eu\/fr\/wp-json\/wp\/v2\/product_tag?post=3936"}],"curies":[{"name":"wp","href":"https:\/\/api.w.org\/{rel}","templated":true}]}}