{"id":3574,"date":"2022-11-07T11:57:46","date_gmt":"2022-11-07T11:57:46","guid":{"rendered":"https:\/\/winixeurope.eu\/product\/winix-zero-compact\/"},"modified":"2025-10-13T14:09:47","modified_gmt":"2025-10-13T14:09:47","slug":"winix-purificateur-dair-zero-compact","status":"publish","type":"product","link":"https:\/\/winixeurope.eu\/fr\/purificateur-dair\/winix-purificateur-dair-zero-compact\/","title":{"rendered":"Purificateur d\u2019air<br>WINIX ZERO Compact"},"content":{"rendered":"","protected":false},"excerpt":{"rendered":"<p>Purificateur d&#8217;air WINIX ZERO Compact est un purificateur d&#8217;air compact et puissant qui nettoie la qualit\u00e9 de l&#8217;air int\u00e9rieur \u00e0 99,97 %. Purificateur ZERO Compact est id\u00e9al pour la chambre et peut \u00eatre utilis\u00e9 dans toutes les pi\u00e8ces jusqu&#8217;\u00e0 50 m\u00b2. Avec un puissant CADR (Clean Air Delivery Rate) de 250 m\u00b3 par heure, ce purificateur d&#8217;air chambre vous aide \u00e0 purifier la qualit\u00e9 de votre air int\u00e9rieur contre les allergies, le pollen, la poussi\u00e8re, les acariens, les particules (PM2,5), les poils d&#8217;animaux, les spores de moisissures, les d\u00e9chets domestiques. odeurs (COV) et fum\u00e9e de cigarette !<\/p>\n<p>Purificateur d&#8217;air ZERO Compact utilise un <strong><a href=\"https:\/\/winixeurope.eu\/fr\/filtres\/winix-purificateur-dair-filtre-o\/\">WINIX filtre O tout-en-un<\/a><\/strong> et filtre la qualit\u00e9 de votre air int\u00e9rieur en utilisant 1) un pr\u00e9-filtre, 2) un filtre \u00e0 charbon, 3) un filtre HEPA (99,97 %) et 4) notre technologie WINIX PlasmaWave\u00ae. Gr\u00e2ce \u00e0 la technologie de capteurs intelligents, ce purificateur d&#8217;air nettoie de mani\u00e8re proactive l&#8217;air int\u00e9rieur et garantit que vous respirez de l&#8217;air pur tant que vous utilisez le purificateur d&#8217;air. Ce nouveau purificateur d\u2019air HEPA a \u00e9t\u00e9 test\u00e9 et certifi\u00e9 par\u00a0<strong><a href=\"https:\/\/www.ecarf-institute.org\/en\/certified-products-services\/\">l\u2019ECARF<\/a><\/strong>\u00a0et\u00a0<strong><a href=\"https:\/\/www.allergyuk.org\/our-services\/allergyuk-products\/winix-plasmawave-air-purifier\/\">Allergy UK<\/a><\/strong>.<\/p>\n<p>&nbsp;<\/p>\n<p><a class=\"wpex-lightbox\" href=\"https:\/\/winixeurope.eu\/wp-content\/uploads\/2023\/02\/purificateur_dair_winix_zero_compact.mp4\"><button class=\"knop_download_brochure_productpagina\"><i class=\"fa fa-play\" aria-hidden=\"true\"><\/i> Productvideo<\/button><\/a><\/p>\n","protected":false},"featured_media":15925,"template":"","meta":{"inline_featured_image":false},"product_brand":[],"product_cat":[50],"product_tag":[],"class_list":{"0":"post-3574","1":"product","2":"type-product","3":"status-publish","4":"has-post-thumbnail","6":"product_cat-purificateur-dair","7":"pa_oppverlakte-max-10m2-fr","8":"pa_oppverlakte-max-30m2-fr","9":"pa_oppverlakte-max-50m2-fr","10":"entry","11":"has-media","13":"first","14":"outofstock","15":"sale","16":"taxable","17":"shipping-taxable","18":"purchasable","19":"product-type-simple"},"jetpack_sharing_enabled":true,"_links":{"self":[{"href":"https:\/\/winixeurope.eu\/fr\/wp-json\/wp\/v2\/product\/3574","targetHints":{"allow":["GET"]}}],"collection":[{"href":"https:\/\/winixeurope.eu\/fr\/wp-json\/wp\/v2\/product"}],"about":[{"href":"https:\/\/winixeurope.eu\/fr\/wp-json\/wp\/v2\/types\/product"}],"wp:featuredmedia":[{"embeddable":true,"href":"https:\/\/winixeurope.eu\/fr\/wp-json\/wp\/v2\/media\/15925"}],"wp:attachment":[{"href":"https:\/\/winixeurope.eu\/fr\/wp-json\/wp\/v2\/media?parent=3574"}],"wp:term":[{"taxonomy":"product_brand","embeddable":true,"href":"https:\/\/winixeurope.eu\/fr\/wp-json\/wp\/v2\/product_brand?post=3574"},{"taxonomy":"product_cat","embeddable":true,"href":"https:\/\/winixeurope.eu\/fr\/wp-json\/wp\/v2\/product_cat?post=3574"},{"taxonomy":"product_tag","embeddable":true,"href":"https:\/\/winixeurope.eu\/fr\/wp-json\/wp\/v2\/product_tag?post=3574"}],"curies":[{"name":"wp","href":"https:\/\/api.w.org\/{rel}","templated":true}]}}