{"id":34976,"date":"2025-10-01T10:38:08","date_gmt":"2025-10-01T10:38:08","guid":{"rendered":"https:\/\/winixeurope.eu\/?post_type=product&#038;p=34976"},"modified":"2025-10-13T14:12:11","modified_gmt":"2025-10-13T14:12:11","slug":"winix-purificateur-dair-t500","status":"publish","type":"product","link":"https:\/\/winixeurope.eu\/fr\/purificateur-dair\/winix-purificateur-dair-t500\/","title":{"rendered":"Purificateur d\u2019air<br>WINIX T500 WIFI"},"content":{"rendered":"","protected":false},"excerpt":{"rendered":"<div class=\"lRu31\" dir=\"ltr\"><span class=\"HwtZe\" lang=\"fr\"><span class=\"jCAhz ChMk0b\"><span class=\"ryNqvb\">Purificateur d&#8217;air WINIX T500 WIFI est compact, puissant et intelligent, purifiant 99,97 % de votre air int\u00e9rieur.<\/span><\/span> <span class=\"jCAhz ChMk0b\"><span class=\"ryNqvb\">Id\u00e9al pour les chambres, il peut \u00eatre utilis\u00e9 dans toutes les pi\u00e8ces jusqu&#8217;\u00e0 50 m\u00b2.<\/span><\/span> <span class=\"jCAhz ChMk0b\"><span class=\"ryNqvb\">Avec un d\u00e9bit d&#8217;air purifi\u00e9 (CADR) de 250 m\u00b3 par heure, ce purificateur HEPA am\u00e9liore la qualit\u00e9 de votre air int\u00e9rieur en \u00e9liminant les allerg\u00e8nes, le pollen, la poussi\u00e8re, les acariens, les particules fines (PM2,5), les squames d&#8217;animaux, les spores de moisissures, les odeurs domestiques (COV) et la fum\u00e9e de cigarette\u00a0!<\/span><\/span> <span class=\"jCAhz ChMk0b\"><span class=\"ryNqvb\">Vous pouvez contr\u00f4ler ce nouveau purificateur d&#8217;air manuellement ou via l&#8217;application WINIX Smart, Google Home ou Amazon Alexa.<\/span><\/span><\/span><\/div>\n<div dir=\"ltr\"><\/div>\n<div dir=\"ltr\"><span class=\"HwtZe\" lang=\"fr\"><span class=\"jCAhz ChMk0b\"><span class=\"ryNqvb\">Le purificateur d&#8217;air T500 WIFI utilise un <strong><a href=\"https:\/\/winixeurope.eu\/fr\/filtres\/winix-purificateur-dair-filtre-o\/\">WINIX Filtre-O<\/a><\/strong> tout-en-un, tout comme les purificateurs d&#8217;air A330, A332 et ZERO Compact.<\/span><\/span> P<span class=\"jCAhz ChMk0b\"><span class=\"ryNqvb\">urificateur d&#8217;air chambre WINIX T500 WIFI avec filtre HEPA filtre l&#8217;air int\u00e9rieur gr\u00e2ce \u00e0 1) un pr\u00e9filtre, 2) un filtre \u00e0 charbon, 3) un filtre HEPA (99,97 %) et 4) notre technologie WINIX PlasmaWave\u00ae.<\/span><\/span> <span class=\"jCAhz ChMk0b\"><span class=\"ryNqvb\">Gr\u00e2ce \u00e0 ses capteurs intelligents, ce purificateur d&#8217;air HEPA purifie l&#8217;air int\u00e9rieur de mani\u00e8re proactive, vous garantissant ainsi un air pur tout au long de son utilisation.<\/span><\/span> <span class=\"jCAhz ChMk0b\"><span class=\"ryNqvb\">Ce nouveau purificateur d&#8217;air HEPA a \u00e9t\u00e9 test\u00e9 et certifi\u00e9 par <strong><a href=\"https:\/\/www.ecarf-institute.org\/en\/certified-products-services\/\">l&#8217;ECARF<\/a><\/strong> et <strong><a href=\"https:\/\/www.allergyuk.org\/our-services\/allergyuk-products\/winix-plasmawave-air-purifier\/\">Allergy UK<\/a><\/strong>.<\/span><\/span><\/span><\/div>\n<div dir=\"ltr\"><\/div>\n<p><a class=\"wpex-lightbox\" href=\"https:\/\/winixeurope.eu\/wp-content\/uploads\/2025\/10\/WINIX-T500_With-music.mp4\"><button class=\"knop_download_brochure_productpagina\"><i class=\"fa fa-play\" aria-hidden=\"true\"><\/i> Productvideo<\/button><\/a><\/p>\n","protected":false},"featured_media":35045,"template":"","meta":{"inline_featured_image":false},"product_brand":[],"product_cat":[127,50],"product_tag":[],"class_list":{"0":"post-34976","1":"product","2":"type-product","3":"status-publish","4":"has-post-thumbnail","6":"product_cat-offre-de-printemps","7":"product_cat-purificateur-dair","8":"pa_oppverlakte-max-10m2-fr","9":"pa_oppverlakte-max-30m2-fr","10":"pa_oppverlakte-max-50m2-fr","11":"entry","12":"has-media","14":"first","15":"instock","16":"sale","17":"taxable","18":"shipping-taxable","19":"purchasable","20":"product-type-simple"},"jetpack_sharing_enabled":true,"_links":{"self":[{"href":"https:\/\/winixeurope.eu\/fr\/wp-json\/wp\/v2\/product\/34976","targetHints":{"allow":["GET"]}}],"collection":[{"href":"https:\/\/winixeurope.eu\/fr\/wp-json\/wp\/v2\/product"}],"about":[{"href":"https:\/\/winixeurope.eu\/fr\/wp-json\/wp\/v2\/types\/product"}],"wp:featuredmedia":[{"embeddable":true,"href":"https:\/\/winixeurope.eu\/fr\/wp-json\/wp\/v2\/media\/35045"}],"wp:attachment":[{"href":"https:\/\/winixeurope.eu\/fr\/wp-json\/wp\/v2\/media?parent=34976"}],"wp:term":[{"taxonomy":"product_brand","embeddable":true,"href":"https:\/\/winixeurope.eu\/fr\/wp-json\/wp\/v2\/product_brand?post=34976"},{"taxonomy":"product_cat","embeddable":true,"href":"https:\/\/winixeurope.eu\/fr\/wp-json\/wp\/v2\/product_cat?post=34976"},{"taxonomy":"product_tag","embeddable":true,"href":"https:\/\/winixeurope.eu\/fr\/wp-json\/wp\/v2\/product_tag?post=34976"}],"curies":[{"name":"wp","href":"https:\/\/api.w.org\/{rel}","templated":true}]}}