{"id":28311,"date":"2024-12-16T13:08:36","date_gmt":"2024-12-16T13:08:36","guid":{"rendered":"https:\/\/winixeurope.eu\/?post_type=product&#038;p=28311"},"modified":"2025-06-17T11:07:12","modified_gmt":"2025-06-17T11:07:12","slug":"purificateur-dair-winix-5500-2","status":"publish","type":"product","link":"https:\/\/winixeurope.eu\/fr\/purificateur-dair\/purificateur-dair-winix-5500-2\/","title":{"rendered":"Purificateur d\u2019air<br>WINIX 5500-2"},"content":{"rendered":"","protected":false},"excerpt":{"rendered":"<p>Purificateur d&#8217;air WINIX 5500-2 est un nouveau filtre \u00e0 air puissant qui nettoie la qualit\u00e9 de votre air int\u00e9rieur \u00e0 99,999 %. WINIX <span class=\"HwtZe\" lang=\"fr\"><span class=\"jCAhz ChMk0b\"><span class=\"ryNqvb\">Filtre \u00e0 air<\/span><\/span><\/span> 5500-2 est, comme le WINIX 5300-2, extr\u00eamement adapt\u00e9 au salon et convient \u00e0 toutes les pi\u00e8ces jusqu&#8217;\u00e0 99 m\u00b2. Avec un puissant CADR (Clean Air Delivery Rate) de 390 m\u00b3 par heure, ce filtre \u00e0 air HEPA vous aide \u00e0 purifier votre salon, votre chambre ou votre bureau du pollen, des acariens, des poussi\u00e8res fines (PM2,5), des poils d&#8217;animaux, des spores de moisissure, des odeurs domestiques (COV) et de la fum\u00e9e de cigarette.<\/p>\n<p><span class=\"HwtZe\" lang=\"fr\"><span class=\"jCAhz ChMk0b\"><span class=\"ryNqvb\">Purificateur WINIX 5500-2 utilise un syst\u00e8me de filtration en 4 \u00e9tapes et filtre la qualit\u00e9 de l&#8217;air int\u00e9rieur via 1) un pr\u00e9filtre, 2) un filtre \u00e0 charbon actif, 3) un <strong><a href=\"https:\/\/winixeurope.eu\/fr\/filtres\/winix-purificateur-dair-filtre-h\/\">filtre HEPA H13 (99,999 %)<\/a><\/strong> et (4) notre technologie PlasmaWave\u00ae.<\/span><\/span> <span class=\"jCAhz ChMk0b\"><span class=\"ryNqvb\">Gr\u00e2ce au mode automatique et \u00e0 la technologie des capteurs intelligents, le 5500-2 nettoie la qualit\u00e9 de l&#8217;air int\u00e9rieur de mani\u00e8re enti\u00e8rement automatique et donc proactive.<\/span><\/span> <span class=\"jCAhz ChMk0b\"><span class=\"ryNqvb\">Cela signifie que notre Filtre \u00e0 air WINIX 5500-2 garantit que vous respirez de l&#8217;air pur tant que vous utilisez ce filtre \u00e0 air.<\/span><\/span> <span class=\"jCAhz ChMk0b\"><span class=\"ryNqvb\">Test\u00e9 et certifi\u00e9 par <strong><a href=\"https:\/\/www.ecarf-institute.org\/en\/certified-products-services\/\">ECARF<\/a><\/strong> et <strong><a href=\"https:\/\/www.allergyuk.org\/our-services\/allergyuk-products\/winix-plasmawave-air-purifier\/\">Allergy UK<\/a><\/strong>.<\/span><\/span><\/span><\/p>\n<p><a class=\"wpex-lightbox\" href=\"https:\/\/winixeurope.eu\/wp-content\/uploads\/2024\/11\/Winix-5500-2_En.mp4\"><button class=\"knop_download_brochure_productpagina\"><i class=\"fa fa-play\" aria-hidden=\"true\"><\/i> Productvideo<\/button><\/a><\/p>\n","protected":false},"featured_media":28273,"template":"","meta":{"inline_featured_image":false},"product_brand":[],"product_cat":[127,50],"product_tag":[],"class_list":{"0":"post-28311","1":"product","2":"type-product","3":"status-publish","4":"has-post-thumbnail","6":"product_cat-offre-de-printemps","7":"product_cat-purificateur-dair","8":"pa_oppverlakte-max-10m2-fr","9":"pa_oppverlakte-max-30m2-fr","10":"pa_oppverlakte-max-50m2-fr","11":"entry","12":"has-media","14":"first","15":"instock","16":"sale","17":"taxable","18":"shipping-taxable","19":"purchasable","20":"product-type-simple"},"jetpack_sharing_enabled":true,"_links":{"self":[{"href":"https:\/\/winixeurope.eu\/fr\/wp-json\/wp\/v2\/product\/28311","targetHints":{"allow":["GET"]}}],"collection":[{"href":"https:\/\/winixeurope.eu\/fr\/wp-json\/wp\/v2\/product"}],"about":[{"href":"https:\/\/winixeurope.eu\/fr\/wp-json\/wp\/v2\/types\/product"}],"wp:featuredmedia":[{"embeddable":true,"href":"https:\/\/winixeurope.eu\/fr\/wp-json\/wp\/v2\/media\/28273"}],"wp:attachment":[{"href":"https:\/\/winixeurope.eu\/fr\/wp-json\/wp\/v2\/media?parent=28311"}],"wp:term":[{"taxonomy":"product_brand","embeddable":true,"href":"https:\/\/winixeurope.eu\/fr\/wp-json\/wp\/v2\/product_brand?post=28311"},{"taxonomy":"product_cat","embeddable":true,"href":"https:\/\/winixeurope.eu\/fr\/wp-json\/wp\/v2\/product_cat?post=28311"},{"taxonomy":"product_tag","embeddable":true,"href":"https:\/\/winixeurope.eu\/fr\/wp-json\/wp\/v2\/product_tag?post=28311"}],"curies":[{"name":"wp","href":"https:\/\/api.w.org\/{rel}","templated":true}]}}