{"id":26643,"date":"2024-10-23T15:31:37","date_gmt":"2024-10-23T15:31:37","guid":{"rendered":"https:\/\/winixeurope.eu\/?post_type=product&#038;p=26643"},"modified":"2025-05-21T08:37:05","modified_gmt":"2025-05-21T08:37:05","slug":"winix-purificateur-dair-filtre-gr","status":"publish","type":"product","link":"https:\/\/winixeurope.eu\/fr\/filtres\/winix-purificateur-dair-filtre-gr\/","title":{"rendered":"Purificateur d\u2019air<br>WINIX Filtre GR"},"content":{"rendered":"","protected":false},"excerpt":{"rendered":"<p>Purificateur d&#8217;air WINIX filtre GR est un ensemble complet de filtres tout-en-un pour le <span class=\"HwtZe\" lang=\"fr\"><span class=\"jCAhz ChMk0b\"><span class=\"ryNqvb\">filtre \u00e0 air<\/span><\/span><\/span> <strong>WINIX T800 WiFi<\/strong>\u00a0. Le pr\u00e9-filtre capture les grosses particules de poussi\u00e8re et le filtre \u00e0 charbon r\u00e9duit les fortes odeurs int\u00e9rieures, telles que les odeurs de cuisine, les odeurs d&#8217;animaux, la fum\u00e9e de cigarette et les compos\u00e9s organiques volatils. Le filtre HEPA de haute qualit\u00e9 purifie 99,999 % des plus petites particules de poussi\u00e8re et impuret\u00e9s pr\u00e9sentes dans l&#8217;air (aussi petites que 0,1 micron), y compris les particules, le pollen, les allergies, les spores de moisissures et les squames. Le filtre WINIX GR convient uniquement au purificateur d&#8217;air WINIX T800 WiFi.<\/p>\n<p><a href=\"https:\/\/winixeurope.eu\/fr\/purificateur-dair\/purificateur-dair-winix-t800\/\"><strong>WINIX T800 WiFi<\/strong><\/a> est notre purificateur d&#8217;air le plus r\u00e9cent et le plus puissant qui nettoie la qualit\u00e9 de votre air int\u00e9rieur de 99,999 % \u00e0 l&#8217;aide de l&#8217;application WINIX Smart. Avec un puissant CADR (Clean Air Delivery Rate) de 500 m\u00b3 par heure, le T800 purifie la qualit\u00e9 de l\u2019air int\u00e9rieur en 10 minutes ! WINIX T800 WiFi peut \u00eatre command\u00e9 manuellement \u00e0 l&#8217;aide de l&#8217;application WINIX Smart, mais \u00e9galement via la commande vocale via Google Home ou Amazon Alexa.<\/p>\n","protected":false},"featured_media":29331,"template":"","meta":{"inline_featured_image":false},"product_brand":[],"product_cat":[73],"product_tag":[],"class_list":{"0":"post-26643","1":"product","2":"type-product","3":"status-publish","4":"has-post-thumbnail","6":"product_cat-filtres","7":"entry","8":"has-media","10":"first","11":"instock","12":"taxable","13":"shipping-taxable","14":"purchasable","15":"product-type-simple"},"jetpack_sharing_enabled":true,"_links":{"self":[{"href":"https:\/\/winixeurope.eu\/fr\/wp-json\/wp\/v2\/product\/26643","targetHints":{"allow":["GET"]}}],"collection":[{"href":"https:\/\/winixeurope.eu\/fr\/wp-json\/wp\/v2\/product"}],"about":[{"href":"https:\/\/winixeurope.eu\/fr\/wp-json\/wp\/v2\/types\/product"}],"wp:featuredmedia":[{"embeddable":true,"href":"https:\/\/winixeurope.eu\/fr\/wp-json\/wp\/v2\/media\/29331"}],"wp:attachment":[{"href":"https:\/\/winixeurope.eu\/fr\/wp-json\/wp\/v2\/media?parent=26643"}],"wp:term":[{"taxonomy":"product_brand","embeddable":true,"href":"https:\/\/winixeurope.eu\/fr\/wp-json\/wp\/v2\/product_brand?post=26643"},{"taxonomy":"product_cat","embeddable":true,"href":"https:\/\/winixeurope.eu\/fr\/wp-json\/wp\/v2\/product_cat?post=26643"},{"taxonomy":"product_tag","embeddable":true,"href":"https:\/\/winixeurope.eu\/fr\/wp-json\/wp\/v2\/product_tag?post=26643"}],"curies":[{"name":"wp","href":"https:\/\/api.w.org\/{rel}","templated":true}]}}