{"id":26143,"date":"2024-10-01T09:34:53","date_gmt":"2024-10-01T09:34:53","guid":{"rendered":"https:\/\/winixeurope.eu\/?post_type=product&#038;p=26143"},"modified":"2025-05-21T08:22:51","modified_gmt":"2025-05-21T08:22:51","slug":"purificateur-dair-winix-t800","status":"publish","type":"product","link":"https:\/\/winixeurope.eu\/fr\/purificateur-dair\/purificateur-dair-winix-t800\/","title":{"rendered":"Purificateur d\u2019air<br>WINIX T800 WiFi"},"content":{"rendered":"","protected":false},"excerpt":{"rendered":"<p><span class=\"HwtZe\" lang=\"fr\"><span class=\"jCAhz ChMk0b\"><span class=\"ryNqvb\">Purificateur d&#8217;air WINIX T800 WiFi est notre purificateur le plus r\u00e9cent et le plus puissant qui nettoie la qualit\u00e9 de votre air int\u00e9rieur de 99,999 % \u00e0 l&#8217;aide de l&#8217;application WINIX Smart.<\/span><\/span> <span class=\"jCAhz ChMk0b\"><span class=\"ryNqvb\">WINIX T800 est un air purifier enti\u00e8rement automatique adapt\u00e9 \u00e0 toutes les pi\u00e8ces jusqu&#8217;\u00e0 120 m\u00b2.<\/span><\/span> <\/span><\/p>\n<p><span class=\"HwtZe\" lang=\"fr\"><span class=\"jCAhz ChMk0b\"><span class=\"ryNqvb\">Avec un puissant CADR (Clean Air Delivery Rate) de 500 m\u00b3 par heure, ce filtre \u00e0 air vous aide \u00e0 purifier la qualit\u00e9 de votre air int\u00e9rieur contre les allergies, le pollen, la poussi\u00e8re, les acariens, les particules (PM2,5), les poils d&#8217;animaux, les spores de moisissures, les d\u00e9chets m\u00e9nagers, odeurs (COV) et fum\u00e9e de cigarette !<\/span><\/span> <span class=\"jCAhz ChMk0b\"><span class=\"ryNqvb\">Ce purificateur d&#8217;air peut \u00eatre command\u00e9 manuellement \u00e0 l&#8217;aide de l&#8217;application WINIX Smart, mais \u00e9galement via la commande vocale avec Google Home ou Amazon Alexa.<\/span><\/span><\/span><\/p>\n<p><span class=\"HwtZe\" lang=\"fr\"><span class=\"jCAhz ChMk0b\"><span class=\"ryNqvb\">WINIX T800 utilise un <strong><a href=\"https:\/\/winixeurope.eu\/fr\/filtres\/winix-purificateur-dair-filtre-gr\/\">filtre GR<\/a><\/strong> tout-en-un et filtre la qualit\u00e9 de votre air int\u00e9rieur en utilisant 1) un pr\u00e9-filtre, 2) un filtre \u00e0 charbon, 3) un filtre HEPA (99,999 %) et 4) notre technologie WINIX PlasmaWave\u00ae.<\/span><\/span> <span class=\"jCAhz ChMk0b\"><span class=\"ryNqvb\">Gr\u00e2ce \u00e0 la technologie de capteurs num\u00e9riques et intelligents, ce purificateur d&#8217;air nettoie de mani\u00e8re proactive la qualit\u00e9 de l&#8217;air int\u00e9rieur et garanti que vous respirez de l&#8217;air pur tant que vous utilisez le purificateur d&#8217;air. Test\u00e9 et certifi\u00e9 par\u00a0<strong><a href=\"https:\/\/www.ecarf-institute.org\/en\/certified-products-services\/\">ECARF<\/a><\/strong>\u00a0et\u00a0<strong><a href=\"https:\/\/www.allergyuk.org\/our-services\/allergyuk-products\/winix-plasmawave-air-purifier\/\">Allergy UK.<\/a><\/strong><br \/>\n<\/span><\/span><\/span><\/p>\n<p><a class=\"wpex-lightbox\" href=\"https:\/\/winixeurope.eu\/wp-content\/uploads\/2024\/10\/WINIX-T800_English.mp4\"><button class=\"knop_download_brochure_productpagina\"><i class=\"fa fa-play\" aria-hidden=\"true\"><\/i> Productvideo<\/button><\/a><\/p>\n","protected":false},"featured_media":26394,"template":"","meta":{"inline_featured_image":false},"product_brand":[],"product_cat":[127,50],"product_tag":[],"class_list":{"0":"post-26143","1":"product","2":"type-product","3":"status-publish","4":"has-post-thumbnail","6":"product_cat-offre-de-printemps","7":"product_cat-purificateur-dair","8":"pa_oppverlakte-max-10m2-fr","9":"pa_oppverlakte-max-30m2-fr","10":"pa_oppverlakte-max-50m2-fr","11":"entry","12":"has-media","14":"first","15":"outofstock","16":"sale","17":"taxable","18":"shipping-taxable","19":"purchasable","20":"product-type-simple"},"jetpack_sharing_enabled":true,"_links":{"self":[{"href":"https:\/\/winixeurope.eu\/fr\/wp-json\/wp\/v2\/product\/26143","targetHints":{"allow":["GET"]}}],"collection":[{"href":"https:\/\/winixeurope.eu\/fr\/wp-json\/wp\/v2\/product"}],"about":[{"href":"https:\/\/winixeurope.eu\/fr\/wp-json\/wp\/v2\/types\/product"}],"wp:featuredmedia":[{"embeddable":true,"href":"https:\/\/winixeurope.eu\/fr\/wp-json\/wp\/v2\/media\/26394"}],"wp:attachment":[{"href":"https:\/\/winixeurope.eu\/fr\/wp-json\/wp\/v2\/media?parent=26143"}],"wp:term":[{"taxonomy":"product_brand","embeddable":true,"href":"https:\/\/winixeurope.eu\/fr\/wp-json\/wp\/v2\/product_brand?post=26143"},{"taxonomy":"product_cat","embeddable":true,"href":"https:\/\/winixeurope.eu\/fr\/wp-json\/wp\/v2\/product_cat?post=26143"},{"taxonomy":"product_tag","embeddable":true,"href":"https:\/\/winixeurope.eu\/fr\/wp-json\/wp\/v2\/product_tag?post=26143"}],"curies":[{"name":"wp","href":"https:\/\/api.w.org\/{rel}","templated":true}]}}