{"id":20513,"date":"2023-10-24T12:53:01","date_gmt":"2023-10-24T12:53:01","guid":{"rendered":"https:\/\/winixeurope.eu\/?post_type=product&#038;p=20513"},"modified":"2025-03-07T12:56:22","modified_gmt":"2025-03-07T12:56:22","slug":"purificateur-dair-winix-a332","status":"publish","type":"product","link":"https:\/\/winixeurope.eu\/fr\/purificateur-dair\/purificateur-dair-winix-a332\/","title":{"rendered":"Purificateur d\u2019air<br>WINIX A332"},"content":{"rendered":"","protected":false},"excerpt":{"rendered":"<p><span class=\"HwtZe\" lang=\"fr\"><span class=\"jCAhz ChMk0b\"><span class=\"ryNqvb\">Purificateur d&#8217;air WINIX A332 est un purificateur d&#8217;air compact et puissant qui nettoie la qualit\u00e9 de l&#8217;air int\u00e9rieur \u00e0 99,97 %.<\/span><\/span> Le A<span class=\"jCAhz ChMk0b\"><span class=\"ryNqvb\">332 peut \u00eatre utilis\u00e9 dans toutes les pi\u00e8ces jusqu&#8217;\u00e0 45 m\u00b2.<\/span><\/span> <span class=\"jCAhz ChMk0b\"><span class=\"ryNqvb\">Avec un puissant CADR (Clean Air Delivery Rate) de 228 m\u00b3 par heure, le WINIX A332 vous aide \u00e0 purifier la qualit\u00e9 de votre air int\u00e9rieur contre les allergies, le pollen, la poussi\u00e8re, les particules (PM2,5), les virus, les bact\u00e9ries, les poils d&#8217;animaux, les spores de moisissures, odeurs domestiques (COV) et fum\u00e9e de cigarette !<\/span><\/span><\/span><\/p>\n<p><span class=\"HwtZe\" lang=\"fr\"><span class=\"jCAhz ChMk0b\"><span class=\"ryNqvb\">A332 utilise un ensemble de filtres <strong><a href=\"https:\/\/winixeurope.eu\/fr\/filtres\/winix-purificateur-dair-filtre-o\/\">tout-en-un et filtre O<\/a><\/strong> la qualit\u00e9 de votre air int\u00e9rieur en utilisant 1) un pr\u00e9-filtre, 2) un filtre \u00e0 charbon, 3) un filtre HEPA (99,97 %) et 4) notre technologie WINIX PlasmaWave\u00ae.<\/span><\/span> <span class=\"jCAhz ChMk0b\"><span class=\"ryNqvb\">Gr\u00e2ce \u00e0 la technologie de capteurs intelligents, l&#8217;A330 nettoie de mani\u00e8re proactive l&#8217;air int\u00e9rieur et garantit que vous respirez de l&#8217;air pur tant que vous utilisez le purificateur d&#8217;air.<\/span><\/span><\/span><\/p>\n<p><a class=\"wpex-lightbox\" href=\"https:\/\/winixeurope.eu\/wp-content\/uploads\/2023\/10\/WINIX-A332.mp4\"><button class=\"knop_download_brochure_productpagina\"><i class=\"fa fa-play\" aria-hidden=\"true\"><\/i> Productvideo<\/button><\/a><\/p>\n","protected":false},"featured_media":20561,"template":"","meta":{"inline_featured_image":false},"product_brand":[],"product_cat":[127,50],"product_tag":[],"class_list":{"0":"post-20513","1":"product","2":"type-product","3":"status-publish","4":"has-post-thumbnail","6":"product_cat-offre-de-printemps","7":"product_cat-purificateur-dair","8":"pa_oppverlakte-max-10m2-fr","9":"pa_oppverlakte-max-30m2-fr","10":"pa_oppverlakte-max-50m2-fr","11":"entry","12":"has-media","14":"first","15":"instock","16":"sale","17":"taxable","18":"shipping-taxable","19":"purchasable","20":"product-type-simple"},"jetpack_sharing_enabled":true,"_links":{"self":[{"href":"https:\/\/winixeurope.eu\/fr\/wp-json\/wp\/v2\/product\/20513","targetHints":{"allow":["GET"]}}],"collection":[{"href":"https:\/\/winixeurope.eu\/fr\/wp-json\/wp\/v2\/product"}],"about":[{"href":"https:\/\/winixeurope.eu\/fr\/wp-json\/wp\/v2\/types\/product"}],"wp:featuredmedia":[{"embeddable":true,"href":"https:\/\/winixeurope.eu\/fr\/wp-json\/wp\/v2\/media\/20561"}],"wp:attachment":[{"href":"https:\/\/winixeurope.eu\/fr\/wp-json\/wp\/v2\/media?parent=20513"}],"wp:term":[{"taxonomy":"product_brand","embeddable":true,"href":"https:\/\/winixeurope.eu\/fr\/wp-json\/wp\/v2\/product_brand?post=20513"},{"taxonomy":"product_cat","embeddable":true,"href":"https:\/\/winixeurope.eu\/fr\/wp-json\/wp\/v2\/product_cat?post=20513"},{"taxonomy":"product_tag","embeddable":true,"href":"https:\/\/winixeurope.eu\/fr\/wp-json\/wp\/v2\/product_tag?post=20513"}],"curies":[{"name":"wp","href":"https:\/\/api.w.org\/{rel}","templated":true}]}}