{"id":3398,"date":"2022-11-08T15:10:19","date_gmt":"2022-11-08T15:10:19","guid":{"rendered":"https:\/\/winixeurope.eu\/verzend-betaalinformatie\/"},"modified":"2024-06-11T14:45:25","modified_gmt":"2024-06-11T14:45:25","slug":"livraison-et-paiement","status":"publish","type":"page","link":"https:\/\/winixeurope.eu\/fr\/livraison-et-paiement\/","title":{"rendered":"Livraison et paiement"},"content":{"rendered":"<div class=\"wpb-content-wrapper\">[vc_row][vc_column]<div class=\"templatera_shortcode\"><style type=\"text\/css\" data-type=\"vc_shortcodes-custom-css\">.vc_custom_1666870742026{padding-top: 13px !important;padding-bottom: 11px !important;background-color: #efefef !important;}.vc_custom_1667297281589{padding-top: 13px !important;padding-bottom: 0px !important;background-color: #efefef !important;}.vc_custom_1668697064807{padding-right: 14% !important;padding-left: 14% !important;}<\/style><div class=\"vc_row wpb_row vc_row-fluid sticky_rij_desktop vc_custom_1666870742026 wpex-vc-full-width-row wpex-vc-full-width-row--centered wpex-relative wpex-vc_row-has-fill wpex-vc-reset-negative-margin\"><div class=\"wpb_column sticky_kolom vc_column_container vc_col-sm-12 vc_hidden-xs\"><div class=\"vc_column-inner vc_custom_1668697064807\"><div class=\"wpb_wrapper\"><div class=\"vc_row wpb_row vc_inner vc_row-fluid wpex-relative\"><div class=\"wpb_column vc_column_container vc_col-sm-3\"><div class=\"vc_column-inner\"><div class=\"wpb_wrapper\"><style>.vcex-list_item.vcex_69d4d92628eee{color:#757575;font-size:13px;}<\/style><div class=\"vcex-list_item vcex-module wpex-m-0 wpex-max-w-100 wpex-mb-5 wpex-text-center vcex_69d4d92628eee\"><a href=\"https:\/\/winixeurope.eu\/fr\/livraison-et-paiement\/\" class=\"vcex-list-item-link wpex-no-underline wpex-inherit-color\"><div class=\"vcex-list-item-inner wpex-inline-flex wpex-flex-no-wrap\"><div class=\"vcex-list-item-icon wpex-mr-10\"><div class=\"vcex-list-item-icon-inner vcex-icon-wrap wpex-inline-flex wpex-justify-center wpex-items-center wpex-leading-none wpex-child-inherit-color\"><span class=\"wpex-icon--w wpex-icon\" aria-hidden=\"true\"><svg xmlns=\"http:\/\/www.w3.org\/2000\/svg\" viewBox=\"0 0 640 512\"><path d=\"M48 0C21.5 0 0 21.5 0 48V368c0 26.5 21.5 48 48 48H64c0 53 43 96 96 96s96-43 96-96H384c0 53 43 96 96 96s96-43 96-96h32c17.7 0 32-14.3 32-32s-14.3-32-32-32V288 256 237.3c0-17-6.7-33.3-18.7-45.3L512 114.7c-12-12-28.3-18.7-45.3-18.7H416V48c0-26.5-21.5-48-48-48H48zM416 160h50.7L544 237.3V256H416V160zM112 416a48 48 0 1 1 96 0 48 48 0 1 1 -96 0zm368-48a48 48 0 1 1 0 96 48 48 0 1 1 0-96z\"\/><\/svg><\/span><\/div><\/div><div class=\"vcex-list-item-text vcex-content wpex-flex-grow\">Livraison gratuite <\/div><\/div><\/a><\/div><\/div><\/div><\/div><div class=\"wpb_column vc_column_container vc_col-sm-3\"><div class=\"vc_column-inner\"><div class=\"wpb_wrapper\"><style>.vcex-list_item.vcex_69d4d9262dd92{color:#757575;font-size:13px;}<\/style><div class=\"vcex-list_item vcex-module wpex-m-0 wpex-max-w-100 wpex-mb-5 wpex-text-center local-scroll-link vcex_69d4d9262dd92\"><a href=\"#10korting\" class=\"vcex-list-item-link wpex-no-underline wpex-inherit-color\"><div class=\"vcex-list-item-inner wpex-inline-flex wpex-flex-no-wrap\"><div class=\"vcex-list-item-icon wpex-mr-10\"><div class=\"vcex-list-item-icon-inner vcex-icon-wrap wpex-inline-flex wpex-justify-center wpex-items-center wpex-leading-none wpex-child-inherit-color\"><span class=\"wpex-icon--w wpex-icon\" aria-hidden=\"true\"><svg xmlns=\"http:\/\/www.w3.org\/2000\/svg\" viewBox=\"0 0 512 512\"><path d=\"M168 80c-13.3 0-24 10.7-24 24V408c0 8.4-1.4 16.5-4.1 24H440c13.3 0 24-10.7 24-24V104c0-13.3-10.7-24-24-24H168zM72 480c-39.8 0-72-32.2-72-72V112C0 98.7 10.7 88 24 88s24 10.7 24 24V408c0 13.3 10.7 24 24 24s24-10.7 24-24V104c0-39.8 32.2-72 72-72H440c39.8 0 72 32.2 72 72V408c0 39.8-32.2 72-72 72H72zM176 136c0-13.3 10.7-24 24-24h96c13.3 0 24 10.7 24 24v80c0 13.3-10.7 24-24 24H200c-13.3 0-24-10.7-24-24V136zm200-24h32c13.3 0 24 10.7 24 24s-10.7 24-24 24H376c-13.3 0-24-10.7-24-24s10.7-24 24-24zm0 80h32c13.3 0 24 10.7 24 24s-10.7 24-24 24H376c-13.3 0-24-10.7-24-24s10.7-24 24-24zM200 272H408c13.3 0 24 10.7 24 24s-10.7 24-24 24H200c-13.3 0-24-10.7-24-24s10.7-24 24-24zm0 80H408c13.3 0 24 10.7 24 24s-10.7 24-24 24H200c-13.3 0-24-10.7-24-24s10.7-24 24-24z\"\/><\/svg><\/span><\/div><\/div><div class=\"vcex-list-item-text vcex-content wpex-flex-grow\">Enregistrer 10 \u20ac de r\u00e9duction<\/div><\/div><\/a><\/div><\/div><\/div><\/div><div class=\"wpb_column vc_column_container vc_col-sm-3\"><div class=\"vc_column-inner\"><div class=\"wpb_wrapper\"><style>.vcex-list_item.vcex_69d4d9262f0e2{color:#757575;font-size:13px;}<\/style><div class=\"vcex-list_item vcex-module wpex-m-0 wpex-max-w-100 wpex-mb-5 wpex-text-center vcex_69d4d9262f0e2\"><a href=\"https:\/\/winixeurope.eu\/fr\/livraison-et-paiement\/\" class=\"vcex-list-item-link wpex-no-underline wpex-inherit-color\"><div class=\"vcex-list-item-inner wpex-inline-flex wpex-flex-no-wrap\"><div class=\"vcex-list-item-icon wpex-mr-10\"><div class=\"vcex-list-item-icon-inner vcex-icon-wrap wpex-inline-flex wpex-justify-center wpex-items-center wpex-leading-none wpex-child-inherit-color\"><span class=\"wpex-icon--w wpex-icon\" aria-hidden=\"true\"><svg xmlns=\"http:\/\/www.w3.org\/2000\/svg\" viewBox=\"0 0 34 32\"><path d=\"M31.429 2.286q1.179 0 2.018 0.839t0.839 2.018v21.714q0 1.179-0.839 2.018t-2.018 0.839h-28.571q-1.179 0-2.018-0.839t-0.839-2.018v-21.714q0-1.179 0.839-2.018t2.018-0.839h28.571zM2.857 4.571q-0.232 0-0.402 0.17t-0.17 0.402v4h29.714v-4q0-0.232-0.17-0.402t-0.402-0.17h-28.571zM31.429 27.429q0.232 0 0.402-0.17t0.17-0.402v-10.857h-29.714v10.857q0 0.232 0.17 0.402t0.402 0.17h28.571zM4.571 25.143v-2.286h4.571v2.286h-4.571zM11.429 25.143v-2.286h6.857v2.286h-6.857z\"><\/path><\/svg><\/span><\/div><\/div><div class=\"vcex-list-item-text vcex-content wpex-flex-grow\">Klarna payer plus tard<\/div><\/div><\/a><\/div><\/div><\/div><\/div><div class=\"wpb_column vc_column_container vc_col-sm-3\"><div class=\"vc_column-inner\"><div class=\"wpb_wrapper\"><style>.vcex-list_item.vcex_69d4d9262fc03{color:#757575;font-size:13px;}<\/style><div class=\"vcex-list_item vcex-module wpex-m-0 wpex-max-w-100 wpex-mb-5 wpex-text-center vcex_69d4d9262fc03\"><a href=\"https:\/\/winixeurope.eu\/fr\/enregistrez\/\" class=\"vcex-list-item-link wpex-no-underline wpex-inherit-color\"><div class=\"vcex-list-item-inner wpex-inline-flex wpex-flex-no-wrap\"><div class=\"vcex-list-item-icon wpex-mr-10\"><div class=\"vcex-list-item-icon-inner vcex-icon-wrap wpex-inline-flex wpex-justify-center wpex-items-center wpex-leading-none wpex-child-inherit-color\"><span class=\"wpex-icon--w wpex-icon\" aria-hidden=\"true\"><svg xmlns=\"http:\/\/www.w3.org\/2000\/svg\" viewBox=\"0 0 512 512\"><path d=\"M24 32C10.7 32 0 42.7 0 56V456c0 13.3 10.7 24 24 24H40c13.3 0 24-10.7 24-24V56c0-13.3-10.7-24-24-24H24zm88 0c-8.8 0-16 7.2-16 16V464c0 8.8 7.2 16 16 16s16-7.2 16-16V48c0-8.8-7.2-16-16-16zm72 0c-13.3 0-24 10.7-24 24V456c0 13.3 10.7 24 24 24h16c13.3 0 24-10.7 24-24V56c0-13.3-10.7-24-24-24H184zm96 0c-13.3 0-24 10.7-24 24V456c0 13.3 10.7 24 24 24h16c13.3 0 24-10.7 24-24V56c0-13.3-10.7-24-24-24H280zM448 56V456c0 13.3 10.7 24 24 24h16c13.3 0 24-10.7 24-24V56c0-13.3-10.7-24-24-24H472c-13.3 0-24 10.7-24 24zm-64-8V464c0 8.8 7.2 16 16 16s16-7.2 16-16V48c0-8.8-7.2-16-16-16s-16 7.2-16 16z\"\/><\/svg><\/span><\/div><\/div><div class=\"vcex-list-item-text vcex-content wpex-flex-grow\">garantie d'un an suppl\u00e9mentaire<\/div><\/div><\/a><\/div><\/div><\/div><\/div><\/div><\/div><\/div><\/div><\/div><div class=\"vc_row wpb_row vc_row-fluid sticky_rij_desktop vc_custom_1667297281589 wpex-vc-full-width-row wpex-vc-full-width-row--centered wpex-relative wpex-vc_row-has-fill wpex-vc-reset-negative-margin\"><div class=\"wpb_column sticky_kolom vc_column_container vc_col-sm-12 vc_hidden-lg vc_hidden-md vc_hidden-sm\"><div class=\"vc_column-inner\"><div class=\"wpb_wrapper\">        <style>\r\n        \t.unique-carousel-378 .owl-next, .unique-carousel-378 .owl-prev{\r\n        \t\tbackground: rgba(30,115,190,0.01)  !important;\r\n        \t\tcolor: #c2c2c2 !important;\r\n        \t}\r\n\r\n        \t.unique-carousel-378.owl-theme .owl-dots .owl-dot.active span, .unique-carousel-378.owl-theme .owl-dots .owl-dot:hover span{\r\n        \t\tbackground:  !important;\r\n        \t}\r\n\r\n        \t.owl-next, .owl-prev{\r\n        \t\ttop: 40%;\r\n        \t}\r\n        <\/style>\r\n        <div class=\"wdo-carosuel-container unique-carousel-378 owl-carousel owl-theme\">\r\n        \t\r\n        <div class=\"item\">\r\n        \t<style>.vcex-list_item.vcex_69d4d92631e38{color:#757575;font-size:14px;}<\/style><div class=\"vcex-list_item vcex-module wpex-m-0 wpex-max-w-100 wpex-mb-5 wpex-text-center vcex_69d4d92631e38\"><a href=\"https:\/\/winixeurope.eu\/fr\/livraison-et-paiement\/\" class=\"vcex-list-item-link wpex-no-underline wpex-inherit-color\"><div class=\"vcex-list-item-inner wpex-inline-flex wpex-flex-no-wrap\"><div class=\"vcex-list-item-icon wpex-mr-10\"><div class=\"vcex-list-item-icon-inner vcex-icon-wrap wpex-inline-flex wpex-justify-center wpex-items-center wpex-leading-none wpex-child-inherit-color\"><span class=\"wpex-icon--w wpex-icon\" aria-hidden=\"true\"><svg xmlns=\"http:\/\/www.w3.org\/2000\/svg\" viewBox=\"0 0 34 32\"><path d=\"M31.429 2.286q1.179 0 2.018 0.839t0.839 2.018v21.714q0 1.179-0.839 2.018t-2.018 0.839h-28.571q-1.179 0-2.018-0.839t-0.839-2.018v-21.714q0-1.179 0.839-2.018t2.018-0.839h28.571zM2.857 4.571q-0.232 0-0.402 0.17t-0.17 0.402v4h29.714v-4q0-0.232-0.17-0.402t-0.402-0.17h-28.571zM31.429 27.429q0.232 0 0.402-0.17t0.17-0.402v-10.857h-29.714v10.857q0 0.232 0.17 0.402t0.402 0.17h28.571zM4.571 25.143v-2.286h4.571v2.286h-4.571zM11.429 25.143v-2.286h6.857v2.286h-6.857z\"><\/path><\/svg><\/span><\/div><\/div><div class=\"vcex-list-item-text vcex-content wpex-flex-grow\">Klarna payer plus tard<\/div><\/div><\/a><\/div>        <\/div>\r\n\r\n        \r\n        <div class=\"item\">\r\n        \t<style>.vcex-list_item.vcex_69d4d92632b56{color:#757575;font-size:14px;}<\/style><div class=\"vcex-list_item vcex-module wpex-m-0 wpex-max-w-100 wpex-mb-5 wpex-text-center local-scroll-link vcex_69d4d92632b56\"><a href=\"#10kortingmobiel\" class=\"vcex-list-item-link wpex-no-underline wpex-inherit-color\"><div class=\"vcex-list-item-inner wpex-inline-flex wpex-flex-no-wrap\"><div class=\"vcex-list-item-icon wpex-mr-10\"><div class=\"vcex-list-item-icon-inner vcex-icon-wrap wpex-inline-flex wpex-justify-center wpex-items-center wpex-leading-none wpex-child-inherit-color\"><span class=\"wpex-icon--w wpex-icon\" aria-hidden=\"true\"><svg xmlns=\"http:\/\/www.w3.org\/2000\/svg\" viewBox=\"0 0 512 512\"><path d=\"M168 80c-13.3 0-24 10.7-24 24V408c0 8.4-1.4 16.5-4.1 24H440c13.3 0 24-10.7 24-24V104c0-13.3-10.7-24-24-24H168zM72 480c-39.8 0-72-32.2-72-72V112C0 98.7 10.7 88 24 88s24 10.7 24 24V408c0 13.3 10.7 24 24 24s24-10.7 24-24V104c0-39.8 32.2-72 72-72H440c39.8 0 72 32.2 72 72V408c0 39.8-32.2 72-72 72H72zM176 136c0-13.3 10.7-24 24-24h96c13.3 0 24 10.7 24 24v80c0 13.3-10.7 24-24 24H200c-13.3 0-24-10.7-24-24V136zm200-24h32c13.3 0 24 10.7 24 24s-10.7 24-24 24H376c-13.3 0-24-10.7-24-24s10.7-24 24-24zm0 80h32c13.3 0 24 10.7 24 24s-10.7 24-24 24H376c-13.3 0-24-10.7-24-24s10.7-24 24-24zM200 272H408c13.3 0 24 10.7 24 24s-10.7 24-24 24H200c-13.3 0-24-10.7-24-24s10.7-24 24-24zm0 80H408c13.3 0 24 10.7 24 24s-10.7 24-24 24H200c-13.3 0-24-10.7-24-24s10.7-24 24-24z\"\/><\/svg><\/span><\/div><\/div><div class=\"vcex-list-item-text vcex-content wpex-flex-grow\">Enregistrer 10 \u20ac de r\u00e9duction<\/div><\/div><\/a><\/div>        <\/div>\r\n\r\n        \r\n        <div class=\"item\">\r\n        \t<style>.vcex-list_item.vcex_69d4d92634065{color:#757575;font-size:14px;}<\/style><div class=\"vcex-list_item vcex-module wpex-m-0 wpex-max-w-100 wpex-mb-5 wpex-text-center vcex_69d4d92634065\"><a href=\"https:\/\/winixeurope.eu\/verzend-betaalinformatie\/\" class=\"vcex-list-item-link wpex-no-underline wpex-inherit-color\"><div class=\"vcex-list-item-inner wpex-inline-flex wpex-flex-no-wrap\"><div class=\"vcex-list-item-icon wpex-mr-10\"><div class=\"vcex-list-item-icon-inner vcex-icon-wrap wpex-inline-flex wpex-justify-center wpex-items-center wpex-leading-none wpex-child-inherit-color\"><span class=\"wpex-icon--w wpex-icon\" aria-hidden=\"true\"><svg xmlns=\"http:\/\/www.w3.org\/2000\/svg\" viewBox=\"0 0 640 512\"><path d=\"M48 0C21.5 0 0 21.5 0 48V368c0 26.5 21.5 48 48 48H64c0 53 43 96 96 96s96-43 96-96H384c0 53 43 96 96 96s96-43 96-96h32c17.7 0 32-14.3 32-32s-14.3-32-32-32V288 256 237.3c0-17-6.7-33.3-18.7-45.3L512 114.7c-12-12-28.3-18.7-45.3-18.7H416V48c0-26.5-21.5-48-48-48H48zM416 160h50.7L544 237.3V256H416V160zM112 416a48 48 0 1 1 96 0 48 48 0 1 1 -96 0zm368-48a48 48 0 1 1 0 96 48 48 0 1 1 0-96z\"\/><\/svg><\/span><\/div><\/div><div class=\"vcex-list-item-text vcex-content wpex-flex-grow\">Livraison gratuite <\/div><\/div><\/a><\/div>        <\/div>\r\n\r\n        \r\n        <div class=\"item\">\r\n        \t<style>.vcex-list_item.vcex_69d4d92637867{color:#757575;font-size:14px;}<\/style><div class=\"vcex-list_item vcex-module wpex-m-0 wpex-max-w-100 wpex-mb-5 wpex-text-center vcex_69d4d92637867\"><a href=\"https:\/\/winixeurope.eu\/fr\/enregistrez\/\" class=\"vcex-list-item-link wpex-no-underline wpex-inherit-color\"><div class=\"vcex-list-item-inner wpex-inline-flex wpex-flex-no-wrap\"><div class=\"vcex-list-item-icon wpex-mr-10\"><div class=\"vcex-list-item-icon-inner vcex-icon-wrap wpex-inline-flex wpex-justify-center wpex-items-center wpex-leading-none wpex-child-inherit-color\"><span class=\"wpex-icon--w wpex-icon\" aria-hidden=\"true\"><svg xmlns=\"http:\/\/www.w3.org\/2000\/svg\" viewBox=\"0 0 512 512\"><path d=\"M24 32C10.7 32 0 42.7 0 56V456c0 13.3 10.7 24 24 24H40c13.3 0 24-10.7 24-24V56c0-13.3-10.7-24-24-24H24zm88 0c-8.8 0-16 7.2-16 16V464c0 8.8 7.2 16 16 16s16-7.2 16-16V48c0-8.8-7.2-16-16-16zm72 0c-13.3 0-24 10.7-24 24V456c0 13.3 10.7 24 24 24h16c13.3 0 24-10.7 24-24V56c0-13.3-10.7-24-24-24H184zm96 0c-13.3 0-24 10.7-24 24V456c0 13.3 10.7 24 24 24h16c13.3 0 24-10.7 24-24V56c0-13.3-10.7-24-24-24H280zM448 56V456c0 13.3 10.7 24 24 24h16c13.3 0 24-10.7 24-24V56c0-13.3-10.7-24-24-24H472c-13.3 0-24 10.7-24 24zm-64-8V464c0 8.8 7.2 16 16 16s16-7.2 16-16V48c0-8.8-7.2-16-16-16s-16 7.2-16 16z\"\/><\/svg><\/span><\/div><\/div><div class=\"vcex-list-item-text vcex-content wpex-flex-grow\">garantie d'un an suppl\u00e9mentaire<\/div><\/div><\/a><\/div>        <\/div>\r\n\r\n                <\/div>\r\n        <script type=\"text\/javascript\">\r\n\r\n        \tjQuery(document).ready(function ($) {\r\n                \/\/ (function($){\r\n                 \r\n                \/\/     $.fn.shuffle = function() {\r\n                 \r\n                \/\/         var allElems = this.get(),\r\n                \/\/             getRandom = function(max) {\r\n                \/\/                 return Math.floor(Math.random() * max);\r\n                \/\/             },\r\n                \/\/             shuffled = $.map(allElems, function(){\r\n                \/\/                 var random = getRandom(allElems.length),\r\n                \/\/                     randEl = $(allElems[random]).clone(true)[0];\r\n                \/\/                 allElems.splice(random, 1);\r\n                \/\/                 return randEl;\r\n                \/\/            });\r\n                 \r\n                \/\/         this.each(function(i){\r\n                \/\/             $(this).replaceWith($(shuffled[i]));\r\n                \/\/         });\r\n                 \r\n                \/\/         return $(shuffled);\r\n                 \r\n                \/\/     };\r\n                 \r\n                \/\/ })(jQuery);\r\n                \/\/ $(\".unique-carousel- .item\").shuffle();\r\n\r\n        \t\t$('.unique-carousel-378').owlCarousel({\r\n        \t\t    margin:10,\r\n        \t\t    touchDrag:true,\r\n                    \/\/ autoHeight:true,\r\n        \t\t    mouseDrag:true,\r\n        \t\t    autoplayHoverPause:true,\r\n        \t\t    autoplayTimeout:5000,\r\n        \t\t    navSpeed:250,\r\n        \t\t    dotsSpeed:300,\r\n        \t\t    animateIn: false, \r\n        \t\t    animateOut: false,\r\n        \t\t    video:true,\r\n        \t\t    videoWidth:true,\r\n        \t\t    videoHeight:300,\r\n        \t\t    loop:true,\r\n        \t\t    slideBy:1,\r\n        \t\t    autoplay:true, \r\n        \t\t    nav:true,\r\n        \t\t    dots:false,\r\n        \t\t    navText:[\"<div class='nav-btn prev-slide'><\/div>\",\"<div class='nav-btn next-slide'><\/div>\"],\r\n        \t\t    responsive:{\r\n        \t\t        0:{\r\n        \t\t            items:1        \t\t        },\r\n        \t\t        600:{\r\n        \t\t            items:1        \t\t        },\r\n        \t\t        1000:{\r\n        \t\t            items:1        \t\t        }\r\n        \t\t    }\r\n        \t\t});\r\n        \t});\r\n        <\/script>\r\n        <\/div><\/div><\/div><\/div><\/div>[\/vc_column][\/vc_row][vc_row full_width=&#8221;stretch_row&#8221; content_placement=&#8221;middle&#8221; css=&#8221;.vc_custom_1667919226083{background-image: url(https:\/\/winixeurope.eu\/wp-content\/uploads\/2022\/11\/WINIX_product_shop_pagina.jpg?id=791) !important;background-position: center !important;background-repeat: no-repeat !important;background-size: cover !important;}&#8221; el_class=&#8221;start_pagina_visual_klasse&#8221; el_id=&#8221;start_pagina_visual_id&#8221;][vc_column offset=&#8221;vc_hidden-xs&#8221;][vc_row_inner equal_height=&#8221;yes&#8221; content_placement=&#8221;middle&#8221;][vc_column_inner width=&#8221;2\/3&#8243; offset=&#8221;vc_col-xs-6&#8243; css=&#8221;.vc_custom_1667300251189{margin-left: -45px !important;}&#8221;][vc_column_text]\n<h1><span class=\"h1_blauw_achtergrond\"><span class=\"HwtZe\" lang=\"fr\"><span class=\"jCAhz JxVs2d ChMk0b\"><span class=\"ryNqvb\">Livraisons et modes de paiement<\/span><\/span><\/span><\/span><\/h1>\n[\/vc_column_text][vc_empty_space height=&#8221;22px&#8221;]<a href=\"https:\/\/winixeurope.eu\/fr\/shop\/\" class=\"vcex-button theme-button inline grote_knop_paars\"><span class=\"vcex-button-inner theme-button-inner wpex-flex wpex-flex-wrap wpex-items-center wpex-justify-center\">Tous les produits<\/span><\/a> [\/vc_column_inner][vc_column_inner width=&#8221;1\/3&#8243; offset=&#8221;vc_col-xs-6&#8243;][vc_empty_space height=&#8221;700px&#8221;][\/vc_column_inner][\/vc_row_inner][\/vc_column][\/vc_row][vc_row full_width=&#8221;stretch_row&#8221; content_placement=&#8221;middle&#8221; css=&#8221;.vc_custom_1667919322095{background-image: url(https:\/\/winixeurope.eu\/wp-content\/uploads\/2022\/11\/bg_mobile_slide.png?id=1202) !important;background-position: center !important;background-repeat: no-repeat !important;background-size: cover !important;}&#8221; el_class=&#8221;start_pagina_visual_klasse&#8221; el_id=&#8221;start_pagina_visual_id&#8221;][vc_column offset=&#8221;vc_hidden-lg vc_hidden-md vc_hidden-sm&#8221;][vc_empty_space height=&#8221;350px&#8221;][\/vc_column][\/vc_row][vc_row full_width=&#8221;stretch_row&#8221; content_placement=&#8221;middle&#8221; css=&#8221;.vc_custom_1667905292291{background-position: center !important;background-repeat: no-repeat !important;background-size: cover !important;}&#8221;][vc_column offset=&#8221;vc_hidden-lg vc_hidden-md vc_hidden-sm&#8221; css=&#8221;.vc_custom_1667905387624{margin-bottom: -70px !important;}&#8221;][vc_empty_space height=&#8221;50px&#8221;][vc_column_text]\n<h1 style=\"text-align: left;\"><span class=\"HwtZe\" lang=\"fr\"><span class=\"jCAhz JxVs2d ChMk0b\"><span class=\"ryNqvb\">Livraisons et modes de paiement<\/span><\/span><\/span><\/h1>\n[\/vc_column_text][vc_empty_space height=&#8221;22px&#8221;]<a href=\"https:\/\/winixeurope.eu\/fr\/shop\/\" class=\"vcex-button theme-button align-left inline grote_knop_paars\"><span class=\"vcex-button-inner theme-button-inner wpex-flex wpex-flex-wrap wpex-items-center wpex-justify-center\">Tous les produits<\/span><\/a> [\/vc_column][\/vc_row][vc_row][vc_column][vc_empty_space height=&#8221;110px&#8221;][vc_column_text]<strong><span class=\"HwtZe\" lang=\"fr\"><span class=\"jCAhz JxVs2d ChMk0b\"><span class=\"ryNqvb\">WINIX Livraisons et modes de paiement:<\/span><\/span><\/span><\/strong><\/p>\n<p><span class=\"HwtZe\" lang=\"fr\"><span class=\"jCAhz JxVs2d ChMk0b\"><span class=\"ryNqvb\">Vous trouverez ici des informations sur les informations et les informations.<\/span><\/span> <span class=\"jCAhz JxVs2d ChMk0b\"><span class=\"ryNqvb\">Si vous n&#8217;avez pas acc\u00e8s \u00e0 ces informations ni \u00e0 la lecture de ces informations, vous pouvez vous en servir vous-m\u00eame avec notre service technique.<\/span><\/span> <span class=\"jCAhz JxVs2d ChMk0b\"><span class=\"ryNqvb\">Nous travaillons de 9h00 \u00e0 17h00 par e-mail ou par t\u00e9l\u00e9phone: <\/span><\/span><\/span><\/p>\n<p><strong>E-Mail:<\/strong>\u00a0<strong><a href=\"https:\/\/winixeurope.eu\/de\/sendungen-und-zahlungen\/order@winixinc.eu\">order@winixinc.eu<\/a><\/strong><br \/>\n<strong><span class=\"HwtZe\" lang=\"fr\"><span class=\"jCAhz JxVs2d ChMk0b\"><span class=\"ryNqvb\">T\u00e9l\u00e9phone<\/span><\/span><\/span>:<\/strong>\u00a0<strong>+31 (0)20 3632107<\/strong><\/p>\n<p><strong>Livraison en France:<\/strong><br \/>\n<span class=\"HwtZe\" lang=\"fr\"><span class=\"jCAhz JxVs2d\"><span class=\"ryNqvb\">Nous exp\u00e9dions votre commande avec le service de colis DPD ou avec DHL et sans frais d&#8217;exp\u00e9dition suppl\u00e9mentaires.<\/span><\/span> <span class=\"jCAhz JxVs2d\"><span class=\"ryNqvb\">D\u00e8s r\u00e9ception de votre paiement, vous recevrez votre confirmation de commande par email.<\/span><\/span> <span class=\"jCAhz JxVs2d\"><span class=\"ryNqvb\">Votre commande sera trait\u00e9e le jour m\u00eame ou le lendemain et g\u00e9n\u00e9ralement livr\u00e9e dans un d\u00e9lai de 2 \u00e0 3 jours ouvrables. <\/span><\/span><\/span><\/p>\n<p><span class=\"HwtZe\" lang=\"fr\"><span class=\"jCAhz JxVs2d ChMk0b\"><span class=\"ryNqvb\">Les commandes ne seront pas trait\u00e9es, exp\u00e9di\u00e9es ou livr\u00e9es le week-end ou les jours f\u00e9ri\u00e9s.<\/span><\/span> <span class=\"jCAhz JxVs2d ChMk0b\"><span class=\"ryNqvb\">S&#8217;il y a un grand nombre de commandes, votre commande peut \u00eatre l\u00e9g\u00e8rement retard\u00e9e.<\/span><\/span> <span class=\"jCAhz JxVs2d ChMk0b\"><span class=\"ryNqvb\">Si votre commande prend un retard important, nous vous contacterons bien entendu par e-mail ou par t\u00e9l\u00e9phone.<\/span><\/span><\/span><\/p>\n<p><strong>Paiement s\u00e9curis\u00e9:<\/strong><br \/>\nD\u00e8s que vous passez du panier au processus de paiement et d\u00e9cidez de payer avec l&#8217;une de nos options de paiement, notre site Web passe automatiquement \u00e0 une connexion SSL s\u00e9curis\u00e9e. Vous pouvez donc \u00eatre s\u00fbr de pouvoir payer en toute s\u00e9curit\u00e9.<\/p>\n<p><strong>Tva<br \/>\n<\/strong>Tous les prix des produits dans notre boutique en ligne comprennent 21% de TVA.<\/p>\n<p><strong>M\u00e9thodes de paiement<\/strong><\/p>\n<ul>\n<li><strong>SEPA<\/strong><\/li>\n<li><strong>Klarna<\/strong><\/li>\n<li><strong>AfterPay<\/strong><\/li>\n<li><strong>GIRO<\/strong><\/li>\n<li><strong>Paypal<\/strong><\/li>\n<li><strong>Maestro<\/strong><\/li>\n<li><strong>Mastercard<\/strong><\/li>\n<li><strong>VISA<\/strong><\/li>\n<li><strong>Amazon Pay<\/strong><\/li>\n<li><strong>Google Pay<\/strong><\/li>\n<li><strong>KBC<\/strong><\/li>\n<li><strong>Bancontact<\/strong><\/li>\n<li><strong>Sofort<\/strong><\/li>\n<\/ul>\n<p>Pour les paiements SEPA, vous pouvez transf\u00e9rer le montant de l&#8217;achat sur notre compte <strong>IBAN NL74ABNA0443048959 au nom de WINIX Europe B.V<\/strong>. transfert. \u00e0 Amsterdam en indiquant votre num\u00e9ro de commande.<\/p>\n<p><strong>Remboursement:<br \/>\n<\/strong><\/p>\n<div class=\"lRu31\" dir=\"ltr\"><span class=\"HwtZe\" lang=\"fr\"><span class=\"jCAhz JxVs2d ChMk0b\"><span class=\"ryNqvb\">Votre remboursement sera effectu\u00e9 dans les 5 \u00e0 7 jours suivant la r\u00e9ception de votre retour sur le m\u00eame compte\/carte de cr\u00e9dit utilis\u00e9 pour effectuer le paiement.<\/span><\/span><\/span><\/div>\n<p>&nbsp;<\/p>\n<p><img loading=\"lazy\" decoding=\"async\" class=\"wp-image-16158 aligncenter\" src=\"https:\/\/winixeurope.eu\/wp-content\/uploads\/2023\/02\/logo.png\" alt=\"\" width=\"892\" height=\"101\" srcset=\"https:\/\/winixeurope.eu\/wp-content\/uploads\/2023\/02\/logo.png 618w, https:\/\/winixeurope.eu\/wp-content\/uploads\/2023\/02\/logo-300x34.png 300w, https:\/\/winixeurope.eu\/wp-content\/uploads\/2023\/02\/logo-600x68.png 600w\" sizes=\"auto, (max-width: 892px) 100vw, 892px\" \/>[\/vc_column_text][vc_empty_space height=&#8221;80px&#8221;][\/vc_column][\/vc_row]\n<\/div>","protected":false},"excerpt":{"rendered":"Livraison gratuite Enregistrer 10 \u20ac de r\u00e9ductionKlarna payer plus tardgarantie d'un an suppl\u00e9mentaire Klarna payer plus tard Enregistrer 10 \u20ac de r\u00e9duction Livraison gratuite garantie d'un an suppl\u00e9mentaire Livraisons et modes de paiement Tous les produits Livraisons et modes de paiement Tous les produits WINIX Livraisons et modes de paiement: Vous trouverez ici des informations&hellip;","protected":false},"author":1,"featured_media":29555,"parent":0,"menu_order":123,"comment_status":"closed","ping_status":"closed","template":"","meta":{"inline_featured_image":false,"footnotes":""},"class_list":["post-3398","page","type-page","status-publish","has-post-thumbnail","hentry","entry","has-media"],"jetpack_sharing_enabled":true,"_links":{"self":[{"href":"https:\/\/winixeurope.eu\/fr\/wp-json\/wp\/v2\/pages\/3398","targetHints":{"allow":["GET"]}}],"collection":[{"href":"https:\/\/winixeurope.eu\/fr\/wp-json\/wp\/v2\/pages"}],"about":[{"href":"https:\/\/winixeurope.eu\/fr\/wp-json\/wp\/v2\/types\/page"}],"author":[{"embeddable":true,"href":"https:\/\/winixeurope.eu\/fr\/wp-json\/wp\/v2\/users\/1"}],"replies":[{"embeddable":true,"href":"https:\/\/winixeurope.eu\/fr\/wp-json\/wp\/v2\/comments?post=3398"}],"version-history":[{"count":9,"href":"https:\/\/winixeurope.eu\/fr\/wp-json\/wp\/v2\/pages\/3398\/revisions"}],"predecessor-version":[{"id":24572,"href":"https:\/\/winixeurope.eu\/fr\/wp-json\/wp\/v2\/pages\/3398\/revisions\/24572"}],"wp:featuredmedia":[{"embeddable":true,"href":"https:\/\/winixeurope.eu\/fr\/wp-json\/wp\/v2\/media\/29555"}],"wp:attachment":[{"href":"https:\/\/winixeurope.eu\/fr\/wp-json\/wp\/v2\/media?parent=3398"}],"curies":[{"name":"wp","href":"https:\/\/api.w.org\/{rel}","templated":true}]}}