{"id":4023,"date":"2022-12-01T11:16:44","date_gmt":"2022-12-01T11:16:44","guid":{"rendered":"https:\/\/winixeurope.eu\/?post_type=product&#038;p=4023"},"modified":"2024-10-15T11:04:54","modified_gmt":"2024-10-15T11:04:54","slug":"winix-luftbefeuchter-aw600-filter-w","status":"publish","type":"product","link":"https:\/\/winixeurope.eu\/de\/filter\/winix-luftbefeuchter-aw600-filter-w\/","title":{"rendered":"Luftbefeuchter<br>WINIX Filter W"},"content":{"rendered":"","protected":false},"excerpt":{"rendered":"<p>Luftbefeuchter AW600 WINIX Filter W ist nur f\u00fcr den WINIX Luftw\u00e4scher AW600 geeignet. Der WINIX Filter W ist ein All-in-One-Kombinationsfilter f\u00fcr den WINIX AW600. Der HEPA-Filter f\u00e4ngt 99 % aller kleineren Staubpartikel und Verunreinigungen wie Staub, Feinstaub, Allergien einschlie\u00dflich Feinstaub, Pollen, Allergien, Schimmelpilzsporen. Der CD-Kohlefilter (Coated Deodorization) verwendet eine Schutzschicht, um starke Ger\u00fcche in der Umgebung wie Haustierger\u00fcche und Zigarettenrauch zu reduzieren. Der WINIX Filter W ist nur f\u00fcr den WINIX Luftw\u00e4scher AW600 geeignet.<\/p>\n<p>WINIX Filter W ist nicht f\u00fcr WINIX L500 und L61 geeignet. Die WINIX L500 und L61 sind unsere neuen Luftbefeuchter mit UV-LightCel-Technologie.<\/p>\n","protected":false},"featured_media":4027,"template":"","meta":{"inline_featured_image":false},"product_brand":[],"product_cat":[74],"product_tag":[],"class_list":{"0":"post-4023","1":"product","2":"type-product","3":"status-publish","4":"has-post-thumbnail","6":"product_cat-filter","7":"pa_oppverlakte-max-10m2-de","8":"pa_oppverlakte-max-50m2-de","9":"entry","10":"has-media","12":"first","13":"instock","14":"taxable","15":"shipping-taxable","16":"purchasable","17":"product-type-simple"},"jetpack_sharing_enabled":true,"_links":{"self":[{"href":"https:\/\/winixeurope.eu\/de\/wp-json\/wp\/v2\/product\/4023","targetHints":{"allow":["GET"]}}],"collection":[{"href":"https:\/\/winixeurope.eu\/de\/wp-json\/wp\/v2\/product"}],"about":[{"href":"https:\/\/winixeurope.eu\/de\/wp-json\/wp\/v2\/types\/product"}],"wp:featuredmedia":[{"embeddable":true,"href":"https:\/\/winixeurope.eu\/de\/wp-json\/wp\/v2\/media\/4027"}],"wp:attachment":[{"href":"https:\/\/winixeurope.eu\/de\/wp-json\/wp\/v2\/media?parent=4023"}],"wp:term":[{"taxonomy":"product_brand","embeddable":true,"href":"https:\/\/winixeurope.eu\/de\/wp-json\/wp\/v2\/product_brand?post=4023"},{"taxonomy":"product_cat","embeddable":true,"href":"https:\/\/winixeurope.eu\/de\/wp-json\/wp\/v2\/product_cat?post=4023"},{"taxonomy":"product_tag","embeddable":true,"href":"https:\/\/winixeurope.eu\/de\/wp-json\/wp\/v2\/product_tag?post=4023"}],"curies":[{"name":"wp","href":"https:\/\/api.w.org\/{rel}","templated":true}]}}