{"id":4018,"date":"2022-11-11T18:18:41","date_gmt":"2022-11-11T18:18:41","guid":{"rendered":"https:\/\/winixeurope.eu\/product\/filter-wrf45hc\/"},"modified":"2025-01-31T11:15:45","modified_gmt":"2025-01-31T11:15:45","slug":"winix-luftreiniger-filter-45hc","status":"publish","type":"product","link":"https:\/\/winixeurope.eu\/de\/filter\/winix-luftreiniger-filter-45hc\/","title":{"rendered":"Luftreiniger<br>WINIX Filter WRF45HC"},"content":{"rendered":"","protected":false},"excerpt":{"rendered":"<p>Luftreiniger WINIX Filter WRF45HC\u00a0 ist ein komplettes Filterset f\u00fcr Ihren HEPA Luftfillter WINIX WACP450. Die auswechselbaren Kohlefilter (4) dieses Filtersets reduzieren starke Ger\u00fcche im Innenraum, wie etwa Kochger\u00fcche, Tierger\u00fcche, Zigarettenrauch und fl\u00fcchtige organische Verbindungen (VOC). Der HEPA Filter reinigt 99,97 % der kleinsten Staubpartikel und Verunreinigungen (bis zu 0,3 Mikrometer). Hierzu z\u00e4hlen Feinstaub, Pollen, Allergien, Schimmelsporen und Tierhaare. WINIX Filter WRF45HC ist nur f\u00fcr WINIX WACP450 geeignet.<\/p>\n<p>Luftreiniger WINIX WACP450 ist ein HEPA Luftfilter, der Ihre Raumluftqualit\u00e4t um 99,97 % verbessert. Dieser HEPA Air Purifier ist f\u00fcr alle R\u00e4ume bis 96 m\u00b2 geeignet. Mit einer leistungsstarken CADR (Clean Air Delivery Rate) von 370 m\u00b3 pro Stunde kann dieser HEPA Luftfilter Ihre Raumluftqualit\u00e4t in 10 Minuten verbessern! Damit k\u00f6nnen Sie Ihr Wohnzimmer, Schlafzimmer oder B\u00fcro von Pollen, Hausstaubmilben, Feinstaub (PM2,5), Tierhaaren, Schimmelsporen, Haushaltsger\u00fcchen (VOCs) und Zigarettenrauch reinigen! Dieser Luftreiniger sorgt daf\u00fcr, dass Sie saubere Raumluft atmen k\u00f6nnen, solange Sie diesen Air Purifier weiterhin verwenden. Getestet und zertifiziert von\u00a0<strong><a href=\"https:\/\/ecarf-siegel.org\/zertifizierte-produkte-services\/\">ECARF<\/a><\/strong>\u00a0und\u00a0<strong><a href=\"https:\/\/www.allergyuk.org\/our-services\/allergyuk-products\/winix-plasmawave-air-purifier\/\">Allergy UK<\/a><\/strong>.<\/p>\n","protected":false},"featured_media":16075,"template":"","meta":{"inline_featured_image":false},"product_brand":[],"product_cat":[74],"product_tag":[],"class_list":{"0":"post-4018","1":"product","2":"type-product","3":"status-publish","4":"has-post-thumbnail","6":"product_cat-filter","7":"pa_oppverlakte-max-10m2-de","8":"pa_oppverlakte-max-50m2-de","9":"entry","10":"has-media","12":"first","13":"instock","14":"taxable","15":"shipping-taxable","16":"purchasable","17":"product-type-simple"},"jetpack_sharing_enabled":true,"_links":{"self":[{"href":"https:\/\/winixeurope.eu\/de\/wp-json\/wp\/v2\/product\/4018","targetHints":{"allow":["GET"]}}],"collection":[{"href":"https:\/\/winixeurope.eu\/de\/wp-json\/wp\/v2\/product"}],"about":[{"href":"https:\/\/winixeurope.eu\/de\/wp-json\/wp\/v2\/types\/product"}],"wp:featuredmedia":[{"embeddable":true,"href":"https:\/\/winixeurope.eu\/de\/wp-json\/wp\/v2\/media\/16075"}],"wp:attachment":[{"href":"https:\/\/winixeurope.eu\/de\/wp-json\/wp\/v2\/media?parent=4018"}],"wp:term":[{"taxonomy":"product_brand","embeddable":true,"href":"https:\/\/winixeurope.eu\/de\/wp-json\/wp\/v2\/product_brand?post=4018"},{"taxonomy":"product_cat","embeddable":true,"href":"https:\/\/winixeurope.eu\/de\/wp-json\/wp\/v2\/product_cat?post=4018"},{"taxonomy":"product_tag","embeddable":true,"href":"https:\/\/winixeurope.eu\/de\/wp-json\/wp\/v2\/product_tag?post=4018"}],"curies":[{"name":"wp","href":"https:\/\/api.w.org\/{rel}","templated":true}]}}