{"id":4013,"date":"2022-11-11T18:15:17","date_gmt":"2022-11-11T18:15:17","guid":{"rendered":"https:\/\/winixeurope.eu\/product\/filter-f\/"},"modified":"2025-01-31T11:21:17","modified_gmt":"2025-01-31T11:21:17","slug":"winix-luftreiniger-filter-f","status":"publish","type":"product","link":"https:\/\/winixeurope.eu\/de\/filter\/winix-luftreiniger-filter-f\/","title":{"rendered":"Luftreiniger<br>WINIX Filter F"},"content":{"rendered":"","protected":false},"excerpt":{"rendered":"<p>Luftreiniger WINIX Filter F ist ein komplettes All-in-One Filterset f\u00fcr den WINIX Air Purifier U450. Dieses luftfilter WINIX filterset F besteht aus einer kompletten Kassette mit einem waschbaren Vorfilter, einem hochwertigen HEPA Filter und einem waschbaren Aktivkohlefilter.<\/p>\n<p>Der Vorfilter f\u00e4ngt gr\u00f6\u00dfere Staubpartikel, Flusen und Tierhaare ein, sodass die anderen Filter l\u00e4nger halten. Der Aktivkohlefilter reduziert Haushaltsger\u00fcche und starke Innenger\u00fcche wie Kochger\u00fcche, Ger\u00fcche von Haustieren, Zigarettenrauch und andere fl\u00fcchtige organische Verbindungen. Der HEPA-Filter reinigt f\u00fcr 99,97% aller Staubpartikel und Verunreinigungen (bis zu einer Gr\u00f6\u00dfe von 0,3 Mikrometern) in der Luft wie Feinstaub, Pollen, Allergien, Schimmelpilzsporen und Hautschuppen.<\/p>\n<p>Dieser All-in-One Air Purifier WINIX Filter F wird als Paket angeboten. WINIX Filter F ist nur f\u00fcr den Luftreiniger WINIX U450 geeignet. Wenn Sie das Filterset einmal im Jahr austauschen, versorgt Ihr Luftreiniger Sie und Ihre Familie stets mit sauberer Raumluft! Getestet und zertifiziert von\u00a0<strong><a href=\"https:\/\/ecarf-siegel.org\/zertifizierte-produkte-services\/\">ECARF<\/a><\/strong>\u00a0und\u00a0<strong><a href=\"https:\/\/www.allergyuk.org\/our-services\/allergyuk-products\/winix-plasmawave-air-purifier\/\">Allergy UK<\/a><\/strong>.<\/p>\n","protected":false},"featured_media":29322,"template":"","meta":{"inline_featured_image":false},"product_brand":[],"product_cat":[74],"product_tag":[],"class_list":{"0":"post-4013","1":"product","2":"type-product","3":"status-publish","4":"has-post-thumbnail","6":"product_cat-filter","7":"pa_oppverlakte-max-10m2-de","8":"pa_oppverlakte-max-50m2-de","9":"entry","10":"has-media","12":"first","13":"instock","14":"sale","15":"taxable","16":"shipping-taxable","17":"purchasable","18":"product-type-simple"},"jetpack_sharing_enabled":true,"_links":{"self":[{"href":"https:\/\/winixeurope.eu\/de\/wp-json\/wp\/v2\/product\/4013","targetHints":{"allow":["GET"]}}],"collection":[{"href":"https:\/\/winixeurope.eu\/de\/wp-json\/wp\/v2\/product"}],"about":[{"href":"https:\/\/winixeurope.eu\/de\/wp-json\/wp\/v2\/types\/product"}],"wp:featuredmedia":[{"embeddable":true,"href":"https:\/\/winixeurope.eu\/de\/wp-json\/wp\/v2\/media\/29322"}],"wp:attachment":[{"href":"https:\/\/winixeurope.eu\/de\/wp-json\/wp\/v2\/media?parent=4013"}],"wp:term":[{"taxonomy":"product_brand","embeddable":true,"href":"https:\/\/winixeurope.eu\/de\/wp-json\/wp\/v2\/product_brand?post=4013"},{"taxonomy":"product_cat","embeddable":true,"href":"https:\/\/winixeurope.eu\/de\/wp-json\/wp\/v2\/product_cat?post=4013"},{"taxonomy":"product_tag","embeddable":true,"href":"https:\/\/winixeurope.eu\/de\/wp-json\/wp\/v2\/product_tag?post=4013"}],"curies":[{"name":"wp","href":"https:\/\/api.w.org\/{rel}","templated":true}]}}