{"id":4006,"date":"2022-11-11T18:19:17","date_gmt":"2022-11-11T18:19:17","guid":{"rendered":"https:\/\/winixeurope.eu\/product\/filter-n\/"},"modified":"2025-01-31T11:08:35","modified_gmt":"2025-01-31T11:08:35","slug":"winix-luftreiniger-filter-n","status":"publish","type":"product","link":"https:\/\/winixeurope.eu\/de\/filter\/winix-luftreiniger-filter-n\/","title":{"rendered":"Luftreiniger<br>WINIX Filter N"},"content":{"rendered":"","protected":false},"excerpt":{"rendered":"<p>Luftreiniger WINIX Filter N ist ein 3-in-1-Kombinationsfilter f\u00fcr den WINIX HEPA air purifier <strong>Tower QX JBL,Tower QS, Tower Q, NK300 und NK305<\/strong>. Der Vorfilter von diese luftfilter f\u00e4ngt die gr\u00f6\u00dften Staubpartikel ein, der HEPA Filter reinigt 99,97 % der kleinsten Staubpartikel und Verunreinigungen in der Luft (bis zu 0,3 Mikrometer), einschlie\u00dflich Pollen, Schimmelpilzsporen, Tierhaare und -haare sowie Allergene. Der beschichtete Desodorierungs Kohlefilter verwendet eine Schutzschicht, um starke Ger\u00fcche in der Umgebung wie Haushaltsger\u00fcche beim Kochen, Haustierger\u00fcche und auch Zigarettenrauch zu reduzieren!<\/p>\n<p>Luftreiniger WINIX Filter N ist nu f\u00fcr die WINIX Luftfilter TOWER QS JBL, TOWER Q, NK300 und NK305 geeignet. Durch den j\u00e4hrlichen Austausch des Filtersatzes sorgt Ihr HEPA Luftfilter daf\u00fcr, dass Sie und Ihre Familie weiterhin saubere Raumluft genie\u00dfen k\u00f6nnen! Dieser HEPA Luftfilter sorgt daf\u00fcr, dass Sie bei fortlaufender Nutzung saubere Raumluft atmen k\u00f6nnen. Getestet und zertifiziert von\u00a0<strong><a href=\"https:\/\/ecarf-siegel.org\/zertifizierte-produkte-services\/\">ECARF<\/a><\/strong>\u00a0und\u00a0<strong><a href=\"https:\/\/www.allergyuk.org\/our-services\/allergyuk-products\/winix-plasmawave-air-purifier\/\">Allergy UK<\/a><\/strong>.<\/p>\n","protected":false},"featured_media":16070,"template":"","meta":{"inline_featured_image":false},"product_brand":[],"product_cat":[74],"product_tag":[],"class_list":{"0":"post-4006","1":"product","2":"type-product","3":"status-publish","4":"has-post-thumbnail","6":"product_cat-filter","7":"pa_oppverlakte-max-10m2-de","8":"pa_oppverlakte-max-50m2-de","9":"entry","10":"has-media","12":"first","13":"instock","14":"taxable","15":"shipping-taxable","16":"purchasable","17":"product-type-simple"},"jetpack_sharing_enabled":true,"_links":{"self":[{"href":"https:\/\/winixeurope.eu\/de\/wp-json\/wp\/v2\/product\/4006","targetHints":{"allow":["GET"]}}],"collection":[{"href":"https:\/\/winixeurope.eu\/de\/wp-json\/wp\/v2\/product"}],"about":[{"href":"https:\/\/winixeurope.eu\/de\/wp-json\/wp\/v2\/types\/product"}],"wp:featuredmedia":[{"embeddable":true,"href":"https:\/\/winixeurope.eu\/de\/wp-json\/wp\/v2\/media\/16070"}],"wp:attachment":[{"href":"https:\/\/winixeurope.eu\/de\/wp-json\/wp\/v2\/media?parent=4006"}],"wp:term":[{"taxonomy":"product_brand","embeddable":true,"href":"https:\/\/winixeurope.eu\/de\/wp-json\/wp\/v2\/product_brand?post=4006"},{"taxonomy":"product_cat","embeddable":true,"href":"https:\/\/winixeurope.eu\/de\/wp-json\/wp\/v2\/product_cat?post=4006"},{"taxonomy":"product_tag","embeddable":true,"href":"https:\/\/winixeurope.eu\/de\/wp-json\/wp\/v2\/product_tag?post=4006"}],"curies":[{"name":"wp","href":"https:\/\/api.w.org\/{rel}","templated":true}]}}