{"id":4004,"date":"2022-11-11T18:09:35","date_gmt":"2022-11-11T18:09:35","guid":{"rendered":"https:\/\/winixeurope.eu\/product\/filter-t\/"},"modified":"2025-03-07T11:49:30","modified_gmt":"2025-03-07T11:49:30","slug":"winix-luftreiniger-filter-t","status":"publish","type":"product","link":"https:\/\/winixeurope.eu\/de\/filter\/winix-luftreiniger-filter-t\/","title":{"rendered":"Luftreiniger<br>WINIX Filter T"},"content":{"rendered":"","protected":false},"excerpt":{"rendered":"<p>Luftreiniger WINIX Filter T ist ein komplettes Filterset f\u00fcr den Air Purifier WINIX ZERO Pro. Das Paket enth\u00e4lt einen Aktivkohlefilter und einen H13 HEPA Filter. Der Aktivkohlefilter reduziert Haushaltsger\u00fcche und starke Innenger\u00fcche wie Kochger\u00fcche, Ger\u00fcche von Haustieren, Zigarettenrauch und andere fl\u00fcchtige organische Verbindungen. Der HEPA-Filter reinigt 99,999 % aller Staubpartikel und Verunreinigungen (bis zu einer Gr\u00f6\u00dfe von 0,1 Mikrometern), einschlie\u00dflich Feinstaub, Pollen, Allergien, Schimmelsporen und Hautschuppen.<\/p>\n<p><a href=\"https:\/\/winixeurope.eu\/de\/luftreiniger\/winix-luftreiniger-zero-pro\/\"><strong>Luftreiniger WINIX ZERO Pro<\/strong><\/a> ist ein leistungsstarker Luftfilter, der Ihre Raumluftqualit\u00e4t zu 99,999 % reinigt. Dieser Air Purifierr ist f\u00fcr alle R\u00e4ume bis 120m\u00b2 geeignet. Mit einer leistungsstarken CADR (Clean Air Delivery Rate) von 470 m\u00b3 pro Stunde hilft Ihnen dieser Luftreiniger dabei, Ihr Wohnzimmer, Schlafzimmer oder B\u00fcro von Partikeln, Allergien, Bakterien und Viren zu reinigen. Unsere Filter T ist auch f\u00fcr WINIX ZERO+, H950 und HR1000 geeignet. <span class=\"HwtZe\" lang=\"de\"><span class=\"jCAhz ChMk0b\"><span class=\"ryNqvb\">Getestet und zertifiziert von <strong><a href=\"https:\/\/ecarf-siegel.org\/zertifizierte-produkte-services\/\">ECARF<\/a><\/strong> und <strong><a href=\"https:\/\/www.allergyuk.org\/our-services\/allergyuk-products\/winix-plasmawave-air-purifier\/\">Allergy UK<\/a><\/strong>.<\/span><\/span><\/span><\/p>\n","protected":false},"featured_media":16397,"template":"","meta":{"inline_featured_image":false},"product_brand":[],"product_cat":[74],"product_tag":[],"class_list":{"0":"post-4004","1":"product","2":"type-product","3":"status-publish","4":"has-post-thumbnail","6":"product_cat-filter","7":"pa_oppverlakte-max-10m2-de","8":"pa_oppverlakte-max-50m2-de","9":"entry","10":"has-media","12":"first","13":"instock","14":"sale","15":"taxable","16":"shipping-taxable","17":"purchasable","18":"product-type-simple"},"jetpack_sharing_enabled":true,"_links":{"self":[{"href":"https:\/\/winixeurope.eu\/de\/wp-json\/wp\/v2\/product\/4004","targetHints":{"allow":["GET"]}}],"collection":[{"href":"https:\/\/winixeurope.eu\/de\/wp-json\/wp\/v2\/product"}],"about":[{"href":"https:\/\/winixeurope.eu\/de\/wp-json\/wp\/v2\/types\/product"}],"wp:featuredmedia":[{"embeddable":true,"href":"https:\/\/winixeurope.eu\/de\/wp-json\/wp\/v2\/media\/16397"}],"wp:attachment":[{"href":"https:\/\/winixeurope.eu\/de\/wp-json\/wp\/v2\/media?parent=4004"}],"wp:term":[{"taxonomy":"product_brand","embeddable":true,"href":"https:\/\/winixeurope.eu\/de\/wp-json\/wp\/v2\/product_brand?post=4004"},{"taxonomy":"product_cat","embeddable":true,"href":"https:\/\/winixeurope.eu\/de\/wp-json\/wp\/v2\/product_cat?post=4004"},{"taxonomy":"product_tag","embeddable":true,"href":"https:\/\/winixeurope.eu\/de\/wp-json\/wp\/v2\/product_tag?post=4004"}],"curies":[{"name":"wp","href":"https:\/\/api.w.org\/{rel}","templated":true}]}}