{"id":4002,"date":"2022-11-11T18:15:55","date_gmt":"2022-11-11T18:15:55","guid":{"rendered":"https:\/\/winixeurope.eu\/product\/filter-h\/"},"modified":"2025-05-21T08:08:25","modified_gmt":"2025-05-21T08:08:25","slug":"winix-luftreiniger-filter-h","status":"publish","type":"product","link":"https:\/\/winixeurope.eu\/de\/filter\/winix-luftreiniger-filter-h\/","title":{"rendered":"Luftreiniger<br>WINIX Filter H"},"content":{"rendered":"","protected":false},"excerpt":{"rendered":"<p>Luftreiniger WINIX Filter H ist ein komplettes Filterset f\u00fcr die HEPA Luftfilter <strong>WINIX ZERO-S<\/strong> und <strong>WINIX 5500-2<\/strong>. Im Paket finden Sie einen Aktivkohlefilter und einen HEPA Filter. Der Aktivkohlefilter reduziert Haushaltsger\u00fcche und starke Innenger\u00fcche wie Kochger\u00fcche, Ger\u00fcche von Haustieren, Zigarettenrauch und andere fl\u00fcchtige organische Verbindungen. Der HEPA filter reinigt 99,999 % aller Staubpartikel und Verunreinigungen (bis zu einer Gr\u00f6\u00dfe von 0,1 Mikrometern), einschlie\u00dflich Feinstaub, Pollen, Allergien, Schimmelsporen und Hautschuppen.<\/p>\n<p>Luftreiniger\u00a0<a href=\"https:\/\/winixeurope.eu\/de\/?attachment_id=16108\"><strong>WINIX ZERO-S<\/strong><\/a> und <a href=\"https:\/\/winixeurope.eu\/de\/luftreiniger\/winix-luftreiniger-5500-2\/\"><strong>WINIX 5500-2<\/strong><\/a> sind unsere leistungsstarken HEPA Luftfilter, die Ihre Raumluftqualit\u00e4t um 99,999 % verbessern. Diese HEPA Luftfilter sind ideal f\u00fcr alle R\u00e4ume bis 99 m\u00b2. Mit einer leistungsstarken CADR (Clean Air Delivery Rate) von 390 m\u00b3 pro Stunde helfen Ihnen diese HEPA Air Purifier Ihr Wohnzimmer, Schlafzimmer oder B\u00fcro von Pollen, Hausstaubmilben, Feinstaub (PM2,5), Tierhaaren und Schimmelsporen, Haushaltsger\u00fcche (VOCs) und Zigarettenrauch zu reinigen. Alle WINIX HEPA Luftreiniger sind von <strong><a href=\"https:\/\/ecarf-siegel.org\/zertifizierte-produkte-services\/\">ECARF<\/a><\/strong>\u00a0und\u00a0<strong><a href=\"https:\/\/www.allergyuk.org\/our-services\/allergyuk-products\/winix-plasmawave-air-purifier\/\">Allergy UK<\/a><\/strong>\u00a0getestet und zertifiziert.<\/p>\n","protected":false},"featured_media":2684,"template":"","meta":{"inline_featured_image":false},"product_brand":[],"product_cat":[74],"product_tag":[],"class_list":{"0":"post-4002","1":"product","2":"type-product","3":"status-publish","4":"has-post-thumbnail","6":"product_cat-filter","7":"pa_oppverlakte-max-10m2-de","8":"pa_oppverlakte-max-50m2-de","9":"entry","10":"has-media","12":"first","13":"instock","14":"sale","15":"taxable","16":"shipping-taxable","17":"purchasable","18":"product-type-simple"},"jetpack_sharing_enabled":true,"_links":{"self":[{"href":"https:\/\/winixeurope.eu\/de\/wp-json\/wp\/v2\/product\/4002","targetHints":{"allow":["GET"]}}],"collection":[{"href":"https:\/\/winixeurope.eu\/de\/wp-json\/wp\/v2\/product"}],"about":[{"href":"https:\/\/winixeurope.eu\/de\/wp-json\/wp\/v2\/types\/product"}],"wp:featuredmedia":[{"embeddable":true,"href":"https:\/\/winixeurope.eu\/de\/wp-json\/wp\/v2\/media\/2684"}],"wp:attachment":[{"href":"https:\/\/winixeurope.eu\/de\/wp-json\/wp\/v2\/media?parent=4002"}],"wp:term":[{"taxonomy":"product_brand","embeddable":true,"href":"https:\/\/winixeurope.eu\/de\/wp-json\/wp\/v2\/product_brand?post=4002"},{"taxonomy":"product_cat","embeddable":true,"href":"https:\/\/winixeurope.eu\/de\/wp-json\/wp\/v2\/product_cat?post=4002"},{"taxonomy":"product_tag","embeddable":true,"href":"https:\/\/winixeurope.eu\/de\/wp-json\/wp\/v2\/product_tag?post=4002"}],"curies":[{"name":"wp","href":"https:\/\/api.w.org\/{rel}","templated":true}]}}