{"id":4000,"date":"2022-11-11T18:08:24","date_gmt":"2022-11-11T18:08:24","guid":{"rendered":"https:\/\/winixeurope.eu\/product\/filter-a\/"},"modified":"2025-03-07T11:58:52","modified_gmt":"2025-03-07T11:58:52","slug":"winix-luftreiniger-filter-a","status":"publish","type":"product","link":"https:\/\/winixeurope.eu\/de\/filter\/winix-luftreiniger-filter-a\/","title":{"rendered":"Luftreiniger<br>WINIX Filter A"},"content":{"rendered":"","protected":false},"excerpt":{"rendered":"<p><strong>Luftreiniger WINIX Filter A<\/strong> ist ein komplettes Filterset f\u00fcr die Luftfilter <strong>WINIX ZERO<\/strong>, <strong>WINIX 5300-2<\/strong> und <strong>WINIX WACP300<\/strong>. Die austauschbaren Kohlefilter dieses Filtersets reduzieren starke Ger\u00fcche im Innenraum, beispielsweise von Kochger\u00fcchen, Haustieren, Zigarettenrauch und anderen fl\u00fcchtigen organischen Verbindungen. Der hochwertige H13 HEPA Filter filtert 99,999 % aller Staubpartikel und Verunreinigungen (bis zu 0,1 Mikrometer) einschlie\u00dflich Feinstaub, Pollen, Allergien, Schimmelsporen und Hautschuppen. WINIX Filter A ist nur f\u00fcr WINIX ZERO, WINIX 5300-2 und WINIX WACP300 geeignet.<\/p>\n<p>Luftreiniger <strong><a href=\"https:\/\/winixeurope.eu\/de\/luftreiniger\/winix-luftreiniger-zero\/\">WINIX ZERO<\/a><\/strong> und <strong><a href=\"https:\/\/winixeurope.eu\/de\/luftreiniger\/winix-luftreiniger-5300-2\/\">5300-2<\/a><\/strong> sind unsere leistungsstarken HEPA Luftfilter, die Ihre Raumluftqualit\u00e4t um 99,999 % verbessern. Diese HEPA Luftfilter sind ideal f\u00fcr alle R\u00e4ume bis 99 m\u00b2. Mit einer leistungsstarken CADR (Clean Air Delivery Rate) von 390 m\u00b3 pro Stunde helfen Ihnen diese HEPA Air Purifier Ihr Wohnzimmer, Schlafzimmer oder B\u00fcro von Pollen, Hausstaubmilben, Feinstaub (PM2,5), Tierhaaren und Schimmelsporen, Haushaltsger\u00fcche (VOCs) und Zigarettenrauch zu reinigen. Alle WINIX HEPA Luftfilter sind von <strong><a href=\"https:\/\/ecarf-siegel.org\/zertifizierte-produkte-services\/\">ECARF<\/a><\/strong> und <strong><a href=\"https:\/\/www.allergyuk.org\/our-services\/allergyuk-products\/winix-plasmawave-air-purifier\/\">Allergy UK<\/a><\/strong> getestet und zertifiziert.<\/p>\n","protected":false},"featured_media":16402,"template":"","meta":{"inline_featured_image":false},"product_brand":[],"product_cat":[74],"product_tag":[],"class_list":{"0":"post-4000","1":"product","2":"type-product","3":"status-publish","4":"has-post-thumbnail","6":"product_cat-filter","7":"pa_oppverlakte-max-10m2-de","8":"pa_oppverlakte-max-50m2-de","9":"entry","10":"has-media","12":"first","13":"instock","14":"sale","15":"taxable","16":"shipping-taxable","17":"purchasable","18":"product-type-simple"},"jetpack_sharing_enabled":true,"_links":{"self":[{"href":"https:\/\/winixeurope.eu\/de\/wp-json\/wp\/v2\/product\/4000","targetHints":{"allow":["GET"]}}],"collection":[{"href":"https:\/\/winixeurope.eu\/de\/wp-json\/wp\/v2\/product"}],"about":[{"href":"https:\/\/winixeurope.eu\/de\/wp-json\/wp\/v2\/types\/product"}],"wp:featuredmedia":[{"embeddable":true,"href":"https:\/\/winixeurope.eu\/de\/wp-json\/wp\/v2\/media\/16402"}],"wp:attachment":[{"href":"https:\/\/winixeurope.eu\/de\/wp-json\/wp\/v2\/media?parent=4000"}],"wp:term":[{"taxonomy":"product_brand","embeddable":true,"href":"https:\/\/winixeurope.eu\/de\/wp-json\/wp\/v2\/product_brand?post=4000"},{"taxonomy":"product_cat","embeddable":true,"href":"https:\/\/winixeurope.eu\/de\/wp-json\/wp\/v2\/product_cat?post=4000"},{"taxonomy":"product_tag","embeddable":true,"href":"https:\/\/winixeurope.eu\/de\/wp-json\/wp\/v2\/product_tag?post=4000"}],"curies":[{"name":"wp","href":"https:\/\/api.w.org\/{rel}","templated":true}]}}