{"id":3998,"date":"2022-12-01T10:31:44","date_gmt":"2022-12-01T10:31:44","guid":{"rendered":"https:\/\/winixeurope.eu\/product\/filter-o\/"},"modified":"2025-06-25T09:12:28","modified_gmt":"2025-06-25T09:12:28","slug":"winix-luftreiniger-filter-o","status":"publish","type":"product","link":"https:\/\/winixeurope.eu\/de\/filter\/winix-luftreiniger-filter-o\/","title":{"rendered":"Luftreiniger<br>WINIX Filter O"},"content":{"rendered":"","protected":false},"excerpt":{"rendered":"<p>Luftreiniger WINIX Filter O ist ein komplettes All-in-One-Filterset f\u00fcr die Luftreiniger WINIX <strong><a href=\"https:\/\/winixeurope.eu\/de\/luftreiniger\/winix-luftreiniger-zero-compact\/\">ZERO Compact<\/a><\/strong>, Luftreiniger <strong><a href=\"https:\/\/winixeurope.eu\/de\/luftreiniger\/winix-luftreiniger-a330\/\">A330<\/a><\/strong> und Luftreiniger <strong><a href=\"https:\/\/winixeurope.eu\/de\/luftreiniger\/winix-luftreiniger-a332\/\">A332<\/a><\/strong>. Die Kohlefilter von diese hepa Luftreiniger reduzieren starke Ger\u00fcche in Innenr\u00e4umen, wie zum Beispiel Ger\u00fcche von Kochger\u00fcchen, Ger\u00fcchen von Haustieren, Zigarettenrauch und fl\u00fcchtigen organischen Verbindungen. Die luftreiniger mit hepa filter reinigt 99,97 % der kleinsten Staubpartikel und Verunreinigungen in der Luft (bis zu einer Gr\u00f6\u00dfe von 0,3 Mikrometern), darunter Feinstaub, Pollen, Allergien, Schimmelpilzsporen und Hautschuppen. WINIX Filter O ist f\u00fcr die WINIX Luftreiniger ZERO Compact, Luftreiniger A330 und Luftreiniger A332 geeignet.<\/p>\n<p>Luftreiniger ZERO Compact, Luftreiniger A330 und Luftreiniger A332 sind kompakte und leistungsstarke Luftfilter, die die Raumluftqualit\u00e4t um 99,97 % reinigen. Der A330 und A332 sind in allen R\u00e4umen bis zu 45m\u00b2 einsetzbar und der ZERO Compact sogar bis zu 50m\u00b2. Mit einer leistungsstarken CADR (Clean Air Delivery Rate) von 228 m\u00b3 oder 250 m\u00b3 pro Stunde helfen Ihnen diese HEPA Air Purifier dabei, Ihre Raumluftqualit\u00e4t von Allergien, Pollen, Staub, Feinstaub (PM2,5), Viren, Bakterien, Tierhaaren und Schimmel zu befreien Sporen, Haushaltsger\u00fcche (VOCs) und Zigarettenrauch! Diese Luftreiniger eignen sich ideal f\u00fcr das Schlafzimmer, aber nat\u00fcrlich auch f\u00fcr Ihr Wohnzimmer. Getestet und zertifiziert von <strong><a href=\"https:\/\/ecarf-siegel.org\/zertifizierte-produkte-services\/\">ECARF<\/a><\/strong>\u00a0und\u00a0<strong><a href=\"https:\/\/www.allergyuk.org\/our-services\/allergyuk-products\/winix-plasmawave-air-purifier\/\">Allergy UK<\/a><\/strong>.<\/p>\n","protected":false},"featured_media":29327,"template":"","meta":{"inline_featured_image":false},"product_brand":[],"product_cat":[74],"product_tag":[],"class_list":{"0":"post-3998","1":"product","2":"type-product","3":"status-publish","4":"has-post-thumbnail","6":"product_cat-filter","7":"pa_oppverlakte-max-10m2-de","8":"pa_oppverlakte-max-50m2-de","9":"entry","10":"has-media","12":"first","13":"instock","14":"sale","15":"taxable","16":"shipping-taxable","17":"purchasable","18":"product-type-simple"},"jetpack_sharing_enabled":true,"_links":{"self":[{"href":"https:\/\/winixeurope.eu\/de\/wp-json\/wp\/v2\/product\/3998","targetHints":{"allow":["GET"]}}],"collection":[{"href":"https:\/\/winixeurope.eu\/de\/wp-json\/wp\/v2\/product"}],"about":[{"href":"https:\/\/winixeurope.eu\/de\/wp-json\/wp\/v2\/types\/product"}],"wp:featuredmedia":[{"embeddable":true,"href":"https:\/\/winixeurope.eu\/de\/wp-json\/wp\/v2\/media\/29327"}],"wp:attachment":[{"href":"https:\/\/winixeurope.eu\/de\/wp-json\/wp\/v2\/media?parent=3998"}],"wp:term":[{"taxonomy":"product_brand","embeddable":true,"href":"https:\/\/winixeurope.eu\/de\/wp-json\/wp\/v2\/product_brand?post=3998"},{"taxonomy":"product_cat","embeddable":true,"href":"https:\/\/winixeurope.eu\/de\/wp-json\/wp\/v2\/product_cat?post=3998"},{"taxonomy":"product_tag","embeddable":true,"href":"https:\/\/winixeurope.eu\/de\/wp-json\/wp\/v2\/product_tag?post=3998"}],"curies":[{"name":"wp","href":"https:\/\/api.w.org\/{rel}","templated":true}]}}