{"id":3974,"date":"2022-11-07T12:53:06","date_gmt":"2022-11-07T12:53:06","guid":{"rendered":"https:\/\/winixeurope.eu\/product\/winix-l500\/"},"modified":"2024-10-07T11:48:20","modified_gmt":"2024-10-07T11:48:20","slug":"winix-luftbefeuchter-l500","status":"publish","type":"product","link":"https:\/\/winixeurope.eu\/de\/luftbefeuchter\/winix-luftbefeuchter-l500\/","title":{"rendered":"Luftbefeuchter<br>WINIX L500"},"content":{"rendered":"","protected":false},"excerpt":{"rendered":"<p>Luftbefeuchter WINIX L500 hilft Ihnen, die Luftfeuchtigkeit in Ihrem Wohn-, Schlaf- oder Kinderzimmer schnell und effektiv auf ein gesundes Niveau zu bringen.<\/p>\n<p><i class=\"fa fa-check\" aria-hidden=\"true\"><\/i> Luftbefeuchter WINIX L500 ist ein Ultraschall-Luftbefeuchter mit warmem und kaltem Nebel. Dank seines gro\u00dfen Fassungsverm\u00f6gens (bis zu 50 m2) und seines 7,5-Liter-Wassertanks ist er perfekt f\u00fcr jeden Teil des Hauses geeignet.<br \/>\n<i class=\"fa fa-check\" aria-hidden=\"true\"><\/i> Der WINIX L500 ist programmierbar, arbeitet ger\u00e4uschlos und das moderne Design wurde speziell f\u00fcr eine einfache Reinigung und Bef\u00fcllung des Verdecks entwickelt.<br \/>\n<i class=\"fa fa-check\" aria-hidden=\"true\"><\/i> Der L500 verwendet die fortschrittliche UV-C LightCel\u2122-Technologie, um Bakterien im Wasser effektiv zu eliminieren.<br \/>\n<i class=\"fa fa-check\" aria-hidden=\"true\"><\/i> Der WINIX L500 Luftbefeuchter sorgt jederzeit f\u00fcr optimale Luftfeuchtigkeit, spendet trockener Haut Feuchtigkeit, verbessert das Hautpeeling und h\u00e4lt Ihre Pflanzen in Topform. Ideal f\u00fcr Schlafzimmer, Wohnzimmer und B\u00fcros.<\/p>\n<p><a class=\"wpex-lightbox\" href=\"https:\/\/winixeurope.eu\/wp-content\/uploads\/2023\/02\/luftbefeuchter_winix_l500.mp4\"><button class=\"knop_download_brochure_productpagina\"><i class=\"fa fa-play\" aria-hidden=\"true\"><\/i> Produktvideo<\/button><\/a><\/p>\n","protected":false},"featured_media":16337,"template":"","meta":{"inline_featured_image":false},"product_brand":[],"product_cat":[128,69],"product_tag":[],"class_list":{"0":"post-3974","1":"product","2":"type-product","3":"status-publish","4":"has-post-thumbnail","6":"product_cat-fruehling-angebote","7":"product_cat-luftbefeuchter","8":"pa_oppverlakte-max-10m2-de","9":"pa_oppverlakte-max-50m2-de","10":"entry","11":"has-media","13":"first","14":"instock","15":"sale","16":"taxable","17":"shipping-taxable","18":"purchasable","19":"product-type-simple"},"jetpack_sharing_enabled":true,"_links":{"self":[{"href":"https:\/\/winixeurope.eu\/de\/wp-json\/wp\/v2\/product\/3974","targetHints":{"allow":["GET"]}}],"collection":[{"href":"https:\/\/winixeurope.eu\/de\/wp-json\/wp\/v2\/product"}],"about":[{"href":"https:\/\/winixeurope.eu\/de\/wp-json\/wp\/v2\/types\/product"}],"wp:featuredmedia":[{"embeddable":true,"href":"https:\/\/winixeurope.eu\/de\/wp-json\/wp\/v2\/media\/16337"}],"wp:attachment":[{"href":"https:\/\/winixeurope.eu\/de\/wp-json\/wp\/v2\/media?parent=3974"}],"wp:term":[{"taxonomy":"product_brand","embeddable":true,"href":"https:\/\/winixeurope.eu\/de\/wp-json\/wp\/v2\/product_brand?post=3974"},{"taxonomy":"product_cat","embeddable":true,"href":"https:\/\/winixeurope.eu\/de\/wp-json\/wp\/v2\/product_cat?post=3974"},{"taxonomy":"product_tag","embeddable":true,"href":"https:\/\/winixeurope.eu\/de\/wp-json\/wp\/v2\/product_tag?post=3974"}],"curies":[{"name":"wp","href":"https:\/\/api.w.org\/{rel}","templated":true}]}}