{"id":3956,"date":"2022-11-07T12:25:25","date_gmt":"2022-11-07T12:25:25","guid":{"rendered":"https:\/\/winixeurope.eu\/product\/winix-zero-pro\/"},"modified":"2025-05-21T08:06:00","modified_gmt":"2025-05-21T08:06:00","slug":"winix-luftreiniger-zero-pro","status":"publish","type":"product","link":"https:\/\/winixeurope.eu\/de\/luftreiniger\/winix-luftreiniger-zero-pro\/","title":{"rendered":"Luftreiniger<br>WINIX ZERO Pro"},"content":{"rendered":"","protected":false},"excerpt":{"rendered":"<p>Luftreiniger ZERO Pro ist unser leistungsst\u00e4rkster Luftfilter, der Ihre Innenr\u00e4ume zu 99,999% reinigt. ZERO Pro kann in allen R\u00e4umen bis zu 120 m\u00b2 verwendet werden. Mit einer leistungsstarken CADR (Clean Air Delivery Rate) von 470 m\u00b3 pro Stunde hilft Ihnen dieser Luftfilter Ihre Innenr\u00e4ume von Allergien, Pollen, Staub, Feinstaub (PM2,5), Viren, Bakterien, Tierhaaren, Schimmelsporen, Haushaltsger\u00fcchen (VOCs) und sogar Zigarettenrauch zu befreien!<\/p>\n<p>Luftreiniger ZERO Pro verwendet ein 4-stufiges Filtersystem und filtert die Raumluftqualit\u00e4t durch 1) einen Vorfilter, 2) einen Aktivkohlefilter, 3) einen H13-HEPA-Filter (99,999 %) und unsere PlasmaWave\u00ae-Technologie. Mit Hilfe einer Doppelsensor-Technologie, einem Automatikmodus und der Smart-Sensor-Technologie reinigt dieser leistungsstarke Luftfilter proaktiv die Luft in allen R\u00e4umen.<\/p>\n<p><a class=\"wpex-lightbox\" href=\"https:\/\/winixeurope.eu\/wp-content\/uploads\/2023\/02\/luftreiniger_winix_zero_pro.mp4\"><button class=\"knop_download_brochure_productpagina\"><i class=\"fa fa-play\" aria-hidden=\"true\"><\/i> Produktvideo<\/button><\/a><\/p>\n","protected":false},"featured_media":16332,"template":"","meta":{"inline_featured_image":false},"product_brand":[],"product_cat":[51],"product_tag":[],"class_list":{"0":"post-3956","1":"product","2":"type-product","3":"status-publish","4":"has-post-thumbnail","6":"product_cat-luftreiniger","7":"pa_oppverlakte-max-100m2-de","8":"pa_oppverlakte-max-10m2-de","9":"pa_oppverlakte-max-120m2-de","10":"pa_oppverlakte-max-30m2-de","11":"pa_oppverlakte-max-50m2-de","12":"pa_oppverlakte-max-80m2-de","13":"entry","14":"has-media","16":"first","17":"outofstock","18":"sale","19":"taxable","20":"shipping-taxable","21":"purchasable","22":"product-type-simple"},"jetpack_sharing_enabled":true,"_links":{"self":[{"href":"https:\/\/winixeurope.eu\/de\/wp-json\/wp\/v2\/product\/3956","targetHints":{"allow":["GET"]}}],"collection":[{"href":"https:\/\/winixeurope.eu\/de\/wp-json\/wp\/v2\/product"}],"about":[{"href":"https:\/\/winixeurope.eu\/de\/wp-json\/wp\/v2\/types\/product"}],"wp:featuredmedia":[{"embeddable":true,"href":"https:\/\/winixeurope.eu\/de\/wp-json\/wp\/v2\/media\/16332"}],"wp:attachment":[{"href":"https:\/\/winixeurope.eu\/de\/wp-json\/wp\/v2\/media?parent=3956"}],"wp:term":[{"taxonomy":"product_brand","embeddable":true,"href":"https:\/\/winixeurope.eu\/de\/wp-json\/wp\/v2\/product_brand?post=3956"},{"taxonomy":"product_cat","embeddable":true,"href":"https:\/\/winixeurope.eu\/de\/wp-json\/wp\/v2\/product_cat?post=3956"},{"taxonomy":"product_tag","embeddable":true,"href":"https:\/\/winixeurope.eu\/de\/wp-json\/wp\/v2\/product_tag?post=3956"}],"curies":[{"name":"wp","href":"https:\/\/api.w.org\/{rel}","templated":true}]}}