{"id":28354,"date":"2024-12-16T14:29:14","date_gmt":"2024-12-16T14:29:14","guid":{"rendered":"https:\/\/winixeurope.eu\/?post_type=product&#038;p=28354"},"modified":"2025-07-11T11:54:02","modified_gmt":"2025-07-11T11:54:02","slug":"winix-luftreiniger-5300-2","status":"publish","type":"product","link":"https:\/\/winixeurope.eu\/de\/luftreiniger\/winix-luftreiniger-5300-2\/","title":{"rendered":"Luftreiniger<br>WINIX 5300-2"},"content":{"rendered":"","protected":false},"excerpt":{"rendered":"<p>Luftreiniger WINIX 5300-2 ist ein neuer leistungsstarker Luftfilter, der Ihre Raumluftqualit\u00e4t um 99,999 % reinigt. Ebenso wie der WINIX ZERO ist WINIX 5300-2 ideal f\u00fcr das Wohnzimmer und f\u00fcr alle R\u00e4ume bis 99m\u00b2 geeignet. Mit einer leistungsstarken CADR (Clean Air Delivery Rate) von 390 m\u00b3 pro Stunde hilft Ihnen dieser HEPA Air Purifier dabei, Ihr Wohnzimmer, Schlafzimmer oder B\u00fcro von Pollen, Hausstaubmilben, Feinstaub (PM2,5), Tierhaaren, Schimmelpilzsporen usw. zu befreien. Haushaltsger\u00fcche (VOCs) und Zigarettenrauch..<\/p>\n<p>Luftreiniger 5300-2 verwendet ein 4-stufiges Filtersystem und filtert die Raumluftqualit\u00e4t durch 1) einen Vorfilter, 2) einen Kohlefilter, 3) einen <strong><a href=\"https:\/\/winixeurope.eu\/de\/filter\/winix-luftreiniger-filter-a\/\">H13 HEPA-Filter (99,999 %)<\/a><\/strong> und (4) unsere PlasmaWave\u00ae-Technologie. Mithilfe des Automatikmodus und der intelligenten Sensortechnologie reinigt dieser Luftfilter die Raumluftqualit\u00e4t vollautomatisch und somit proaktiv. Dadurch sorgt unser WINIX 5300-2 daf\u00fcr, dass Sie saubere Luft atmen, solange Sie den Luftreiniger nutzen. Getestet und zertifiziert von <strong><a href=\"https:\/\/ecarf-siegel.org\/zertifizierte-produkte-services\/\">ECARF<\/a><\/strong> und <strong><a href=\"https:\/\/www.allergyuk.org\/our-services\/allergyuk-products\/winix-plasmawave-air-purifier\/\">Allergy UK<\/a><\/strong>.<\/p>\n<p><a class=\"wpex-lightbox\" href=\"https:\/\/winixeurope.eu\/wp-content\/uploads\/2024\/11\/WINIX-5300-2-5500-2-1.mp4\"><button class=\"knop_download_brochure_productpagina\"><i class=\"fa fa-play\" aria-hidden=\"true\"><\/i> Productvideo<\/button><\/a><\/p>\n","protected":false},"featured_media":28325,"template":"","meta":{"inline_featured_image":false},"product_brand":[],"product_cat":[128,51],"product_tag":[],"class_list":{"0":"post-28354","1":"product","2":"type-product","3":"status-publish","4":"has-post-thumbnail","6":"product_cat-fruehling-angebote","7":"product_cat-luftreiniger","8":"pa_oppverlakte-max-10m2-de","9":"pa_oppverlakte-max-30m2-de","10":"pa_oppverlakte-max-50m2-de","11":"entry","12":"has-media","14":"first","15":"instock","16":"sale","17":"taxable","18":"shipping-taxable","19":"purchasable","20":"product-type-simple"},"jetpack_sharing_enabled":true,"_links":{"self":[{"href":"https:\/\/winixeurope.eu\/de\/wp-json\/wp\/v2\/product\/28354","targetHints":{"allow":["GET"]}}],"collection":[{"href":"https:\/\/winixeurope.eu\/de\/wp-json\/wp\/v2\/product"}],"about":[{"href":"https:\/\/winixeurope.eu\/de\/wp-json\/wp\/v2\/types\/product"}],"wp:featuredmedia":[{"embeddable":true,"href":"https:\/\/winixeurope.eu\/de\/wp-json\/wp\/v2\/media\/28325"}],"wp:attachment":[{"href":"https:\/\/winixeurope.eu\/de\/wp-json\/wp\/v2\/media?parent=28354"}],"wp:term":[{"taxonomy":"product_brand","embeddable":true,"href":"https:\/\/winixeurope.eu\/de\/wp-json\/wp\/v2\/product_brand?post=28354"},{"taxonomy":"product_cat","embeddable":true,"href":"https:\/\/winixeurope.eu\/de\/wp-json\/wp\/v2\/product_cat?post=28354"},{"taxonomy":"product_tag","embeddable":true,"href":"https:\/\/winixeurope.eu\/de\/wp-json\/wp\/v2\/product_tag?post=28354"}],"curies":[{"name":"wp","href":"https:\/\/api.w.org\/{rel}","templated":true}]}}