{"id":28312,"date":"2024-12-16T13:08:36","date_gmt":"2024-12-16T13:08:36","guid":{"rendered":"https:\/\/winixeurope.eu\/?post_type=product&#038;p=28312"},"modified":"2025-06-17T11:33:04","modified_gmt":"2025-06-17T11:33:04","slug":"winix-luftreiniger-5500-2","status":"publish","type":"product","link":"https:\/\/winixeurope.eu\/de\/luftreiniger\/winix-luftreiniger-5500-2\/","title":{"rendered":"Luftreiniger<br>WINIX 5500-2"},"content":{"rendered":"","protected":false},"excerpt":{"rendered":"<p>Luftreiniger WINIX 5500-2 ist unsere neuer leistungsstarker Luftreiniger der Ihre Raumluftqualit\u00e4t um 99,999 % reinigt. Ebenso wie der <strong><a href=\"https:\/\/winixeurope.eu\/de\/luftreiniger\/winix-luftreiniger-5300-2\/\">WINIX luftreiniger 5300-2<\/a><\/strong> ist WINIX luftreiniger 5500-2 ideal f\u00fcr das Wohnzimmer und f\u00fcr alle R\u00e4ume bis 99m\u00b2 geeignet. Mit einer leistungsstarken CADR (Clean Air Delivery Rate) von 390 m\u00b3 pro Stunde hilft Ihnen dieser hepa luftreiniger fur staub dabei, Ihr Wohnzimmer, Schlafzimmer oder B\u00fcro von Pollen, <span class=\"HwtZe\" lang=\"de\"><span class=\"jCAhz ChMk0b\"><span class=\"ryNqvb\">Heuschnupfen, Allergie<\/span><\/span><\/span>, <span class=\"HwtZe\" lang=\"de\"><span class=\"jCAhz ChMk0b\"><span class=\"ryNqvb\">Mikroplastik<\/span><\/span><\/span>, Hausstaubmilben, Feinstaub (PM2,5), Tierhaaren, Schimmelpilzsporen usw. zu befreien. Haushaltsger\u00fcche (VOCs) und Zigarettenrauch..<\/p>\n<p>Luftreiniger 5500-2 verwendet ein 4-stufiges luftreiniger Filtersystem und filtert die Raumluftqualit\u00e4t durch 1) einen Vorfilter, 2) einen <a href=\"https:\/\/winixeurope.eu\/nl\/filters\/winix-luchtreiniger-filter-h\/\"><strong><span class=\"HwtZe\" lang=\"de\"><span class=\"jCAhz ChMk0b\"><span class=\"ryNqvb\">Aktivkohlefilter<\/span><\/span><\/span><\/strong><\/a>, 3) einen luftreiniger <a href=\"https:\/\/winixeurope.eu\/nl\/filters\/winix-luchtreiniger-filter-h\/\"><strong>HEPA-Filter (99,999 %)<\/strong><\/a> und (4) unsere luftreiniger PlasmaWave\u00ae-Technologie. Mithilfe des Automatikmodus und der intelligenten Sensortechnologie reinigt dieser Luftreiniger mit hepa filter die Raumluftqualit\u00e4t vollautomatisch und somit proaktiv. Dadurch sorgt unser luftreiniger mit hepa-filter WINIX 5500-2 daf\u00fcr, dass Sie saubere Luft atmen, solange Sie den Luftreiniger nutzen. <span class=\"HwtZe\" lang=\"de\"><span class=\"jCAhz ChMk0b\"><span class=\"ryNqvb\">Jeder WINIX Luftreiniger ist gepr\u00fcft und zertifiziert<\/span><\/span><\/span> von <strong><a href=\"https:\/\/ecarf-siegel.org\/zertifizierte-produkte-services\/\">ECARF<\/a><\/strong>\u00a0und\u00a0<strong><a href=\"https:\/\/www.allergyuk.org\/our-services\/allergyuk-products\/winix-plasmawave-air-purifier\/\">Allergy UK<\/a><\/strong>.<\/p>\n<p><a class=\"wpex-lightbox\" href=\"https:\/\/winixeurope.eu\/wp-content\/uploads\/2024\/11\/Winix-5500-2_En.mp4\"><button class=\"knop_download_brochure_productpagina\"><i class=\"fa fa-play\" aria-hidden=\"true\"><\/i> Productvideo<\/button><\/a><\/p>\n","protected":false},"featured_media":28274,"template":"","meta":{"inline_featured_image":false},"product_brand":[],"product_cat":[128,51],"product_tag":[],"class_list":{"0":"post-28312","1":"product","2":"type-product","3":"status-publish","4":"has-post-thumbnail","6":"product_cat-fruehling-angebote","7":"product_cat-luftreiniger","8":"pa_oppverlakte-max-10m2-de","9":"pa_oppverlakte-max-30m2-de","10":"pa_oppverlakte-max-50m2-de","11":"entry","12":"has-media","14":"first","15":"instock","16":"sale","17":"taxable","18":"shipping-taxable","19":"purchasable","20":"product-type-simple"},"jetpack_sharing_enabled":true,"_links":{"self":[{"href":"https:\/\/winixeurope.eu\/de\/wp-json\/wp\/v2\/product\/28312","targetHints":{"allow":["GET"]}}],"collection":[{"href":"https:\/\/winixeurope.eu\/de\/wp-json\/wp\/v2\/product"}],"about":[{"href":"https:\/\/winixeurope.eu\/de\/wp-json\/wp\/v2\/types\/product"}],"wp:featuredmedia":[{"embeddable":true,"href":"https:\/\/winixeurope.eu\/de\/wp-json\/wp\/v2\/media\/28274"}],"wp:attachment":[{"href":"https:\/\/winixeurope.eu\/de\/wp-json\/wp\/v2\/media?parent=28312"}],"wp:term":[{"taxonomy":"product_brand","embeddable":true,"href":"https:\/\/winixeurope.eu\/de\/wp-json\/wp\/v2\/product_brand?post=28312"},{"taxonomy":"product_cat","embeddable":true,"href":"https:\/\/winixeurope.eu\/de\/wp-json\/wp\/v2\/product_cat?post=28312"},{"taxonomy":"product_tag","embeddable":true,"href":"https:\/\/winixeurope.eu\/de\/wp-json\/wp\/v2\/product_tag?post=28312"}],"curies":[{"name":"wp","href":"https:\/\/api.w.org\/{rel}","templated":true}]}}