{"id":26644,"date":"2024-10-23T15:31:37","date_gmt":"2024-10-23T15:31:37","guid":{"rendered":"https:\/\/winixeurope.eu\/?post_type=product&#038;p=26644"},"modified":"2025-01-31T11:02:29","modified_gmt":"2025-01-31T11:02:29","slug":"winix-luftreiniger-filter-gr","status":"publish","type":"product","link":"https:\/\/winixeurope.eu\/de\/filter\/winix-luftreiniger-filter-gr\/","title":{"rendered":"Luftreiniger<br>WINIX Filter GR"},"content":{"rendered":"","protected":false},"excerpt":{"rendered":"<p>Luftreiniger WINIX Filter GR ist ein komplettes All-in-One-Filterset f\u00fcr den HEPA Luftfilter WINIX T800 WiFi. Der Vorfilter f\u00e4ngt gro\u00dfe Staubpartikel ein und der Kohlefilter reduziert starke Ger\u00fcche in Innenr\u00e4umen, wie z. B. Ger\u00fcche von Kochger\u00fcchen, Ger\u00fcchen von Haustieren, Zigarettenrauch und fl\u00fcchtigen organischen Verbindungen. Der HEPA Filter reinigt 99,999 % der kleinsten Staubpartikel und Verunreinigungen in der Luft (bis zu 0,1 Mikrometer), darunter Feinstaub, Pollen, Allergien, Schimmelsporen und Hautschuppen. WINIX Filter GR ist nur f\u00fcr den WINIX T800 WiFi geeignet.<\/p>\n<p><strong><a href=\"https:\/\/winixeurope.eu\/de\/luftreiniger\/winix-luftreiniger-t800\/\">Luftreiniger WINIX T800 WiFi<\/a><\/strong> ist unser neuester und leistungsst\u00e4rkster Luftfilter, der Ihre Raumluftqualit\u00e4t mithilfe der WINIX Smart App um 99,999 % reinigt. Mit einer leistungsstarken CADR (Clean Air Delivery Rate) von 500 m\u00b3 pro Stunde reinigt der T800 die Luftqualit\u00e4t in Innenr\u00e4umen innerhalb von 10 Minuten! Dieser Luftreiniger kann manuell \u00fcber die WINIX Smart App, aber auch per Sprachsteuerung \u00fcber Google Home oder Amazon Alexa bedient werden. Getestet und zertifiziert von\u00a0<strong><a href=\"https:\/\/ecarf-siegel.org\/zertifizierte-produkte-services\/\">ECARF<\/a><\/strong>\u00a0und\u00a0<strong><a href=\"https:\/\/www.allergyuk.org\/our-services\/allergyuk-products\/winix-plasmawave-air-purifier\/\">Allergy UK<\/a><\/strong>.<\/p>\n","protected":false},"featured_media":29332,"template":"","meta":{"inline_featured_image":false},"product_brand":[],"product_cat":[74],"product_tag":[],"class_list":{"0":"post-26644","1":"product","2":"type-product","3":"status-publish","4":"has-post-thumbnail","6":"product_cat-filter","7":"entry","8":"has-media","10":"first","11":"instock","12":"taxable","13":"shipping-taxable","14":"purchasable","15":"product-type-simple"},"jetpack_sharing_enabled":true,"_links":{"self":[{"href":"https:\/\/winixeurope.eu\/de\/wp-json\/wp\/v2\/product\/26644","targetHints":{"allow":["GET"]}}],"collection":[{"href":"https:\/\/winixeurope.eu\/de\/wp-json\/wp\/v2\/product"}],"about":[{"href":"https:\/\/winixeurope.eu\/de\/wp-json\/wp\/v2\/types\/product"}],"wp:featuredmedia":[{"embeddable":true,"href":"https:\/\/winixeurope.eu\/de\/wp-json\/wp\/v2\/media\/29332"}],"wp:attachment":[{"href":"https:\/\/winixeurope.eu\/de\/wp-json\/wp\/v2\/media?parent=26644"}],"wp:term":[{"taxonomy":"product_brand","embeddable":true,"href":"https:\/\/winixeurope.eu\/de\/wp-json\/wp\/v2\/product_brand?post=26644"},{"taxonomy":"product_cat","embeddable":true,"href":"https:\/\/winixeurope.eu\/de\/wp-json\/wp\/v2\/product_cat?post=26644"},{"taxonomy":"product_tag","embeddable":true,"href":"https:\/\/winixeurope.eu\/de\/wp-json\/wp\/v2\/product_tag?post=26644"}],"curies":[{"name":"wp","href":"https:\/\/api.w.org\/{rel}","templated":true}]}}