{"id":26144,"date":"2024-10-01T09:34:53","date_gmt":"2024-10-01T09:34:53","guid":{"rendered":"https:\/\/winixeurope.eu\/?post_type=product&#038;p=26144"},"modified":"2025-05-21T07:56:50","modified_gmt":"2025-05-21T07:56:50","slug":"winix-luftreiniger-t800","status":"publish","type":"product","link":"https:\/\/winixeurope.eu\/de\/luftreiniger\/winix-luftreiniger-t800\/","title":{"rendered":"Luftreiniger<br>WINIX T800 Wi-Fi"},"content":{"rendered":"","protected":false},"excerpt":{"rendered":"<p>Luftreiniger WINIX T800 WiFi ist unser neuester und leistungsst\u00e4rkster Luftfilter, der Ihre Raumluftqualit\u00e4t mithilfe der WINIX Smart App um 99,999 % reinigt. Der WINIX T800 ist ein vollautomatischer Luftfilter, der f\u00fcr alle R\u00e4ume bis 120m\u00b2 geeignet ist. Mit einer leistungsstarken CADR (Clean Air Delivery Rate) von 500 m\u00b3 pro Stunde hilft Ihnen dieser Luftfilter dabei, Ihre Raumluftqualit\u00e4t von Allergien, Pollen, Staub, Hausstaubmilben, Feinstaub (PM2,5), Tierhaaren, Schimmelsporen und Haushalt zu reinigen Ger\u00fcche (VOCs) und Zigarettenrauch! WINIX T800 kann manuell \u00fcber die WINIX Smart App, aber auch per Sprachsteuerung \u00fcber Google Home oder Amazon Alexa bedient werden.<\/p>\n<p>Luftreiniger T800 verwendet einen <a href=\"https:\/\/winixeurope.eu\/de\/filter\/winix-luftreiniger-filter-gr\/\"><strong>All-in-One-Filter GR<\/strong><\/a> und filtert Ihre Raumluftqualit\u00e4t durch 1) einen Vorfilter, 2) einen Kohlefilter, 3) einen HEPA-Filter (99,999 %) und 4) unsere WINIX PlasmaWave\u00ae-Technologie. Mithilfe digitaler und intelligenter Sensortechnologie reinigt dieser Luftreiniger proaktiv die Luftqualit\u00e4t in Innenr\u00e4umen und sorgt daf\u00fcr, dass Sie saubere Luft atmen, solange Sie den WINIX T800 verwenden.<\/p>\n<p><a class=\"wpex-lightbox\" href=\"https:\/\/winixeurope.eu\/wp-content\/uploads\/2024\/10\/WINIX-T800_English.mp4\"><button class=\"knop_download_brochure_productpagina\"><i class=\"fa fa-play\" aria-hidden=\"true\"><\/i> Productvideo<\/button><\/a><\/p>\n","protected":false},"featured_media":26395,"template":"","meta":{"inline_featured_image":false},"product_brand":[],"product_cat":[128,51],"product_tag":[],"class_list":{"0":"post-26144","1":"product","2":"type-product","3":"status-publish","4":"has-post-thumbnail","6":"product_cat-fruehling-angebote","7":"product_cat-luftreiniger","8":"pa_oppverlakte-max-10m2-de","9":"pa_oppverlakte-max-30m2-de","10":"pa_oppverlakte-max-50m2-de","11":"entry","12":"has-media","14":"first","15":"outofstock","16":"sale","17":"taxable","18":"shipping-taxable","19":"purchasable","20":"product-type-simple"},"jetpack_sharing_enabled":true,"_links":{"self":[{"href":"https:\/\/winixeurope.eu\/de\/wp-json\/wp\/v2\/product\/26144","targetHints":{"allow":["GET"]}}],"collection":[{"href":"https:\/\/winixeurope.eu\/de\/wp-json\/wp\/v2\/product"}],"about":[{"href":"https:\/\/winixeurope.eu\/de\/wp-json\/wp\/v2\/types\/product"}],"wp:featuredmedia":[{"embeddable":true,"href":"https:\/\/winixeurope.eu\/de\/wp-json\/wp\/v2\/media\/26395"}],"wp:attachment":[{"href":"https:\/\/winixeurope.eu\/de\/wp-json\/wp\/v2\/media?parent=26144"}],"wp:term":[{"taxonomy":"product_brand","embeddable":true,"href":"https:\/\/winixeurope.eu\/de\/wp-json\/wp\/v2\/product_brand?post=26144"},{"taxonomy":"product_cat","embeddable":true,"href":"https:\/\/winixeurope.eu\/de\/wp-json\/wp\/v2\/product_cat?post=26144"},{"taxonomy":"product_tag","embeddable":true,"href":"https:\/\/winixeurope.eu\/de\/wp-json\/wp\/v2\/product_tag?post=26144"}],"curies":[{"name":"wp","href":"https:\/\/api.w.org\/{rel}","templated":true}]}}