{"id":3306,"date":"2022-11-25T08:18:24","date_gmt":"2022-11-25T08:18:24","guid":{"rendered":"https:\/\/winixeurope.eu\/succesvolle-inschrijving-nieuwsbrief\/"},"modified":"2025-02-11T15:05:56","modified_gmt":"2025-02-11T15:05:56","slug":"newsletter-anmeldung-erfolgreich","status":"publish","type":"page","link":"https:\/\/winixeurope.eu\/de\/newsletter-anmeldung-erfolgreich\/","title":{"rendered":"Newsletter-Anmeldung erfolgreich"},"content":{"rendered":"<div class=\"wpb-content-wrapper\">[vc_row][vc_column]<div class=\"templatera_shortcode\"><style type=\"text\/css\" data-type=\"vc_shortcodes-custom-css\">.vc_custom_1666870742026{padding-top: 13px !important;padding-bottom: 11px !important;background-color: #efefef !important;}.vc_custom_1667297281589{padding-top: 13px !important;padding-bottom: 0px !important;background-color: #efefef !important;}.vc_custom_1668697064807{padding-right: 14% !important;padding-left: 14% !important;}<\/style><div class=\"vc_row wpb_row vc_row-fluid sticky_rij_desktop vc_custom_1666870742026 wpex-vc-full-width-row wpex-vc-full-width-row--centered wpex-relative wpex-vc_row-has-fill wpex-vc-reset-negative-margin\"><div class=\"wpb_column sticky_kolom vc_column_container vc_col-sm-12 vc_hidden-xs\"><div class=\"vc_column-inner vc_custom_1668697064807\"><div class=\"wpb_wrapper\"><div class=\"vc_row wpb_row vc_inner vc_row-fluid wpex-relative\"><div class=\"wpb_column vc_column_container vc_col-sm-3\"><div class=\"vc_column-inner\"><div class=\"wpb_wrapper\"><style>.vcex-list_item.vcex_69d4ccdf7257c{color:#757575;font-size:13px;}<\/style><div class=\"vcex-list_item vcex-module wpex-m-0 wpex-max-w-100 wpex-mb-5 wpex-text-center vcex_69d4ccdf7257c\"><a href=\"https:\/\/winixeurope.eu\/de\/sendungen-und-zahlungen\/\" class=\"vcex-list-item-link wpex-no-underline wpex-inherit-color\"><div class=\"vcex-list-item-inner wpex-inline-flex wpex-flex-no-wrap\"><div class=\"vcex-list-item-icon wpex-mr-10\"><div class=\"vcex-list-item-icon-inner vcex-icon-wrap wpex-inline-flex wpex-justify-center wpex-items-center wpex-leading-none wpex-child-inherit-color\"><span class=\"wpex-icon--w wpex-icon\" aria-hidden=\"true\"><svg xmlns=\"http:\/\/www.w3.org\/2000\/svg\" viewBox=\"0 0 640 512\"><path d=\"M48 0C21.5 0 0 21.5 0 48V368c0 26.5 21.5 48 48 48H64c0 53 43 96 96 96s96-43 96-96H384c0 53 43 96 96 96s96-43 96-96h32c17.7 0 32-14.3 32-32s-14.3-32-32-32V288 256 237.3c0-17-6.7-33.3-18.7-45.3L512 114.7c-12-12-28.3-18.7-45.3-18.7H416V48c0-26.5-21.5-48-48-48H48zM416 160h50.7L544 237.3V256H416V160zM112 416a48 48 0 1 1 96 0 48 48 0 1 1 -96 0zm368-48a48 48 0 1 1 0 96 48 48 0 1 1 0-96z\"\/><\/svg><\/span><\/div><\/div><div class=\"vcex-list-item-text vcex-content wpex-flex-grow\">Versandkostenfrei<\/div><\/div><\/a><\/div><\/div><\/div><\/div><div class=\"wpb_column vc_column_container vc_col-sm-3\"><div class=\"vc_column-inner\"><div class=\"wpb_wrapper\"><style>.vcex-list_item.vcex_69d4ccdf74ae9{color:#757575;font-size:13px;}<\/style><div class=\"vcex-list_item vcex-module wpex-m-0 wpex-max-w-100 wpex-mb-5 wpex-text-center local-scroll-link vcex_69d4ccdf74ae9\"><a href=\"#10korting\" class=\"vcex-list-item-link wpex-no-underline wpex-inherit-color\"><div class=\"vcex-list-item-inner wpex-inline-flex wpex-flex-no-wrap\"><div class=\"vcex-list-item-icon wpex-mr-10\"><div class=\"vcex-list-item-icon-inner vcex-icon-wrap wpex-inline-flex wpex-justify-center wpex-items-center wpex-leading-none wpex-child-inherit-color\"><span class=\"wpex-icon--w wpex-icon\" aria-hidden=\"true\"><svg xmlns=\"http:\/\/www.w3.org\/2000\/svg\" viewBox=\"0 0 512 512\"><path d=\"M168 80c-13.3 0-24 10.7-24 24V408c0 8.4-1.4 16.5-4.1 24H440c13.3 0 24-10.7 24-24V104c0-13.3-10.7-24-24-24H168zM72 480c-39.8 0-72-32.2-72-72V112C0 98.7 10.7 88 24 88s24 10.7 24 24V408c0 13.3 10.7 24 24 24s24-10.7 24-24V104c0-39.8 32.2-72 72-72H440c39.8 0 72 32.2 72 72V408c0 39.8-32.2 72-72 72H72zM176 136c0-13.3 10.7-24 24-24h96c13.3 0 24 10.7 24 24v80c0 13.3-10.7 24-24 24H200c-13.3 0-24-10.7-24-24V136zm200-24h32c13.3 0 24 10.7 24 24s-10.7 24-24 24H376c-13.3 0-24-10.7-24-24s10.7-24 24-24zm0 80h32c13.3 0 24 10.7 24 24s-10.7 24-24 24H376c-13.3 0-24-10.7-24-24s10.7-24 24-24zM200 272H408c13.3 0 24 10.7 24 24s-10.7 24-24 24H200c-13.3 0-24-10.7-24-24s10.7-24 24-24zm0 80H408c13.3 0 24 10.7 24 24s-10.7 24-24 24H200c-13.3 0-24-10.7-24-24s10.7-24 24-24z\"\/><\/svg><\/span><\/div><\/div><div class=\"vcex-list-item-text vcex-content wpex-flex-grow\">Registrieren f\u00fcr 10\u20ac Rabatt<\/div><\/div><\/a><\/div><\/div><\/div><\/div><div class=\"wpb_column vc_column_container vc_col-sm-3\"><div class=\"vc_column-inner\"><div class=\"wpb_wrapper\"><style>.vcex-list_item.vcex_69d4ccdf7582f{color:#757575;font-size:13px;}<\/style><div class=\"vcex-list_item vcex-module wpex-m-0 wpex-max-w-100 wpex-mb-5 wpex-text-center vcex_69d4ccdf7582f\"><a href=\"https:\/\/winixeurope.eu\/de\/sendungen-und-zahlungen\/\" class=\"vcex-list-item-link wpex-no-underline wpex-inherit-color\"><div class=\"vcex-list-item-inner wpex-inline-flex wpex-flex-no-wrap\"><div class=\"vcex-list-item-icon wpex-mr-10\"><div class=\"vcex-list-item-icon-inner vcex-icon-wrap wpex-inline-flex wpex-justify-center wpex-items-center wpex-leading-none wpex-child-inherit-color\"><span class=\"wpex-icon--w wpex-icon\" aria-hidden=\"true\"><svg xmlns=\"http:\/\/www.w3.org\/2000\/svg\" viewBox=\"0 0 34 32\"><path d=\"M31.429 2.286q1.179 0 2.018 0.839t0.839 2.018v21.714q0 1.179-0.839 2.018t-2.018 0.839h-28.571q-1.179 0-2.018-0.839t-0.839-2.018v-21.714q0-1.179 0.839-2.018t2.018-0.839h28.571zM2.857 4.571q-0.232 0-0.402 0.17t-0.17 0.402v4h29.714v-4q0-0.232-0.17-0.402t-0.402-0.17h-28.571zM31.429 27.429q0.232 0 0.402-0.17t0.17-0.402v-10.857h-29.714v10.857q0 0.232 0.17 0.402t0.402 0.17h28.571zM4.571 25.143v-2.286h4.571v2.286h-4.571zM11.429 25.143v-2.286h6.857v2.286h-6.857z\"><\/path><\/svg><\/span><\/div><\/div><div class=\"vcex-list-item-text vcex-content wpex-flex-grow\">Sp\u00e4ter bezahlen mit Klarna<\/div><\/div><\/a><\/div><\/div><\/div><\/div><div class=\"wpb_column vc_column_container vc_col-sm-3\"><div class=\"vc_column-inner\"><div class=\"wpb_wrapper\"><style>.vcex-list_item.vcex_69d4ccdf7619e{color:#757575;font-size:13px;}<\/style><div class=\"vcex-list_item vcex-module wpex-m-0 wpex-max-w-100 wpex-mb-5 wpex-text-center vcex_69d4ccdf7619e\"><a href=\"https:\/\/winixeurope.eu\/de\/registrieren\/\" class=\"vcex-list-item-link wpex-no-underline wpex-inherit-color\"><div class=\"vcex-list-item-inner wpex-inline-flex wpex-flex-no-wrap\"><div class=\"vcex-list-item-icon wpex-mr-10\"><div class=\"vcex-list-item-icon-inner vcex-icon-wrap wpex-inline-flex wpex-justify-center wpex-items-center wpex-leading-none wpex-child-inherit-color\"><span class=\"wpex-icon--w wpex-icon\" aria-hidden=\"true\"><svg xmlns=\"http:\/\/www.w3.org\/2000\/svg\" viewBox=\"0 0 512 512\"><path d=\"M24 32C10.7 32 0 42.7 0 56V456c0 13.3 10.7 24 24 24H40c13.3 0 24-10.7 24-24V56c0-13.3-10.7-24-24-24H24zm88 0c-8.8 0-16 7.2-16 16V464c0 8.8 7.2 16 16 16s16-7.2 16-16V48c0-8.8-7.2-16-16-16zm72 0c-13.3 0-24 10.7-24 24V456c0 13.3 10.7 24 24 24h16c13.3 0 24-10.7 24-24V56c0-13.3-10.7-24-24-24H184zm96 0c-13.3 0-24 10.7-24 24V456c0 13.3 10.7 24 24 24h16c13.3 0 24-10.7 24-24V56c0-13.3-10.7-24-24-24H280zM448 56V456c0 13.3 10.7 24 24 24h16c13.3 0 24-10.7 24-24V56c0-13.3-10.7-24-24-24H472c-13.3 0-24 10.7-24 24zm-64-8V464c0 8.8 7.2 16 16 16s16-7.2 16-16V48c0-8.8-7.2-16-16-16s-16 7.2-16 16z\"\/><\/svg><\/span><\/div><\/div><div class=\"vcex-list-item-text vcex-content wpex-flex-grow\">1 Jahr zes\u00e4tzliche Garantie<\/div><\/div><\/a><\/div><\/div><\/div><\/div><\/div><\/div><\/div><\/div><\/div><div class=\"vc_row wpb_row vc_row-fluid sticky_rij_desktop vc_custom_1667297281589 wpex-vc-full-width-row wpex-vc-full-width-row--centered wpex-relative wpex-vc_row-has-fill wpex-vc-reset-negative-margin\"><div class=\"wpb_column sticky_kolom vc_column_container vc_col-sm-12 vc_hidden-lg vc_hidden-md vc_hidden-sm\"><div class=\"vc_column-inner\"><div class=\"wpb_wrapper\">        <style>\r\n        \t.unique-carousel-462 .owl-next, .unique-carousel-462 .owl-prev{\r\n        \t\tbackground: rgba(30,115,190,0.01)  !important;\r\n        \t\tcolor: #c2c2c2 !important;\r\n        \t}\r\n\r\n        \t.unique-carousel-462.owl-theme .owl-dots .owl-dot.active span, .unique-carousel-462.owl-theme .owl-dots .owl-dot:hover span{\r\n        \t\tbackground:  !important;\r\n        \t}\r\n\r\n        \t.owl-next, .owl-prev{\r\n        \t\ttop: 40%;\r\n        \t}\r\n        <\/style>\r\n        <div class=\"wdo-carosuel-container unique-carousel-462 owl-carousel owl-theme\">\r\n        \t\r\n        <div class=\"item\">\r\n        \t<style>.vcex-list_item.vcex_69d4ccdf778ee{color:#757575;font-size:13px;}<\/style><div class=\"vcex-list_item vcex-module wpex-m-0 wpex-max-w-100 wpex-mb-5 wpex-text-center vcex_69d4ccdf778ee\"><a href=\"https:\/\/winixeurope.eu\/de\/sendungen-und-zahlungen\/\" class=\"vcex-list-item-link wpex-no-underline wpex-inherit-color\"><div class=\"vcex-list-item-inner wpex-inline-flex wpex-flex-no-wrap\"><div class=\"vcex-list-item-icon wpex-mr-10\"><div class=\"vcex-list-item-icon-inner vcex-icon-wrap wpex-inline-flex wpex-justify-center wpex-items-center wpex-leading-none wpex-child-inherit-color\"><span class=\"wpex-icon--w wpex-icon\" aria-hidden=\"true\"><svg xmlns=\"http:\/\/www.w3.org\/2000\/svg\" viewBox=\"0 0 34 32\"><path d=\"M31.429 2.286q1.179 0 2.018 0.839t0.839 2.018v21.714q0 1.179-0.839 2.018t-2.018 0.839h-28.571q-1.179 0-2.018-0.839t-0.839-2.018v-21.714q0-1.179 0.839-2.018t2.018-0.839h28.571zM2.857 4.571q-0.232 0-0.402 0.17t-0.17 0.402v4h29.714v-4q0-0.232-0.17-0.402t-0.402-0.17h-28.571zM31.429 27.429q0.232 0 0.402-0.17t0.17-0.402v-10.857h-29.714v10.857q0 0.232 0.17 0.402t0.402 0.17h28.571zM4.571 25.143v-2.286h4.571v2.286h-4.571zM11.429 25.143v-2.286h6.857v2.286h-6.857z\"><\/path><\/svg><\/span><\/div><\/div><div class=\"vcex-list-item-text vcex-content wpex-flex-grow\">Sp\u00e4ter bezahlen mit Klarna<\/div><\/div><\/a><\/div>        <\/div>\r\n\r\n        \r\n        <div class=\"item\">\r\n        \t<style>.vcex-list_item.vcex_69d4ccdf7813a{color:#757575;font-size:13px;}<\/style><div class=\"vcex-list_item vcex-module wpex-m-0 wpex-max-w-100 wpex-mb-5 wpex-text-center local-scroll-link vcex_69d4ccdf7813a\"><a href=\"#10korting\" class=\"vcex-list-item-link wpex-no-underline wpex-inherit-color\"><div class=\"vcex-list-item-inner wpex-inline-flex wpex-flex-no-wrap\"><div class=\"vcex-list-item-icon wpex-mr-10\"><div class=\"vcex-list-item-icon-inner vcex-icon-wrap wpex-inline-flex wpex-justify-center wpex-items-center wpex-leading-none wpex-child-inherit-color\"><span class=\"wpex-icon--w wpex-icon\" aria-hidden=\"true\"><svg xmlns=\"http:\/\/www.w3.org\/2000\/svg\" viewBox=\"0 0 512 512\"><path d=\"M168 80c-13.3 0-24 10.7-24 24V408c0 8.4-1.4 16.5-4.1 24H440c13.3 0 24-10.7 24-24V104c0-13.3-10.7-24-24-24H168zM72 480c-39.8 0-72-32.2-72-72V112C0 98.7 10.7 88 24 88s24 10.7 24 24V408c0 13.3 10.7 24 24 24s24-10.7 24-24V104c0-39.8 32.2-72 72-72H440c39.8 0 72 32.2 72 72V408c0 39.8-32.2 72-72 72H72zM176 136c0-13.3 10.7-24 24-24h96c13.3 0 24 10.7 24 24v80c0 13.3-10.7 24-24 24H200c-13.3 0-24-10.7-24-24V136zm200-24h32c13.3 0 24 10.7 24 24s-10.7 24-24 24H376c-13.3 0-24-10.7-24-24s10.7-24 24-24zm0 80h32c13.3 0 24 10.7 24 24s-10.7 24-24 24H376c-13.3 0-24-10.7-24-24s10.7-24 24-24zM200 272H408c13.3 0 24 10.7 24 24s-10.7 24-24 24H200c-13.3 0-24-10.7-24-24s10.7-24 24-24zm0 80H408c13.3 0 24 10.7 24 24s-10.7 24-24 24H200c-13.3 0-24-10.7-24-24s10.7-24 24-24z\"\/><\/svg><\/span><\/div><\/div><div class=\"vcex-list-item-text vcex-content wpex-flex-grow\">Registrieren f\u00fcr 10\u20ac Rabatt<\/div><\/div><\/a><\/div>        <\/div>\r\n\r\n        \r\n        <div class=\"item\">\r\n        \t<style>.vcex-list_item.vcex_69d4ccdf78d47{color:#757575;font-size:13px;}<\/style><div class=\"vcex-list_item vcex-module wpex-m-0 wpex-max-w-100 wpex-mb-5 wpex-text-center vcex_69d4ccdf78d47\"><a href=\"https:\/\/winixeurope.eu\/de\/sendungen-und-zahlungen\/\" class=\"vcex-list-item-link wpex-no-underline wpex-inherit-color\"><div class=\"vcex-list-item-inner wpex-inline-flex wpex-flex-no-wrap\"><div class=\"vcex-list-item-icon wpex-mr-10\"><div class=\"vcex-list-item-icon-inner vcex-icon-wrap wpex-inline-flex wpex-justify-center wpex-items-center wpex-leading-none wpex-child-inherit-color\"><span class=\"wpex-icon--w wpex-icon\" aria-hidden=\"true\"><svg xmlns=\"http:\/\/www.w3.org\/2000\/svg\" viewBox=\"0 0 640 512\"><path d=\"M48 0C21.5 0 0 21.5 0 48V368c0 26.5 21.5 48 48 48H64c0 53 43 96 96 96s96-43 96-96H384c0 53 43 96 96 96s96-43 96-96h32c17.7 0 32-14.3 32-32s-14.3-32-32-32V288 256 237.3c0-17-6.7-33.3-18.7-45.3L512 114.7c-12-12-28.3-18.7-45.3-18.7H416V48c0-26.5-21.5-48-48-48H48zM416 160h50.7L544 237.3V256H416V160zM112 416a48 48 0 1 1 96 0 48 48 0 1 1 -96 0zm368-48a48 48 0 1 1 0 96 48 48 0 1 1 0-96z\"\/><\/svg><\/span><\/div><\/div><div class=\"vcex-list-item-text vcex-content wpex-flex-grow\">Versandkostenfrei<\/div><\/div><\/a><\/div>        <\/div>\r\n\r\n        \r\n        <div class=\"item\">\r\n        \t<style>.vcex-list_item.vcex_69d4ccdf7957b{color:#757575;font-size:13px;}<\/style><div class=\"vcex-list_item vcex-module wpex-m-0 wpex-max-w-100 wpex-mb-5 wpex-text-center vcex_69d4ccdf7957b\"><a href=\"https:\/\/winixeurope.eu\/de\/registrieren\/\" class=\"vcex-list-item-link wpex-no-underline wpex-inherit-color\"><div class=\"vcex-list-item-inner wpex-inline-flex wpex-flex-no-wrap\"><div class=\"vcex-list-item-icon wpex-mr-10\"><div class=\"vcex-list-item-icon-inner vcex-icon-wrap wpex-inline-flex wpex-justify-center wpex-items-center wpex-leading-none wpex-child-inherit-color\"><span class=\"wpex-icon--w wpex-icon\" aria-hidden=\"true\"><svg xmlns=\"http:\/\/www.w3.org\/2000\/svg\" viewBox=\"0 0 512 512\"><path d=\"M24 32C10.7 32 0 42.7 0 56V456c0 13.3 10.7 24 24 24H40c13.3 0 24-10.7 24-24V56c0-13.3-10.7-24-24-24H24zm88 0c-8.8 0-16 7.2-16 16V464c0 8.8 7.2 16 16 16s16-7.2 16-16V48c0-8.8-7.2-16-16-16zm72 0c-13.3 0-24 10.7-24 24V456c0 13.3 10.7 24 24 24h16c13.3 0 24-10.7 24-24V56c0-13.3-10.7-24-24-24H184zm96 0c-13.3 0-24 10.7-24 24V456c0 13.3 10.7 24 24 24h16c13.3 0 24-10.7 24-24V56c0-13.3-10.7-24-24-24H280zM448 56V456c0 13.3 10.7 24 24 24h16c13.3 0 24-10.7 24-24V56c0-13.3-10.7-24-24-24H472c-13.3 0-24 10.7-24 24zm-64-8V464c0 8.8 7.2 16 16 16s16-7.2 16-16V48c0-8.8-7.2-16-16-16s-16 7.2-16 16z\"\/><\/svg><\/span><\/div><\/div><div class=\"vcex-list-item-text vcex-content wpex-flex-grow\">1 Jahr zes\u00e4tzliche Garantie<\/div><\/div><\/a><\/div>        <\/div>\r\n\r\n                <\/div>\r\n        <script type=\"text\/javascript\">\r\n\r\n        \tjQuery(document).ready(function ($) {\r\n                \/\/ (function($){\r\n                 \r\n                \/\/     $.fn.shuffle = function() {\r\n                 \r\n                \/\/         var allElems = this.get(),\r\n                \/\/             getRandom = function(max) {\r\n                \/\/                 return Math.floor(Math.random() * max);\r\n                \/\/             },\r\n                \/\/             shuffled = $.map(allElems, function(){\r\n                \/\/                 var random = getRandom(allElems.length),\r\n                \/\/                     randEl = $(allElems[random]).clone(true)[0];\r\n                \/\/                 allElems.splice(random, 1);\r\n                \/\/                 return randEl;\r\n                \/\/            });\r\n                 \r\n                \/\/         this.each(function(i){\r\n                \/\/             $(this).replaceWith($(shuffled[i]));\r\n                \/\/         });\r\n                 \r\n                \/\/         return $(shuffled);\r\n                 \r\n                \/\/     };\r\n                 \r\n                \/\/ })(jQuery);\r\n                \/\/ $(\".unique-carousel- .item\").shuffle();\r\n\r\n        \t\t$('.unique-carousel-462').owlCarousel({\r\n        \t\t    margin:10,\r\n        \t\t    touchDrag:true,\r\n                    \/\/ autoHeight:true,\r\n        \t\t    mouseDrag:true,\r\n        \t\t    autoplayHoverPause:true,\r\n        \t\t    autoplayTimeout:5000,\r\n        \t\t    navSpeed:250,\r\n        \t\t    dotsSpeed:300,\r\n        \t\t    animateIn: false, \r\n        \t\t    animateOut: false,\r\n        \t\t    video:true,\r\n        \t\t    videoWidth:true,\r\n        \t\t    videoHeight:300,\r\n        \t\t    loop:true,\r\n        \t\t    slideBy:1,\r\n        \t\t    autoplay:true, \r\n        \t\t    nav:true,\r\n        \t\t    dots:false,\r\n        \t\t    navText:[\"<div class='nav-btn prev-slide'><\/div>\",\"<div class='nav-btn next-slide'><\/div>\"],\r\n        \t\t    responsive:{\r\n        \t\t        0:{\r\n        \t\t            items:1        \t\t        },\r\n        \t\t        600:{\r\n        \t\t            items:1        \t\t        },\r\n        \t\t        1000:{\r\n        \t\t            items:1        \t\t        }\r\n        \t\t    }\r\n        \t\t});\r\n        \t});\r\n        <\/script>\r\n        <\/div><\/div><\/div><\/div><\/div>[\/vc_column][\/vc_row][vc_row full_width=&#8221;stretch_row&#8221; content_placement=&#8221;middle&#8221; css=&#8221;.vc_custom_1739286340984{background-image: url(https:\/\/winixeurope.eu\/wp-content\/uploads\/2025\/02\/bg_nieuwsbrief_slide.jpg?id=29567) !important;background-position: center !important;background-repeat: no-repeat !important;background-size: cover !important;}&#8221; el_class=&#8221;start_pagina_visual_klasse&#8221; el_id=&#8221;start_pagina_visual_id&#8221;][vc_column offset=&#8221;vc_hidden-xs&#8221;][vc_empty_space height=&#8221;300px&#8221;][vc_row_inner equal_height=&#8221;yes&#8221; content_placement=&#8221;middle&#8221;][vc_column_inner offset=&#8221;vc_col-xs-6&#8243; css=&#8221;.vc_custom_1667300251189{margin-left: -45px !important;}&#8221;][vc_column_text]\n<h1 style=\"text-align: left;\"><span class=\"h1_blauw_achtergrond\">Erfolgreich registriert!<\/span><\/h1>\n[\/vc_column_text][vc_empty_space height=&#8221;22px&#8221;]<a href=\"https:\/\/winixeurope.eu\/shop\/\" class=\"vcex-button theme-button align-left inline grote_knop_paars\"><span class=\"vcex-button-inner theme-button-inner wpex-flex wpex-flex-wrap wpex-items-center wpex-justify-center\">Bekijk alle producten<\/span><\/a> [\/vc_column_inner][\/vc_row_inner][vc_empty_space height=&#8221;300px&#8221;][\/vc_column][\/vc_row][vc_row gap=&#8221;35&#8243;][vc_column width=&#8221;1\/6&#8243; css=&#8221;.vc_custom_1669364054521{padding-right: 5px !important;}&#8221; el_id=&#8221;kolom_wit_contact_id&#8221; el_class=&#8221;kolom_wit_contact_klasse&#8221; offset=&#8221;vc_hidden-xs&#8221;][\/vc_column][vc_column width=&#8221;2\/3&#8243; css=&#8221;.vc_custom_1669364327512{margin-top: -80px !important;padding-top: 25px !important;padding-right: 45px !important;padding-bottom: 55px !important;padding-left: 45px !important;background-color: #ffffff !important;}&#8221; el_id=&#8221;kolom_wit_contact_id&#8221; el_class=&#8221;kolom_wit_contact_klasse&#8221; offset=&#8221;vc_hidden-xs&#8221;][vc_column_text]\n<h3 style=\"text-align: center;\"><span style=\"font-size: 21px; color: #241f56;\">\u00dcberpr\u00fcfen Sie Ihre E-Mail f\u00fcr einen Rabatt von \u20ac10,-!<\/span><\/h3>\n[\/vc_column_text][vc_empty_space height=&#8221;12px&#8221;][vc_column_text]\n<p style=\"text-align: center;\">Wir haben Ihnen gerade eine E-Mail mit einem einzigartigen Rabattcode gesendet. <span style=\"text-decoration: underline;\"><strong>(Hinweis: Der Erhalt kann eine Minute dauern)<\/strong><\/span> Dieser Rabattcode kann w\u00e4hrend des Bezahlvorgangs eingegeben werden, um einen sofortigen Rabatt von 10 \u20ac zu erhalten. Wenn Sie keinen Code erhalten haben; \u00dcberpr\u00fcfen Sie zuerst Ihre &#8220;Junk-Mail&#8221;. Nichts erhalten? Wenden Sie sich gerne an unseren Kundenservice.<\/p>\n[\/vc_column_text][vc_empty_space height=&#8221;22px&#8221;]<div class=\"theme-button-wrap textcenter wpex-clr\"><a href=\"https:\/\/winixeurope.eu\/klantenservice\/\" class=\"vcex-button theme-button align-center inline kleine_knop_paars\"><span class=\"vcex-button-inner theme-button-inner wpex-flex wpex-flex-wrap wpex-items-center wpex-justify-center\">Klantenservice<\/span><\/a><\/div> [\/vc_column][vc_column width=&#8221;1\/6&#8243; el_id=&#8221;kolom_wit_contact_id&#8221; el_class=&#8221;kolom_wit_contact_klasse&#8221; offset=&#8221;vc_hidden-xs&#8221;][\/vc_column][\/vc_row][vc_row full_width=&#8221;stretch_row&#8221; content_placement=&#8221;middle&#8221; css=&#8221;.vc_custom_1739286353001{background-image: url(https:\/\/winixeurope.eu\/wp-content\/uploads\/2025\/02\/bg_nieuwsbrief_mobileslide.jpg?id=29573) !important;background-position: center !important;background-repeat: no-repeat !important;background-size: cover !important;}&#8221; el_class=&#8221;start_pagina_visual_klasse&#8221; el_id=&#8221;start_pagina_visual_id&#8221;][vc_column offset=&#8221;vc_hidden-lg vc_hidden-md vc_hidden-sm&#8221;][vc_empty_space height=&#8221;350px&#8221;][\/vc_column][\/vc_row][vc_row full_width=&#8221;stretch_row&#8221; content_placement=&#8221;middle&#8221; css=&#8221;.vc_custom_1667905292291{background-position: center !important;background-repeat: no-repeat !important;background-size: cover !important;}&#8221;][vc_column offset=&#8221;vc_hidden-lg vc_hidden-md vc_hidden-sm&#8221; css=&#8221;.vc_custom_1667915093588{margin-top: -115px !important;}&#8221;][vc_column_text]\n<h1 style=\"text-align: center;\"><span class=\"h1_blauw_achtergrond\">Erfolgreich registriert!<\/span><\/h1>\n[\/vc_column_text][vc_empty_space height=&#8221;22px&#8221;]<div class=\"theme-button-wrap textcenter wpex-clr\"><a href=\"https:\/\/winixeurope.eu\/shop\/\" class=\"vcex-button theme-button align-center inline grote_knop_paars\"><span class=\"vcex-button-inner theme-button-inner wpex-flex wpex-flex-wrap wpex-items-center wpex-justify-center\">Alle producten<\/span><\/a><\/div> [vc_empty_space height=&#8221;30px&#8221;][\/vc_column][\/vc_row][vc_row gap=&#8221;35&#8243; css=&#8221;.vc_custom_1667915011638{padding-right: 35px !important;padding-left: 35px !important;}&#8221;][vc_column width=&#8221;1\/3&#8243; css=&#8221;.vc_custom_1667914920215{padding-top: 25px !important;padding-right: 45px !important;padding-bottom: 55px !important;padding-left: 45px !important;background-color: #ffffff !important;}&#8221; el_class=&#8221;kolom_wit_contact_klasse&#8221; offset=&#8221;vc_hidden-lg vc_hidden-md vc_hidden-sm&#8221; el_id=&#8221;kolom_wit_contact_id&#8221;][vc_column_text]\n<h3 style=\"text-align: center;\"><span style=\"font-size: 21px; color: #241f56;\">\u20ac10,- Rabatt<\/span><\/h3>\n[\/vc_column_text][vc_empty_space height=&#8221;12px&#8221;][vc_column_text]\n<p style=\"text-align: center;\">Wir haben Ihnen gerade eine E-Mail mit einem einzigartigen Rabattcode gesendet. <span style=\"text-decoration: underline;\"><strong>(Hinweis: Der Erhalt kann eine Minute dauern)<\/strong><\/span> Dieser Rabattcode kann w\u00e4hrend des Bezahlvorgangs eingegeben werden, um einen sofortigen Rabatt von 10 \u20ac zu erhalten. Wenn Sie keinen Code erhalten haben; \u00dcberpr\u00fcfen Sie zuerst Ihre &#8220;Junk-Mail&#8221;. Nichts erhalten? Wenden Sie sich gerne an unseren Kundenservice.<\/p>\n[\/vc_column_text][vc_empty_space height=&#8221;22px&#8221;]<div class=\"theme-button-wrap textcenter wpex-clr\"><a href=\"https:\/\/winixeurope.eu\/klantenservice\/\" class=\"vcex-button theme-button align-center inline kleine_knop_paars\"><span class=\"vcex-button-inner theme-button-inner wpex-flex wpex-flex-wrap wpex-items-center wpex-justify-center\">Klantenservice<\/span><\/a><\/div> [\/vc_column][\/vc_row][vc_row][vc_column offset=&#8221;vc_hidden-xs&#8221;][vc_empty_space][\/vc_column][\/vc_row]\n<\/div>","protected":false},"excerpt":{"rendered":"VersandkostenfreiRegistrieren f\u00fcr 10\u20ac RabattSp\u00e4ter bezahlen mit Klarna1 Jahr zes\u00e4tzliche Garantie Sp\u00e4ter bezahlen mit Klarna Registrieren f\u00fcr 10\u20ac Rabatt Versandkostenfrei 1 Jahr zes\u00e4tzliche Garantie Erfolgreich registriert! Bekijk alle producten \u00dcberpr\u00fcfen Sie Ihre E-Mail f\u00fcr einen Rabatt von \u20ac10,-! Wir haben Ihnen gerade eine E-Mail mit einem einzigartigen Rabattcode gesendet. (Hinweis: Der Erhalt kann eine Minute dauern)&hellip;","protected":false},"author":1,"featured_media":0,"parent":0,"menu_order":117,"comment_status":"closed","ping_status":"closed","template":"","meta":{"inline_featured_image":false,"footnotes":""},"class_list":["post-3306","page","type-page","status-publish","hentry","entry","no-media"],"jetpack_sharing_enabled":true,"_links":{"self":[{"href":"https:\/\/winixeurope.eu\/de\/wp-json\/wp\/v2\/pages\/3306","targetHints":{"allow":["GET"]}}],"collection":[{"href":"https:\/\/winixeurope.eu\/de\/wp-json\/wp\/v2\/pages"}],"about":[{"href":"https:\/\/winixeurope.eu\/de\/wp-json\/wp\/v2\/types\/page"}],"author":[{"embeddable":true,"href":"https:\/\/winixeurope.eu\/de\/wp-json\/wp\/v2\/users\/1"}],"replies":[{"embeddable":true,"href":"https:\/\/winixeurope.eu\/de\/wp-json\/wp\/v2\/comments?post=3306"}],"version-history":[{"count":4,"href":"https:\/\/winixeurope.eu\/de\/wp-json\/wp\/v2\/pages\/3306\/revisions"}],"predecessor-version":[{"id":29589,"href":"https:\/\/winixeurope.eu\/de\/wp-json\/wp\/v2\/pages\/3306\/revisions\/29589"}],"wp:attachment":[{"href":"https:\/\/winixeurope.eu\/de\/wp-json\/wp\/v2\/media?parent=3306"}],"curies":[{"name":"wp","href":"https:\/\/api.w.org\/{rel}","templated":true}]}}