{"id":3278,"date":"2022-11-08T11:46:20","date_gmt":"2022-11-08T11:46:20","guid":{"rendered":"https:\/\/winixeurope.eu\/over-ons\/"},"modified":"2023-01-07T16:43:48","modified_gmt":"2023-01-07T16:43:48","slug":"ueber-winix","status":"publish","type":"page","link":"https:\/\/winixeurope.eu\/de\/ueber-winix\/","title":{"rendered":"\u00dcber WINIX"},"content":{"rendered":"<div class=\"wpb-content-wrapper\">[vc_row][vc_column]<div class=\"templatera_shortcode\"><style type=\"text\/css\" data-type=\"vc_shortcodes-custom-css\">.vc_custom_1666870742026{padding-top: 13px !important;padding-bottom: 11px !important;background-color: #efefef !important;}.vc_custom_1667297281589{padding-top: 13px !important;padding-bottom: 0px !important;background-color: #efefef !important;}.vc_custom_1668697064807{padding-right: 14% !important;padding-left: 14% !important;}<\/style><div class=\"vc_row wpb_row vc_row-fluid sticky_rij_desktop vc_custom_1666870742026 wpex-vc-full-width-row wpex-vc-full-width-row--centered wpex-relative wpex-vc_row-has-fill wpex-vc-reset-negative-margin\"><div class=\"wpb_column sticky_kolom vc_column_container vc_col-sm-12 vc_hidden-xs\"><div class=\"vc_column-inner vc_custom_1668697064807\"><div class=\"wpb_wrapper\"><div class=\"vc_row wpb_row vc_inner vc_row-fluid wpex-relative\"><div class=\"wpb_column vc_column_container vc_col-sm-3\"><div class=\"vc_column-inner\"><div class=\"wpb_wrapper\"><style>.vcex-list_item.vcex_69e4663e845e9{color:#757575;font-size:13px;}<\/style><div class=\"vcex-list_item vcex-module wpex-m-0 wpex-max-w-100 wpex-mb-5 wpex-text-center vcex_69e4663e845e9\"><a href=\"https:\/\/winixeurope.eu\/de\/sendungen-und-zahlungen\/\" class=\"vcex-list-item-link wpex-no-underline wpex-inherit-color\"><div class=\"vcex-list-item-inner wpex-inline-flex wpex-flex-no-wrap\"><div class=\"vcex-list-item-icon wpex-mr-10\"><div class=\"vcex-list-item-icon-inner vcex-icon-wrap wpex-inline-flex wpex-justify-center wpex-items-center wpex-leading-none wpex-child-inherit-color\"><span class=\"wpex-icon--w wpex-icon\" aria-hidden=\"true\"><svg xmlns=\"http:\/\/www.w3.org\/2000\/svg\" viewBox=\"0 0 640 512\"><path d=\"M48 0C21.5 0 0 21.5 0 48V368c0 26.5 21.5 48 48 48H64c0 53 43 96 96 96s96-43 96-96H384c0 53 43 96 96 96s96-43 96-96h32c17.7 0 32-14.3 32-32s-14.3-32-32-32V288 256 237.3c0-17-6.7-33.3-18.7-45.3L512 114.7c-12-12-28.3-18.7-45.3-18.7H416V48c0-26.5-21.5-48-48-48H48zM416 160h50.7L544 237.3V256H416V160zM112 416a48 48 0 1 1 96 0 48 48 0 1 1 -96 0zm368-48a48 48 0 1 1 0 96 48 48 0 1 1 0-96z\"\/><\/svg><\/span><\/div><\/div><div class=\"vcex-list-item-text vcex-content wpex-flex-grow\">Versandkostenfrei<\/div><\/div><\/a><\/div><\/div><\/div><\/div><div class=\"wpb_column vc_column_container vc_col-sm-3\"><div class=\"vc_column-inner\"><div class=\"wpb_wrapper\"><style>.vcex-list_item.vcex_69e4663e8788e{color:#757575;font-size:13px;}<\/style><div class=\"vcex-list_item vcex-module wpex-m-0 wpex-max-w-100 wpex-mb-5 wpex-text-center local-scroll-link vcex_69e4663e8788e\"><a href=\"#10korting\" class=\"vcex-list-item-link wpex-no-underline wpex-inherit-color\"><div class=\"vcex-list-item-inner wpex-inline-flex wpex-flex-no-wrap\"><div class=\"vcex-list-item-icon wpex-mr-10\"><div class=\"vcex-list-item-icon-inner vcex-icon-wrap wpex-inline-flex wpex-justify-center wpex-items-center wpex-leading-none wpex-child-inherit-color\"><span class=\"wpex-icon--w wpex-icon\" aria-hidden=\"true\"><svg xmlns=\"http:\/\/www.w3.org\/2000\/svg\" viewBox=\"0 0 512 512\"><path d=\"M168 80c-13.3 0-24 10.7-24 24V408c0 8.4-1.4 16.5-4.1 24H440c13.3 0 24-10.7 24-24V104c0-13.3-10.7-24-24-24H168zM72 480c-39.8 0-72-32.2-72-72V112C0 98.7 10.7 88 24 88s24 10.7 24 24V408c0 13.3 10.7 24 24 24s24-10.7 24-24V104c0-39.8 32.2-72 72-72H440c39.8 0 72 32.2 72 72V408c0 39.8-32.2 72-72 72H72zM176 136c0-13.3 10.7-24 24-24h96c13.3 0 24 10.7 24 24v80c0 13.3-10.7 24-24 24H200c-13.3 0-24-10.7-24-24V136zm200-24h32c13.3 0 24 10.7 24 24s-10.7 24-24 24H376c-13.3 0-24-10.7-24-24s10.7-24 24-24zm0 80h32c13.3 0 24 10.7 24 24s-10.7 24-24 24H376c-13.3 0-24-10.7-24-24s10.7-24 24-24zM200 272H408c13.3 0 24 10.7 24 24s-10.7 24-24 24H200c-13.3 0-24-10.7-24-24s10.7-24 24-24zm0 80H408c13.3 0 24 10.7 24 24s-10.7 24-24 24H200c-13.3 0-24-10.7-24-24s10.7-24 24-24z\"\/><\/svg><\/span><\/div><\/div><div class=\"vcex-list-item-text vcex-content wpex-flex-grow\">Registrieren f\u00fcr 10\u20ac Rabatt<\/div><\/div><\/a><\/div><\/div><\/div><\/div><div class=\"wpb_column vc_column_container vc_col-sm-3\"><div class=\"vc_column-inner\"><div class=\"wpb_wrapper\"><style>.vcex-list_item.vcex_69e4663e8851e{color:#757575;font-size:13px;}<\/style><div class=\"vcex-list_item vcex-module wpex-m-0 wpex-max-w-100 wpex-mb-5 wpex-text-center vcex_69e4663e8851e\"><a href=\"https:\/\/winixeurope.eu\/de\/sendungen-und-zahlungen\/\" class=\"vcex-list-item-link wpex-no-underline wpex-inherit-color\"><div class=\"vcex-list-item-inner wpex-inline-flex wpex-flex-no-wrap\"><div class=\"vcex-list-item-icon wpex-mr-10\"><div class=\"vcex-list-item-icon-inner vcex-icon-wrap wpex-inline-flex wpex-justify-center wpex-items-center wpex-leading-none wpex-child-inherit-color\"><span class=\"wpex-icon--w wpex-icon\" aria-hidden=\"true\"><svg xmlns=\"http:\/\/www.w3.org\/2000\/svg\" viewBox=\"0 0 34 32\"><path d=\"M31.429 2.286q1.179 0 2.018 0.839t0.839 2.018v21.714q0 1.179-0.839 2.018t-2.018 0.839h-28.571q-1.179 0-2.018-0.839t-0.839-2.018v-21.714q0-1.179 0.839-2.018t2.018-0.839h28.571zM2.857 4.571q-0.232 0-0.402 0.17t-0.17 0.402v4h29.714v-4q0-0.232-0.17-0.402t-0.402-0.17h-28.571zM31.429 27.429q0.232 0 0.402-0.17t0.17-0.402v-10.857h-29.714v10.857q0 0.232 0.17 0.402t0.402 0.17h28.571zM4.571 25.143v-2.286h4.571v2.286h-4.571zM11.429 25.143v-2.286h6.857v2.286h-6.857z\"><\/path><\/svg><\/span><\/div><\/div><div class=\"vcex-list-item-text vcex-content wpex-flex-grow\">Sp\u00e4ter bezahlen mit Klarna<\/div><\/div><\/a><\/div><\/div><\/div><\/div><div class=\"wpb_column vc_column_container vc_col-sm-3\"><div class=\"vc_column-inner\"><div class=\"wpb_wrapper\"><style>.vcex-list_item.vcex_69e4663e88d53{color:#757575;font-size:13px;}<\/style><div class=\"vcex-list_item vcex-module wpex-m-0 wpex-max-w-100 wpex-mb-5 wpex-text-center vcex_69e4663e88d53\"><a href=\"https:\/\/winixeurope.eu\/de\/registrieren\/\" class=\"vcex-list-item-link wpex-no-underline wpex-inherit-color\"><div class=\"vcex-list-item-inner wpex-inline-flex wpex-flex-no-wrap\"><div class=\"vcex-list-item-icon wpex-mr-10\"><div class=\"vcex-list-item-icon-inner vcex-icon-wrap wpex-inline-flex wpex-justify-center wpex-items-center wpex-leading-none wpex-child-inherit-color\"><span class=\"wpex-icon--w wpex-icon\" aria-hidden=\"true\"><svg xmlns=\"http:\/\/www.w3.org\/2000\/svg\" viewBox=\"0 0 512 512\"><path d=\"M24 32C10.7 32 0 42.7 0 56V456c0 13.3 10.7 24 24 24H40c13.3 0 24-10.7 24-24V56c0-13.3-10.7-24-24-24H24zm88 0c-8.8 0-16 7.2-16 16V464c0 8.8 7.2 16 16 16s16-7.2 16-16V48c0-8.8-7.2-16-16-16zm72 0c-13.3 0-24 10.7-24 24V456c0 13.3 10.7 24 24 24h16c13.3 0 24-10.7 24-24V56c0-13.3-10.7-24-24-24H184zm96 0c-13.3 0-24 10.7-24 24V456c0 13.3 10.7 24 24 24h16c13.3 0 24-10.7 24-24V56c0-13.3-10.7-24-24-24H280zM448 56V456c0 13.3 10.7 24 24 24h16c13.3 0 24-10.7 24-24V56c0-13.3-10.7-24-24-24H472c-13.3 0-24 10.7-24 24zm-64-8V464c0 8.8 7.2 16 16 16s16-7.2 16-16V48c0-8.8-7.2-16-16-16s-16 7.2-16 16z\"\/><\/svg><\/span><\/div><\/div><div class=\"vcex-list-item-text vcex-content wpex-flex-grow\">1 Jahr zes\u00e4tzliche Garantie<\/div><\/div><\/a><\/div><\/div><\/div><\/div><\/div><\/div><\/div><\/div><\/div><div class=\"vc_row wpb_row vc_row-fluid sticky_rij_desktop vc_custom_1667297281589 wpex-vc-full-width-row wpex-vc-full-width-row--centered wpex-relative wpex-vc_row-has-fill wpex-vc-reset-negative-margin\"><div class=\"wpb_column sticky_kolom vc_column_container vc_col-sm-12 vc_hidden-lg vc_hidden-md vc_hidden-sm\"><div class=\"vc_column-inner\"><div class=\"wpb_wrapper\">        <style>\r\n        \t.unique-carousel-342 .owl-next, .unique-carousel-342 .owl-prev{\r\n        \t\tbackground: rgba(30,115,190,0.01)  !important;\r\n        \t\tcolor: #c2c2c2 !important;\r\n        \t}\r\n\r\n        \t.unique-carousel-342.owl-theme .owl-dots .owl-dot.active span, .unique-carousel-342.owl-theme .owl-dots .owl-dot:hover span{\r\n        \t\tbackground:  !important;\r\n        \t}\r\n\r\n        \t.owl-next, .owl-prev{\r\n        \t\ttop: 40%;\r\n        \t}\r\n        <\/style>\r\n        <div class=\"wdo-carosuel-container unique-carousel-342 owl-carousel owl-theme\">\r\n        \t\r\n        <div class=\"item\">\r\n        \t<style>.vcex-list_item.vcex_69e4663e8a1b4{color:#757575;font-size:13px;}<\/style><div class=\"vcex-list_item vcex-module wpex-m-0 wpex-max-w-100 wpex-mb-5 wpex-text-center vcex_69e4663e8a1b4\"><a href=\"https:\/\/winixeurope.eu\/de\/sendungen-und-zahlungen\/\" class=\"vcex-list-item-link wpex-no-underline wpex-inherit-color\"><div class=\"vcex-list-item-inner wpex-inline-flex wpex-flex-no-wrap\"><div class=\"vcex-list-item-icon wpex-mr-10\"><div class=\"vcex-list-item-icon-inner vcex-icon-wrap wpex-inline-flex wpex-justify-center wpex-items-center wpex-leading-none wpex-child-inherit-color\"><span class=\"wpex-icon--w wpex-icon\" aria-hidden=\"true\"><svg xmlns=\"http:\/\/www.w3.org\/2000\/svg\" viewBox=\"0 0 34 32\"><path d=\"M31.429 2.286q1.179 0 2.018 0.839t0.839 2.018v21.714q0 1.179-0.839 2.018t-2.018 0.839h-28.571q-1.179 0-2.018-0.839t-0.839-2.018v-21.714q0-1.179 0.839-2.018t2.018-0.839h28.571zM2.857 4.571q-0.232 0-0.402 0.17t-0.17 0.402v4h29.714v-4q0-0.232-0.17-0.402t-0.402-0.17h-28.571zM31.429 27.429q0.232 0 0.402-0.17t0.17-0.402v-10.857h-29.714v10.857q0 0.232 0.17 0.402t0.402 0.17h28.571zM4.571 25.143v-2.286h4.571v2.286h-4.571zM11.429 25.143v-2.286h6.857v2.286h-6.857z\"><\/path><\/svg><\/span><\/div><\/div><div class=\"vcex-list-item-text vcex-content wpex-flex-grow\">Sp\u00e4ter bezahlen mit Klarna<\/div><\/div><\/a><\/div>        <\/div>\r\n\r\n        \r\n        <div class=\"item\">\r\n        \t<style>.vcex-list_item.vcex_69e4663e8a8ad{color:#757575;font-size:13px;}<\/style><div class=\"vcex-list_item vcex-module wpex-m-0 wpex-max-w-100 wpex-mb-5 wpex-text-center local-scroll-link vcex_69e4663e8a8ad\"><a href=\"#10korting\" class=\"vcex-list-item-link wpex-no-underline wpex-inherit-color\"><div class=\"vcex-list-item-inner wpex-inline-flex wpex-flex-no-wrap\"><div class=\"vcex-list-item-icon wpex-mr-10\"><div class=\"vcex-list-item-icon-inner vcex-icon-wrap wpex-inline-flex wpex-justify-center wpex-items-center wpex-leading-none wpex-child-inherit-color\"><span class=\"wpex-icon--w wpex-icon\" aria-hidden=\"true\"><svg xmlns=\"http:\/\/www.w3.org\/2000\/svg\" viewBox=\"0 0 512 512\"><path d=\"M168 80c-13.3 0-24 10.7-24 24V408c0 8.4-1.4 16.5-4.1 24H440c13.3 0 24-10.7 24-24V104c0-13.3-10.7-24-24-24H168zM72 480c-39.8 0-72-32.2-72-72V112C0 98.7 10.7 88 24 88s24 10.7 24 24V408c0 13.3 10.7 24 24 24s24-10.7 24-24V104c0-39.8 32.2-72 72-72H440c39.8 0 72 32.2 72 72V408c0 39.8-32.2 72-72 72H72zM176 136c0-13.3 10.7-24 24-24h96c13.3 0 24 10.7 24 24v80c0 13.3-10.7 24-24 24H200c-13.3 0-24-10.7-24-24V136zm200-24h32c13.3 0 24 10.7 24 24s-10.7 24-24 24H376c-13.3 0-24-10.7-24-24s10.7-24 24-24zm0 80h32c13.3 0 24 10.7 24 24s-10.7 24-24 24H376c-13.3 0-24-10.7-24-24s10.7-24 24-24zM200 272H408c13.3 0 24 10.7 24 24s-10.7 24-24 24H200c-13.3 0-24-10.7-24-24s10.7-24 24-24zm0 80H408c13.3 0 24 10.7 24 24s-10.7 24-24 24H200c-13.3 0-24-10.7-24-24s10.7-24 24-24z\"\/><\/svg><\/span><\/div><\/div><div class=\"vcex-list-item-text vcex-content wpex-flex-grow\">Registrieren f\u00fcr 10\u20ac Rabatt<\/div><\/div><\/a><\/div>        <\/div>\r\n\r\n        \r\n        <div class=\"item\">\r\n        \t<style>.vcex-list_item.vcex_69e4663e8b3b5{color:#757575;font-size:13px;}<\/style><div class=\"vcex-list_item vcex-module wpex-m-0 wpex-max-w-100 wpex-mb-5 wpex-text-center vcex_69e4663e8b3b5\"><a href=\"https:\/\/winixeurope.eu\/de\/sendungen-und-zahlungen\/\" class=\"vcex-list-item-link wpex-no-underline wpex-inherit-color\"><div class=\"vcex-list-item-inner wpex-inline-flex wpex-flex-no-wrap\"><div class=\"vcex-list-item-icon wpex-mr-10\"><div class=\"vcex-list-item-icon-inner vcex-icon-wrap wpex-inline-flex wpex-justify-center wpex-items-center wpex-leading-none wpex-child-inherit-color\"><span class=\"wpex-icon--w wpex-icon\" aria-hidden=\"true\"><svg xmlns=\"http:\/\/www.w3.org\/2000\/svg\" viewBox=\"0 0 640 512\"><path d=\"M48 0C21.5 0 0 21.5 0 48V368c0 26.5 21.5 48 48 48H64c0 53 43 96 96 96s96-43 96-96H384c0 53 43 96 96 96s96-43 96-96h32c17.7 0 32-14.3 32-32s-14.3-32-32-32V288 256 237.3c0-17-6.7-33.3-18.7-45.3L512 114.7c-12-12-28.3-18.7-45.3-18.7H416V48c0-26.5-21.5-48-48-48H48zM416 160h50.7L544 237.3V256H416V160zM112 416a48 48 0 1 1 96 0 48 48 0 1 1 -96 0zm368-48a48 48 0 1 1 0 96 48 48 0 1 1 0-96z\"\/><\/svg><\/span><\/div><\/div><div class=\"vcex-list-item-text vcex-content wpex-flex-grow\">Versandkostenfrei<\/div><\/div><\/a><\/div>        <\/div>\r\n\r\n        \r\n        <div class=\"item\">\r\n        \t<style>.vcex-list_item.vcex_69e4663e8ba5c{color:#757575;font-size:13px;}<\/style><div class=\"vcex-list_item vcex-module wpex-m-0 wpex-max-w-100 wpex-mb-5 wpex-text-center vcex_69e4663e8ba5c\"><a href=\"https:\/\/winixeurope.eu\/de\/registrieren\/\" class=\"vcex-list-item-link wpex-no-underline wpex-inherit-color\"><div class=\"vcex-list-item-inner wpex-inline-flex wpex-flex-no-wrap\"><div class=\"vcex-list-item-icon wpex-mr-10\"><div class=\"vcex-list-item-icon-inner vcex-icon-wrap wpex-inline-flex wpex-justify-center wpex-items-center wpex-leading-none wpex-child-inherit-color\"><span class=\"wpex-icon--w wpex-icon\" aria-hidden=\"true\"><svg xmlns=\"http:\/\/www.w3.org\/2000\/svg\" viewBox=\"0 0 512 512\"><path d=\"M24 32C10.7 32 0 42.7 0 56V456c0 13.3 10.7 24 24 24H40c13.3 0 24-10.7 24-24V56c0-13.3-10.7-24-24-24H24zm88 0c-8.8 0-16 7.2-16 16V464c0 8.8 7.2 16 16 16s16-7.2 16-16V48c0-8.8-7.2-16-16-16zm72 0c-13.3 0-24 10.7-24 24V456c0 13.3 10.7 24 24 24h16c13.3 0 24-10.7 24-24V56c0-13.3-10.7-24-24-24H184zm96 0c-13.3 0-24 10.7-24 24V456c0 13.3 10.7 24 24 24h16c13.3 0 24-10.7 24-24V56c0-13.3-10.7-24-24-24H280zM448 56V456c0 13.3 10.7 24 24 24h16c13.3 0 24-10.7 24-24V56c0-13.3-10.7-24-24-24H472c-13.3 0-24 10.7-24 24zm-64-8V464c0 8.8 7.2 16 16 16s16-7.2 16-16V48c0-8.8-7.2-16-16-16s-16 7.2-16 16z\"\/><\/svg><\/span><\/div><\/div><div class=\"vcex-list-item-text vcex-content wpex-flex-grow\">1 Jahr zes\u00e4tzliche Garantie<\/div><\/div><\/a><\/div>        <\/div>\r\n\r\n                <\/div>\r\n        <script type=\"text\/javascript\">\r\n\r\n        \tjQuery(document).ready(function ($) {\r\n                \/\/ (function($){\r\n                 \r\n                \/\/     $.fn.shuffle = function() {\r\n                 \r\n                \/\/         var allElems = this.get(),\r\n                \/\/             getRandom = function(max) {\r\n                \/\/                 return Math.floor(Math.random() * max);\r\n                \/\/             },\r\n                \/\/             shuffled = $.map(allElems, function(){\r\n                \/\/                 var random = getRandom(allElems.length),\r\n                \/\/                     randEl = $(allElems[random]).clone(true)[0];\r\n                \/\/                 allElems.splice(random, 1);\r\n                \/\/                 return randEl;\r\n                \/\/            });\r\n                 \r\n                \/\/         this.each(function(i){\r\n                \/\/             $(this).replaceWith($(shuffled[i]));\r\n                \/\/         });\r\n                 \r\n                \/\/         return $(shuffled);\r\n                 \r\n                \/\/     };\r\n                 \r\n                \/\/ })(jQuery);\r\n                \/\/ $(\".unique-carousel- .item\").shuffle();\r\n\r\n        \t\t$('.unique-carousel-342').owlCarousel({\r\n        \t\t    margin:10,\r\n        \t\t    touchDrag:true,\r\n                    \/\/ autoHeight:true,\r\n        \t\t    mouseDrag:true,\r\n        \t\t    autoplayHoverPause:true,\r\n        \t\t    autoplayTimeout:5000,\r\n        \t\t    navSpeed:250,\r\n        \t\t    dotsSpeed:300,\r\n        \t\t    animateIn: false, \r\n        \t\t    animateOut: false,\r\n        \t\t    video:true,\r\n        \t\t    videoWidth:true,\r\n        \t\t    videoHeight:300,\r\n        \t\t    loop:true,\r\n        \t\t    slideBy:1,\r\n        \t\t    autoplay:true, \r\n        \t\t    nav:true,\r\n        \t\t    dots:false,\r\n        \t\t    navText:[\"<div class='nav-btn prev-slide'><\/div>\",\"<div class='nav-btn next-slide'><\/div>\"],\r\n        \t\t    responsive:{\r\n        \t\t        0:{\r\n        \t\t            items:1        \t\t        },\r\n        \t\t        600:{\r\n        \t\t            items:1        \t\t        },\r\n        \t\t        1000:{\r\n        \t\t            items:1        \t\t        }\r\n        \t\t    }\r\n        \t\t});\r\n        \t});\r\n        <\/script>\r\n        <\/div><\/div><\/div><\/div><\/div>[\/vc_column][\/vc_row][vc_row full_width=&#8221;stretch_row&#8221; content_placement=&#8221;middle&#8221; css=&#8221;.vc_custom_1667980123577{background-image: url(https:\/\/winixeurope.eu\/wp-content\/uploads\/2022\/11\/bg_aboutus_slide.png?id=1268) !important;background-position: center !important;background-repeat: no-repeat !important;background-size: cover !important;}&#8221; el_class=&#8221;start_pagina_visual_klasse&#8221; el_id=&#8221;start_pagina_visual_id&#8221;][vc_column offset=&#8221;vc_hidden-xs&#8221;][vc_row_inner equal_height=&#8221;yes&#8221; content_placement=&#8221;middle&#8221;][vc_column_inner width=&#8221;2\/3&#8243; offset=&#8221;vc_col-xs-6&#8243; css=&#8221;.vc_custom_1667300251189{margin-left: -45px !important;}&#8221;][vc_column_text]\n<h1><span class=\"h1_blauw_achtergrond\">\u00dcber WINIX<\/span><\/h1>\n[\/vc_column_text][vc_empty_space height=&#8221;22px&#8221;]<a href=\"https:\/\/winixeurope.eu\/de\/shop\/\" class=\"vcex-button theme-button inline grote_knop_paars\"><span class=\"vcex-button-inner theme-button-inner wpex-flex wpex-flex-wrap wpex-items-center wpex-justify-center\">Alle Luftreiniger<\/span><\/a> [\/vc_column_inner][vc_column_inner width=&#8221;1\/3&#8243; offset=&#8221;vc_col-xs-6&#8243;][vc_empty_space height=&#8221;600px&#8221;][\/vc_column_inner][\/vc_row_inner][\/vc_column][\/vc_row][vc_row full_width=&#8221;stretch_row&#8221; content_placement=&#8221;middle&#8221; css=&#8221;.vc_custom_1667980061415{background-image: url(https:\/\/winixeurope.eu\/wp-content\/uploads\/2022\/11\/bg_overons_mobile.png?id=1266) !important;background-position: center !important;background-repeat: no-repeat !important;background-size: cover !important;}&#8221; el_class=&#8221;start_pagina_visual_klasse&#8221; el_id=&#8221;start_pagina_visual_id&#8221;][vc_column offset=&#8221;vc_hidden-lg vc_hidden-md vc_hidden-sm&#8221;][vc_empty_space height=&#8221;350px&#8221;][\/vc_column][\/vc_row][vc_row full_width=&#8221;stretch_row&#8221; content_placement=&#8221;middle&#8221; css=&#8221;.vc_custom_1667905292291{background-position: center !important;background-repeat: no-repeat !important;background-size: cover !important;}&#8221;][vc_column offset=&#8221;vc_hidden-lg vc_hidden-md vc_hidden-sm&#8221; css=&#8221;.vc_custom_1667905387624{margin-bottom: -70px !important;}&#8221;][vc_empty_space height=&#8221;50px&#8221;][vc_column_text]\n<h1 style=\"text-align: left;\"><span class=\"h1_blauw_achtergrond\">\u00dcber WINIX<\/span><\/h1>\n[\/vc_column_text][vc_empty_space height=&#8221;22px&#8221;]<a href=\"https:\/\/winixeurope.eu\/de\/shop\/\" class=\"vcex-button theme-button align-left inline grote_knop_paars\"><span class=\"vcex-button-inner theme-button-inner wpex-flex wpex-flex-wrap wpex-items-center wpex-justify-center\">Alle Luftreiniger<\/span><\/a> [\/vc_column][\/vc_row][vc_row][vc_column][vc_empty_space height=&#8221;110px&#8221;][vc_column_text]<strong>Seit fast 50 Jahren entwickelt und produziert WINIX gesundheitsf\u00f6rdernde Haushaltsger\u00e4te, um saubere Luft und Komfort in Ihre Innenr\u00e4ume zu bringen. Das im Jahre 1973 gegr\u00fcndete s\u00fcdkoreanische Unternehmen WINIX entwickelt, produziert und liefert nachhaltige und innovative L\u00f6sungen f\u00fcr die Luftbehandlung f\u00fcr Ihr Zuhause und B\u00fcro.<\/strong><\/p>\n<p>WINIX bietet eine breite Palette hochwertiger und stilvoller Produkte wie Luftreiniger, Luftbefeuchter, Luftentfeuchter und Wasserk\u00fchler. WINIX-Produkte sind weltweit bekannt f\u00fcr die extrem hohen Qualit\u00e4tsstandards, die in den eigenen Fabriken in S\u00fcdkorea verwendet werden, und daher f\u00fcr ihre hervorragende Qualit\u00e4t, Haltbarkeit und fortschrittliche Technologie in Kombination mit dem \u201eState-of-the-Art\u201c -Design. WINIX-Produkte erf\u00fcllen hohe Qualit\u00e4tsstandards und verf\u00fcgen \u00fcber die wichtigsten Zertifizierungen wie ECARF, Allergy UK, CE, RoHS, T\u00dcV, Energy Star und AHAM.<\/p>\n<p>Von seinem Hauptsitz in Seoul, S\u00fcdkorea, vertreibt WINIX Produkte \u00fcber Vertriebsb\u00fcros in Asien, Amerika und Europa. Das europ\u00e4ische Verkaufsb\u00fcro (WINIX Europe) befindet sich in Amsterdam, den Niederlanden, und verwaltet die europ\u00e4ische Lieferkette \u00fcber zwei Lager, die strategisch g\u00fcnstig in den Niederlanden und im Vereinigten K\u00f6nigreich positioniert sind.[\/vc_column_text][vc_empty_space height=&#8221;80px&#8221;][\/vc_column][\/vc_row][vc_row full_width=&#8221;stretch_row&#8221; css=&#8221;.vc_custom_1667908701261{padding-top: 110px !important;padding-bottom: 110px !important;background-color: #241f56 !important;}&#8221;][vc_column width=&#8221;1\/5&#8243;][\/vc_column][vc_column width=&#8221;3\/5&#8243;][vc_column_text el_class=&#8221;witte_tekst_in_blok&#8221;]\n<h2 style=\"text-align: center; font-family: amithen; font-size: 45px;\"><span style=\"color: #ffffff;\">Unsere Mission<\/span><\/h2>\n[\/vc_column_text][vc_empty_space][vc_column_text el_class=&#8221;witte_tekst_in_blok&#8221;]\n<p style=\"text-align: center;\">Perfekte Produkte zu liefern, die in Bezug auf Innovation, Leistung und Stil \u00fcberzeugen, und Kundenbeziehungen aufzubauen, die auf Integrit\u00e4t, Service und Mitgef\u00fchl basieren.<\/p>\n[\/vc_column_text][vc_empty_space]<figure class=\"vcex-image vcex-module wpex-text-center  wpb_animate_when_almost_visible wpb_bounceIn bounceIn\"><div class=\"vcex-image-inner wpex-relative wpex-inline-block\"><a href=\"https:\/\/player.vimeo.com\/video\/472155478?h=3302e68f8e&#038;dnt=1&#038;app_id=122963\" class=\"wpex-lightbox\" target=\"_blank\" rel=\"noopener\"><img loading=\"lazy\" class=\"vcex-image-img wpex-align-middle\" decoding=\"async\" src=\"https:\/\/winixeurope.eu\/wp-content\/uploads\/2022\/11\/play-90x90.png\" alt=\"Air Purifier-WINIX\" srcset=\"https:\/\/winixeurope.eu\/wp-content\/uploads\/2022\/11\/play-90x90.png 90w, https:\/\/winixeurope.eu\/wp-content\/uploads\/2022\/11\/play-300x300.png 300w, https:\/\/winixeurope.eu\/wp-content\/uploads\/2022\/11\/play-150x150.png 150w, https:\/\/winixeurope.eu\/wp-content\/uploads\/2022\/11\/play-768x768.png 768w, https:\/\/winixeurope.eu\/wp-content\/uploads\/2022\/11\/play-600x600.png 600w, https:\/\/winixeurope.eu\/wp-content\/uploads\/2022\/11\/play-100x100.png 100w, https:\/\/winixeurope.eu\/wp-content\/uploads\/2022\/11\/play-120x120.png 120w, https:\/\/winixeurope.eu\/wp-content\/uploads\/2022\/11\/play.png 800w\" width=\"90\" height=\"90\"><\/a><\/div><\/figure>[\/vc_column][vc_column width=&#8221;1\/5&#8243;][\/vc_column][\/vc_row]\n<\/div>","protected":false},"excerpt":{"rendered":"VersandkostenfreiRegistrieren f\u00fcr 10\u20ac RabattSp\u00e4ter bezahlen mit Klarna1 Jahr zes\u00e4tzliche Garantie Sp\u00e4ter bezahlen mit Klarna Registrieren f\u00fcr 10\u20ac Rabatt Versandkostenfrei 1 Jahr zes\u00e4tzliche Garantie \u00dcber WINIX Alle Luftreiniger \u00dcber WINIX Alle Luftreiniger Seit fast 50 Jahren entwickelt und produziert WINIX gesundheitsf\u00f6rdernde Haushaltsger\u00e4te, um saubere Luft und Komfort in Ihre Innenr\u00e4ume zu bringen. Das im Jahre 1973&hellip;","protected":false},"author":1,"featured_media":0,"parent":0,"menu_order":84,"comment_status":"closed","ping_status":"closed","template":"","meta":{"inline_featured_image":false,"footnotes":""},"class_list":["post-3278","page","type-page","status-publish","hentry","entry","no-media"],"jetpack_sharing_enabled":true,"_links":{"self":[{"href":"https:\/\/winixeurope.eu\/de\/wp-json\/wp\/v2\/pages\/3278","targetHints":{"allow":["GET"]}}],"collection":[{"href":"https:\/\/winixeurope.eu\/de\/wp-json\/wp\/v2\/pages"}],"about":[{"href":"https:\/\/winixeurope.eu\/de\/wp-json\/wp\/v2\/types\/page"}],"author":[{"embeddable":true,"href":"https:\/\/winixeurope.eu\/de\/wp-json\/wp\/v2\/users\/1"}],"replies":[{"embeddable":true,"href":"https:\/\/winixeurope.eu\/de\/wp-json\/wp\/v2\/comments?post=3278"}],"version-history":[{"count":4,"href":"https:\/\/winixeurope.eu\/de\/wp-json\/wp\/v2\/pages\/3278\/revisions"}],"predecessor-version":[{"id":5550,"href":"https:\/\/winixeurope.eu\/de\/wp-json\/wp\/v2\/pages\/3278\/revisions\/5550"}],"wp:attachment":[{"href":"https:\/\/winixeurope.eu\/de\/wp-json\/wp\/v2\/media?parent=3278"}],"curies":[{"name":"wp","href":"https:\/\/api.w.org\/{rel}","templated":true}]}}